{"id":49480,"date":"2025-09-20T14:46:05","date_gmt":"2025-09-20T14:46:05","guid":{"rendered":"https:\/\/www.techcloseoutlet.com\/index.php\/product\/corsair-hs80-rgb-wireless-multiplattform-gaming-headset-dolby-atmos-omnidirektionales-mikrofon-icue-kompatibel-pc-mac-ps5-ps4-carbon\/"},"modified":"2025-09-20T14:46:05","modified_gmt":"2025-09-20T14:46:05","slug":"corsair-hs80-rgb-wireless-multiplattform-gaming-headset-dolby-atmos-omnidirektionales-mikrofon-icue-kompatibel-pc-mac-ps5-ps4-carbon","status":"publish","type":"product","link":"https:\/\/www.techcloseoutlet.com\/index.php\/product\/corsair-hs80-rgb-wireless-multiplattform-gaming-headset-dolby-atmos-omnidirektionales-mikrofon-icue-kompatibel-pc-mac-ps5-ps4-carbon\/?lang=de","title":{"rendered":"CORSAIR HS80 RGB WIRELESS Multiplattform-Gaming-Headset &#8211; Dolby Atmos &#8211; Omnidirektionales Mikrofon &#8211; iCUE-Kompatibel &#8211; PC, Mac, PS5, PS4 &#8211; Carbon"},"content":{"rendered":"<ul class=\"a-unordered-list a-vertical a-spacing-mini\">\n<li class=\"a-spacing-mini\"><span class=\"a-list-item\">Tauchen Sie ein ins Spiel: Das HS80 RGB Wireless vereint das legend\u00e4re CORSAIR-Design, hochwertige Klangqualit\u00e4t, branchenf\u00fchrende Drahtlostechnologie und eine besonders langlebige Verarbeitung<\/span><\/li>\n<li class=\"a-spacing-mini\"><span class=\"a-list-item\">Superschnelle Verbindung mit Slipstream Wireless: Gutes Klangerlebnis mit niedriger Latenz \u2013 h\u00f6ren Sie jeden Schuss, jeden Schritt und jede Anweisung praktisch verz\u00f6gerungsfrei<\/span><\/li>\n<li class=\"a-spacing-mini\"><span class=\"a-list-item\">Immersives Dolby Atmos auf PC: Versetzt Sie mit dreidimensionalem Klang direkt ins Spielgeschehen, damit Sie schneller und pr\u00e4ziser reagieren k\u00f6nnen<\/span><\/li>\n<li class=\"a-spacing-mini\"><span class=\"a-list-item\">Unerreichte Klangvielfalt: Speziell abgestimmte 50-mm-Neodym-Audiotreiber mit einem erweiterten Frequenzbereich von 20 bis 40.000 Hz erfassen jedes Ger\u00e4usch detailgetreu wie nie zuvor<\/span><\/li>\n<li class=\"a-spacing-mini\"><span class=\"a-list-item\">Omnidirektionales Mikrofon in Broadcast-Qualit\u00e4t: Nimmt Ihre Stimme mit hervorragender Klarheit auf und verf\u00fcgt \u00fcber eine aufklappbare Stummschaltfunktion und eine integrierte LED-Stummschaltanzeige<\/span><\/li>\n<\/ul>\n","protected":false},"excerpt":{"rendered":"<p>Tauchen Sie ein ins Spiel: Das HS80 RGB Wireless vereint das legend\u00e4re CORSAIR-Design, hochwertige Klangqualit\u00e4t, branchenf\u00fchrende Drahtlostechnologie und eine besonders langlebige Verarbeitung<br \/>\nSuperschnelle Verbindung mit Slipstream Wireless: Gutes Klangerlebnis mit niedriger Latenz \u2013 h\u00f6ren Sie jeden Schuss, jeden Schritt und jede Anweisung praktisch verz\u00f6gerungsfrei<br \/>\nImmersives Dolby Atmos auf PC: Versetzt Sie mit dreidimensionalem Klang direkt ins Spielgeschehen, damit Sie schneller und pr\u00e4ziser reagieren k\u00f6nnen<br \/>\nUnerreichte Klangvielfalt: Speziell abgestimmte 50-mm-Neodym-Audiotreiber mit einem erweiterten Frequenzbereich von 20 bis 40.000 Hz erfassen jedes Ger\u00e4usch detailgetreu wie nie zuvor<br \/>\nOmnidirektionales Mikrofon in Broadcast-Qualit\u00e4t: Nimmt Ihre Stimme mit hervorragender Klarheit auf und verf\u00fcgt \u00fcber eine aufklappbare Stummschaltfunktion und eine integrierte LED-Stummschaltanzeige<\/p>\n","protected":false},"featured_media":49473,"comment_status":"open","ping_status":"closed","template":"","meta":[],"product_brand":[],"product_cat":[48],"product_tag":[],"woo-feed-brand":[],"class_list":{"0":"post-49480","1":"product","2":"type-product","3":"status-publish","4":"has-post-thumbnail","6":"product_cat-kopfhorer","8":"entry","9":"has-media","11":"first","12":"instock","13":"sale","14":"taxable","15":"shipping-taxable","16":"purchasable","17":"product-type-simple","18":"has-product-nav","19":"col","20":"span_1_of_3","21":"owp-content-center","22":"owp-thumbs-layout-horizontal","23":"owp-btn-normal","24":"owp-tabs-layout-horizontal","25":"has-no-thumbnails"},"exclude_global_add_ons":[],"addons":[],"jetpack_sharing_enabled":true,"_links":{"self":[{"href":"https:\/\/www.techcloseoutlet.com\/index.php\/wp-json\/wp\/v2\/product\/49480","targetHints":{"allow":["GET"]}}],"collection":[{"href":"https:\/\/www.techcloseoutlet.com\/index.php\/wp-json\/wp\/v2\/product"}],"about":[{"href":"https:\/\/www.techcloseoutlet.com\/index.php\/wp-json\/wp\/v2\/types\/product"}],"replies":[{"embeddable":true,"href":"https:\/\/www.techcloseoutlet.com\/index.php\/wp-json\/wp\/v2\/comments?post=49480"}],"wp:featuredmedia":[{"embeddable":true,"href":"https:\/\/www.techcloseoutlet.com\/index.php\/wp-json\/wp\/v2\/media\/49473"}],"wp:attachment":[{"href":"https:\/\/www.techcloseoutlet.com\/index.php\/wp-json\/wp\/v2\/media?parent=49480"}],"wp:term":[{"taxonomy":"product_brand","embeddable":true,"href":"https:\/\/www.techcloseoutlet.com\/index.php\/wp-json\/wp\/v2\/product_brand?post=49480"},{"taxonomy":"product_cat","embeddable":true,"href":"https:\/\/www.techcloseoutlet.com\/index.php\/wp-json\/wp\/v2\/product_cat?post=49480"},{"taxonomy":"product_tag","embeddable":true,"href":"https:\/\/www.techcloseoutlet.com\/index.php\/wp-json\/wp\/v2\/product_tag?post=49480"},{"taxonomy":"woo-feed-brand","embeddable":true,"href":"https:\/\/www.techcloseoutlet.com\/index.php\/wp-json\/wp\/v2\/woo-feed-brand?post=49480"}],"curies":[{"name":"wp","href":"https:\/\/api.w.org\/{rel}","templated":true}]}}