{"id":49479,"date":"2025-09-20T14:44:40","date_gmt":"2025-09-20T14:44:40","guid":{"rendered":"https:\/\/www.techcloseoutlet.com\/index.php\/product\/logitech-g-astro-a50-lightspeed-kabellose-gaming-headset-basisstation-gen-5-pro-g-graphene-3-system-umschaltung-usb-c-fuer-xbox-ps5-pc-mac-oder-nintendo-switch-bluetooth-schwarz\/"},"modified":"2025-09-20T14:44:40","modified_gmt":"2025-09-20T14:44:40","slug":"logitech-g-astro-a50-lightspeed-kabellose-gaming-headset-basisstation-gen-5-pro-g-graphene-3-system-umschaltung-usb-c-fuer-xbox-ps5-pc-mac-oder-nintendo-switch-bluetooth-schwarz","status":"publish","type":"product","link":"https:\/\/www.techcloseoutlet.com\/index.php\/product\/logitech-g-astro-a50-lightspeed-kabellose-gaming-headset-basisstation-gen-5-pro-g-graphene-3-system-umschaltung-usb-c-fuer-xbox-ps5-pc-mac-oder-nintendo-switch-bluetooth-schwarz\/?lang=de","title":{"rendered":"Logitech G Astro A50 LIGHTSPEED kabellose Gaming-Headset + Basisstation (Gen 5), PRO-G GRAPHENE, 3-System-Umschaltung, USB-C f\u00fcr Xbox, PS5, PC\/Mac oder Nintendo Switch, Bluetooth &#8211; Schwarz"},"content":{"rendered":"<ul class=\"a-unordered-list a-vertical a-spacing-mini\">\n<li class=\"a-spacing-mini\"><span class=\"a-list-item\">PLAYSYNC AUDIO 3-Systemumschaltung: Das kabellose Gaming-Headset A50 mit Mikrofon l\u00e4sst sich \u00fcber USB-C mit 3 Plattformen gleichzeitig verbinden, sodass du per On-Ear-Steuerung zwischen Xbox, PS5, PC\/Mac oder Nintendo Switch wechseln kannst<\/span><\/li>\n<li class=\"a-spacing-mini\"><span class=\"a-list-item\">PRO-G GRAPHENE Lautsprecher: Bahnbrechende Klarheit und Reaktion f\u00fcr pr\u00e4zise Audiotrennung, Ortung und Zeitgenauigkeit (40 mm Durchmesser mit Live-Edge-Technologie)<\/span><\/li>\n<li class=\"a-spacing-mini\"><span class=\"a-list-item\">24 Bit LIGHTSPEED kabellos: Dieses kabellose Headset mit Mikrofon bietet unkomprimierten, immersiven Gaming-Sound in Lichtgeschwindigkeit<\/span><\/li>\n<li class=\"a-spacing-mini\"><span class=\"a-list-item\">Mikrofon in Radioqualit\u00e4t: Erlebe maximale Artikulation mit dem 48 kHz Boom-Mikrofon mit voller Bandbreite, das neue Ma\u00dfst\u00e4be bei der Sprachqualit\u00e4t setzt<\/span><\/li>\n<li class=\"a-spacing-mini\"><span class=\"a-list-item\">Bluetooth-Mixing f\u00fcr zwei Ger\u00e4te: Verbinde dich mit deinem mobilen Ger\u00e4t und mische deine Discord-Kommunikation oder Musik mit deinem Spiel-Audio<\/span><\/li>\n<li class=\"a-spacing-mini\"><span class=\"a-list-item\">24 Stunden Spielzeit (bei 78 dB): Die mitgelieferte magnetische Ladestation sorgt daf\u00fcr, dass dein A50 immer aufgeladen und spielbereit ist<\/span><\/li>\n<li class=\"a-spacing-mini\"><span class=\"a-list-item\">7-Kern-DSP: Leistungsstarke Audioverarbeitung f\u00fcr fortschrittliches Game-Sound-Shaping, das an dein Headset gekoppelt bleibt, wenn du zwischen Systemen wechselst<\/span><\/li>\n<li class=\"a-spacing-mini\"><span class=\"a-list-item\">Fortschrittliche Steuerung \u00fcber G HUB und G App Optimiere dein Gaming-Audio mit parametrischem 10-Band-EQ, Mikrofoneinstellungen, Ger\u00e4uschreduzierung, Mixen der Stream-Ausgabe und mehr<\/span><\/li>\n<\/ul>\n","protected":false},"excerpt":{"rendered":"<p>PLAYSYNC AUDIO 3-Systemumschaltung: Das kabellose Gaming-Headset A50 mit Mikrofon l\u00e4sst sich \u00fcber USB-C mit 3 Plattformen gleichzeitig verbinden, sodass du per On-Ear-Steuerung zwischen Xbox, PS5, PC\/Mac oder Nintendo Switch wechseln kannst<br \/>\nPRO-G GRAPHENE Lautsprecher: Bahnbrechende Klarheit und Reaktion f\u00fcr pr\u00e4zise Audiotrennung, Ortung und Zeitgenauigkeit (40 mm Durchmesser mit Live-Edge-Technologie)<br \/>\n24 Bit LIGHTSPEED kabellos: Dieses kabellose Headset mit Mikrofon bietet unkomprimierten, immersiven Gaming-Sound in Lichtgeschwindigkeit<br \/>\nMikrofon in Radioqualit\u00e4t: Erlebe maximale Artikulation mit dem 48 kHz Boom-Mikrofon mit voller Bandbreite, das neue Ma\u00dfst\u00e4be bei der Sprachqualit\u00e4t setzt<br \/>\nBluetooth-Mixing f\u00fcr zwei Ger\u00e4te: Verbinde dich mit deinem mobilen Ger\u00e4t und mische deine Discord-Kommunikation oder Musik mit deinem Spiel-Audio<br \/>\n24 Stunden Spielzeit (bei 78 dB): Die mitgelieferte magnetische Ladestation sorgt daf\u00fcr, dass dein A50 immer aufgeladen und spielbereit ist<br \/>\n7-Kern-DSP: Leistungsstarke Audioverarbeitung f\u00fcr fortschrittliches Game-Sound-Shaping, das an dein Headset gekoppelt bleibt, wenn du zwischen Systemen wechselst<br \/>\nFortschrittliche Steuerung \u00fcber G HUB und G App Optimiere dein Gaming-Audio mit parametrischem 10-Band-EQ, Mikrofoneinstellungen, Ger\u00e4uschreduzierung, Mixen der Stream-Ausgabe und mehr<\/p>\n","protected":false},"featured_media":49477,"comment_status":"open","ping_status":"closed","template":"","meta":[],"product_brand":[],"product_cat":[48],"product_tag":[],"woo-feed-brand":[],"class_list":{"0":"post-49479","1":"product","2":"type-product","3":"status-publish","4":"has-post-thumbnail","6":"product_cat-kopfhorer","8":"entry","9":"has-media","11":"first","12":"instock","13":"sale","14":"taxable","15":"shipping-taxable","16":"purchasable","17":"product-type-simple","18":"has-product-nav","19":"col","20":"span_1_of_3","21":"owp-content-center","22":"owp-thumbs-layout-horizontal","23":"owp-btn-normal","24":"owp-tabs-layout-horizontal","25":"has-no-thumbnails"},"exclude_global_add_ons":[],"addons":[],"jetpack_sharing_enabled":true,"_links":{"self":[{"href":"https:\/\/www.techcloseoutlet.com\/index.php\/wp-json\/wp\/v2\/product\/49479","targetHints":{"allow":["GET"]}}],"collection":[{"href":"https:\/\/www.techcloseoutlet.com\/index.php\/wp-json\/wp\/v2\/product"}],"about":[{"href":"https:\/\/www.techcloseoutlet.com\/index.php\/wp-json\/wp\/v2\/types\/product"}],"replies":[{"embeddable":true,"href":"https:\/\/www.techcloseoutlet.com\/index.php\/wp-json\/wp\/v2\/comments?post=49479"}],"wp:featuredmedia":[{"embeddable":true,"href":"https:\/\/www.techcloseoutlet.com\/index.php\/wp-json\/wp\/v2\/media\/49477"}],"wp:attachment":[{"href":"https:\/\/www.techcloseoutlet.com\/index.php\/wp-json\/wp\/v2\/media?parent=49479"}],"wp:term":[{"taxonomy":"product_brand","embeddable":true,"href":"https:\/\/www.techcloseoutlet.com\/index.php\/wp-json\/wp\/v2\/product_brand?post=49479"},{"taxonomy":"product_cat","embeddable":true,"href":"https:\/\/www.techcloseoutlet.com\/index.php\/wp-json\/wp\/v2\/product_cat?post=49479"},{"taxonomy":"product_tag","embeddable":true,"href":"https:\/\/www.techcloseoutlet.com\/index.php\/wp-json\/wp\/v2\/product_tag?post=49479"},{"taxonomy":"woo-feed-brand","embeddable":true,"href":"https:\/\/www.techcloseoutlet.com\/index.php\/wp-json\/wp\/v2\/woo-feed-brand?post=49479"}],"curies":[{"name":"wp","href":"https:\/\/api.w.org\/{rel}","templated":true}]}}