{"id":45283,"date":"2025-05-07T10:56:58","date_gmt":"2025-05-07T10:56:58","guid":{"rendered":"https:\/\/www.techcloseoutlet.com\/index.php\/product\/pdp-victrix-pro-bfg-kabelloser-gaming-controller-fuer-xbox-series-xs-xbox-one-windows-10-11-modulares-gamepad-dolby-atmos-audio-neu-belegbare-tasten-anpassbare-trigger-paddles-d-pad-pc-app-sc\/"},"modified":"2025-05-07T10:56:58","modified_gmt":"2025-05-07T10:56:58","slug":"pdp-victrix-pro-bfg-kabelloser-gaming-controller-fuer-xbox-series-xs-xbox-one-windows-10-11-modulares-gamepad-dolby-atmos-audio-neu-belegbare-tasten-anpassbare-trigger-paddles-d-pad-pc-app-sc","status":"publish","type":"product","link":"https:\/\/www.techcloseoutlet.com\/index.php\/product\/pdp-victrix-pro-bfg-kabelloser-gaming-controller-fuer-xbox-series-xs-xbox-one-windows-10-11-modulares-gamepad-dolby-atmos-audio-neu-belegbare-tasten-anpassbare-trigger-paddles-d-pad-pc-app-sc\/?lang=de","title":{"rendered":"PDP Victrix Pro BFG Kabelloser Gaming-Controller f\u00fcr Xbox Series X|S, Xbox One, Windows 10\/11, modulares Gamepad, Dolby Atmos Audio, neu belegbare Tasten, anpassbare Trigger\/Paddles\/D-Pad, PC-App, Schwarz (erneuert)"},"content":{"rendered":"<p>Spielen Sie kabellos auf der Konsole mit dem USB-Dongle, verbinden Sie sich per Bluetooth mit kompatiblen Ger\u00e4ten oder nutzen Sie das mitgelieferte Kabel, um den Controller f\u00fcr Turnierspiele und noch schnellere Eingaben anzuschlie\u00dfen.<br \/>\nModulares Design f\u00fcr individuelle Konfiguration mit umkehrbarem linken Modul, Standard-rechtem Modul, 6-Tasten-Fight-Pad-Modul, 4 austauschbaren Sticks, 3 verschiedenen D-Pads und 4 Gates.<br \/>\nAudio mit geringer Latenz und integriertem Dolby Atmos mit lebenslangem Abonnement f\u00fcr r\u00e4umlichen Surround-Sound beim Spielen.<br \/>\nPatentierte Clutch Trigger mit 5 Trigger-Stopps und Hair-Trigger-Modus, 4 belegbaren Zur\u00fcck-Tasten und noch mehr Anpassungsm\u00f6glichkeiten mit der kostenlosen Victrix Control Hub App.<br \/>\nOffiziell lizenziert von Microsoft Xbox<\/p>\n","protected":false},"excerpt":{"rendered":"<p>Spielen Sie kabellos auf der Konsole mit dem USB-Dongle, verbinden Sie sich per Bluetooth mit kompatiblen Ger\u00e4ten oder nutzen Sie das mitgelieferte Kabel, um den Controller f\u00fcr Turnierspiele und noch schnellere Eingaben anzuschlie\u00dfen.<br \/>\nModulares Design f\u00fcr individuelle Konfiguration mit umkehrbarem linken Modul, Standard-rechtem Modul, 6-Tasten-Fight-Pad-Modul, 4 austauschbaren Sticks, 3 verschiedenen D-Pads und 4 Gates.<br \/>\nAudio mit geringer Latenz und integriertem Dolby Atmos mit lebenslangem Abonnement f\u00fcr r\u00e4umlichen Surround-Sound beim Spielen.<br \/>\nPatentierte Clutch Trigger mit 5 Trigger-Stopps und Hair-Trigger-Modus, 4 belegbaren Zur\u00fcck-Tasten und noch mehr Anpassungsm\u00f6glichkeiten mit der kostenlosen Victrix Control Hub App.<br \/>\nOffiziell lizenziert von Microsoft Xbox<\/p>\n","protected":false},"featured_media":30026,"comment_status":"open","ping_status":"closed","template":"","meta":[],"product_brand":[],"product_cat":[28],"product_tag":[],"woo-feed-brand":[],"class_list":{"0":"post-45283","1":"product","2":"type-product","3":"status-publish","4":"has-post-thumbnail","6":"product_cat-xbox-konsolen","8":"entry","9":"has-media","11":"first","12":"instock","13":"sale","14":"taxable","15":"shipping-taxable","16":"purchasable","17":"product-type-simple","18":"has-product-nav","19":"col","20":"span_1_of_3","21":"owp-content-center","22":"owp-thumbs-layout-horizontal","23":"owp-btn-normal","24":"owp-tabs-layout-horizontal","25":"has-no-thumbnails"},"exclude_global_add_ons":[],"addons":[],"jetpack_sharing_enabled":true,"_links":{"self":[{"href":"https:\/\/www.techcloseoutlet.com\/index.php\/wp-json\/wp\/v2\/product\/45283","targetHints":{"allow":["GET"]}}],"collection":[{"href":"https:\/\/www.techcloseoutlet.com\/index.php\/wp-json\/wp\/v2\/product"}],"about":[{"href":"https:\/\/www.techcloseoutlet.com\/index.php\/wp-json\/wp\/v2\/types\/product"}],"replies":[{"embeddable":true,"href":"https:\/\/www.techcloseoutlet.com\/index.php\/wp-json\/wp\/v2\/comments?post=45283"}],"wp:featuredmedia":[{"embeddable":true,"href":"https:\/\/www.techcloseoutlet.com\/index.php\/wp-json\/wp\/v2\/media\/30026"}],"wp:attachment":[{"href":"https:\/\/www.techcloseoutlet.com\/index.php\/wp-json\/wp\/v2\/media?parent=45283"}],"wp:term":[{"taxonomy":"product_brand","embeddable":true,"href":"https:\/\/www.techcloseoutlet.com\/index.php\/wp-json\/wp\/v2\/product_brand?post=45283"},{"taxonomy":"product_cat","embeddable":true,"href":"https:\/\/www.techcloseoutlet.com\/index.php\/wp-json\/wp\/v2\/product_cat?post=45283"},{"taxonomy":"product_tag","embeddable":true,"href":"https:\/\/www.techcloseoutlet.com\/index.php\/wp-json\/wp\/v2\/product_tag?post=45283"},{"taxonomy":"woo-feed-brand","embeddable":true,"href":"https:\/\/www.techcloseoutlet.com\/index.php\/wp-json\/wp\/v2\/woo-feed-brand?post=45283"}],"curies":[{"name":"wp","href":"https:\/\/api.w.org\/{rel}","templated":true}]}}