{"id":30502,"date":"2024-09-09T03:01:58","date_gmt":"2024-09-09T03:01:58","guid":{"rendered":"https:\/\/www.techcloseoutlet.com\/index.php\/product\/sonderanfertigung-playstation-dualsense-wireless-controller-marvels-spider-man-2-limited-edition\/"},"modified":"2024-09-09T03:10:25","modified_gmt":"2024-09-09T03:10:25","slug":"sonderanfertigung-playstation-dualsense-wireless-controller-marvels-spider-man-2-limited-edition","status":"publish","type":"product","link":"https:\/\/www.techcloseoutlet.com\/index.php\/product\/sonderanfertigung-playstation-dualsense-wireless-controller-marvels-spider-man-2-limited-edition\/?lang=de","title":{"rendered":"Sonderanfertigung PlayStation DualSense Wireless-Controller \u2013 Marvel\u2019s Spider-Man 2 Limited Edition"},"content":{"rendered":"<p><strong>DOMINIERE DEIN SPIEL:<\/strong><br \/>\nBring deine Gaming-Sessions auf das n\u00e4chste Level mit dem Custom Controller Marvel\u2019s Spider-Man 2 Limited Edition Wireless Controller \u2013 die ultimative Erg\u00e4nzung f\u00fcr dein PS5- oder PC-Setup.<\/p>\n<p><strong>ECHTHEIT:<\/strong><br \/>\nCustom Controller verwendet ausschlie\u00dflich neue, authentische Controller, um unsere einzigartigen Custom-Controller zu erstellen. Zus\u00e4tzlich bietet Custom Controller branchenf\u00fchrenden Kundenservice f\u00fcr alle Fragen, die du nach Erhalt deines personalisierten Controllers haben k\u00f6nntest.<\/p>\n<p><strong>M\u00dcHELOSE EINRICHTUNG:<\/strong><br \/>\nUnsere Custom-Controller sind f\u00fcr maximalen Komfort ausgelegt und sofort einsatzbereit. Einfach den Controller mit deiner Konsole synchronisieren und in wenigen Augenblicken hast du den am besten designten Custom-Controller in den H\u00e4nden.<\/p>\n<p><strong>IMMERSIVE CONTROLLER-FEATURES:<\/strong><br \/>\nErlebe Gaming wie nie zuvor mit unserem Custom Controller, der haptisches Feedback, adaptive Trigger sowie ein integriertes Mikrofon und einen Headset-Anschluss f\u00fcr nahtlose Kommunikation mit Freunden und anderen Gamern bietet.<\/p>\n<p><strong>ZUVERL\u00c4SSIGE GARANTIE:<\/strong><br \/>\nMit \u00fcber zehn Jahren Erfahrung in der Controller-Modifikationsbranche garantiert Custom Controller Kundenzufriedenheit. Jeder Controller wird mit einer standardm\u00e4\u00dfigen 90-t\u00e4gigen Garantie geliefert, die alles au\u00dfer Unf\u00e4lle oder physische Sch\u00e4den am Controller abdeckt. Vertraue auf unser Engagement f\u00fcr Qualit\u00e4t und Service.<\/p>\n","protected":false},"excerpt":{"rendered":"<p>DOMINIERE DEIN SPIEL:<br \/>\nBring deine Gaming-Sessions auf das n\u00e4chste Level mit dem Custom Controller Marvel\u2019s Spider-Man 2 Limited Edition Wireless Controller \u2013 die ultimative Erg\u00e4nzung f\u00fcr dein PS5- oder PC-Setup.<\/p>\n<p>ECHTHEIT:<br \/>\nCustom Controller verwendet ausschlie\u00dflich neue, authentische Controller, um unsere einzigartigen Custom-Controller zu erstellen. Zus\u00e4tzlich bietet Custom Controller branchenf\u00fchrenden Kundenservice f\u00fcr alle Fragen, die du nach Erhalt deines personalisierten Controllers haben k\u00f6nntest.<\/p>\n<p>M\u00dcHELOSE EINRICHTUNG:<br \/>\nUnsere Custom-Controller sind f\u00fcr maximalen Komfort ausgelegt und sofort einsatzbereit. Einfach den Controller mit deiner Konsole synchronisieren und in wenigen Augenblicken hast du den am besten designten Custom-Controller in den H\u00e4nden.<\/p>\n<p>IMMERSIVE CONTROLLER-FEATURES:<br \/>\nErlebe Gaming wie nie zuvor mit unserem Custom Controller, der haptisches Feedback, adaptive Trigger sowie ein integriertes Mikrofon und einen Headset-Anschluss f\u00fcr nahtlose Kommunikation mit Freunden und anderen Gamern bietet.<\/p>\n<p>ZUVERL\u00c4SSIGE GARANTIE:<br \/>\nMit \u00fcber zehn Jahren Erfahrung in der Controller-Modifikationsbranche garantiert Custom Controller Kundenzufriedenheit. Jeder Controller wird mit einer standardm\u00e4\u00dfigen 90-t\u00e4gigen Garantie geliefert, die alles au\u00dfer Unf\u00e4lle oder physische Sch\u00e4den am Controller abdeckt. Vertraue auf unser Engagement f\u00fcr Qualit\u00e4t und Service.<\/p>\n","protected":false},"featured_media":30500,"comment_status":"open","ping_status":"closed","template":"","meta":[],"product_brand":[],"product_cat":[27],"product_tag":[],"woo-feed-brand":[],"class_list":{"0":"post-30502","1":"product","2":"type-product","3":"status-publish","4":"has-post-thumbnail","6":"product_cat-playstation-konsolen","8":"entry","9":"has-media","11":"first","12":"instock","13":"sale","14":"taxable","15":"shipping-taxable","16":"purchasable","17":"product-type-simple","18":"has-product-nav","19":"col","20":"span_1_of_3","21":"owp-content-center","22":"owp-thumbs-layout-horizontal","23":"owp-btn-normal","24":"owp-tabs-layout-horizontal","25":"has-no-thumbnails"},"exclude_global_add_ons":[],"addons":[],"jetpack_sharing_enabled":true,"_links":{"self":[{"href":"https:\/\/www.techcloseoutlet.com\/index.php\/wp-json\/wp\/v2\/product\/30502","targetHints":{"allow":["GET"]}}],"collection":[{"href":"https:\/\/www.techcloseoutlet.com\/index.php\/wp-json\/wp\/v2\/product"}],"about":[{"href":"https:\/\/www.techcloseoutlet.com\/index.php\/wp-json\/wp\/v2\/types\/product"}],"replies":[{"embeddable":true,"href":"https:\/\/www.techcloseoutlet.com\/index.php\/wp-json\/wp\/v2\/comments?post=30502"}],"wp:featuredmedia":[{"embeddable":true,"href":"https:\/\/www.techcloseoutlet.com\/index.php\/wp-json\/wp\/v2\/media\/30500"}],"wp:attachment":[{"href":"https:\/\/www.techcloseoutlet.com\/index.php\/wp-json\/wp\/v2\/media?parent=30502"}],"wp:term":[{"taxonomy":"product_brand","embeddable":true,"href":"https:\/\/www.techcloseoutlet.com\/index.php\/wp-json\/wp\/v2\/product_brand?post=30502"},{"taxonomy":"product_cat","embeddable":true,"href":"https:\/\/www.techcloseoutlet.com\/index.php\/wp-json\/wp\/v2\/product_cat?post=30502"},{"taxonomy":"product_tag","embeddable":true,"href":"https:\/\/www.techcloseoutlet.com\/index.php\/wp-json\/wp\/v2\/product_tag?post=30502"},{"taxonomy":"woo-feed-brand","embeddable":true,"href":"https:\/\/www.techcloseoutlet.com\/index.php\/wp-json\/wp\/v2\/woo-feed-brand?post=30502"}],"curies":[{"name":"wp","href":"https:\/\/api.w.org\/{rel}","templated":true}]}}