{"id":30354,"date":"2024-09-06T02:44:11","date_gmt":"2024-09-06T02:44:11","guid":{"rendered":"https:\/\/www.techcloseoutlet.com\/index.php\/product\/custom-designs-controller-voor-ps5-playstation-dualsense-wireless-chrome-goud\/"},"modified":"2024-09-15T02:11:20","modified_gmt":"2024-09-15T02:11:20","slug":"custom-designs-controller-voor-ps5-playstation-dualsense-wireless-chrome-goud","status":"publish","type":"product","link":"https:\/\/www.techcloseoutlet.com\/index.php\/product\/custom-designs-controller-voor-ps5-playstation-dualsense-wireless-chrome-goud\/?lang=de","title":{"rendered":"Custom Designs Controller f\u00fcr PS5 Playstation DualSense Wireless Chrome Gold"},"content":{"rendered":"<p>Kundenspezifische Designs in Premiumqualit\u00e4t: Tauchen Sie mit unseren kundenspezifischen Controllern f\u00fcr PS5 in eine Welt des personalisierten Gamings ein und pr\u00e4sentieren Sie eine Vielzahl von Designs, die Ihr Gaming-Erlebnis zum Leben erwecken. Unsere Controller sind mit hochwertigen Geh\u00e4usen gefertigt, die nicht nur eine einzigartige \u00c4sthetik, sondern auch \u00fcberragende Haltbarkeit und Komfort f\u00fcr l\u00e4ngere Gaming-Sessions gew\u00e4hrleisten.<br \/>\nOriginal-OEM-Komponenten f\u00fcr un\u00fcbertroffene Zuverl\u00e4ssigkeit: Erleben Sie die Zuverl\u00e4ssigkeit unserer kundenspezifischen Controller f\u00fcr Playstation 5, die aus OEM-Original-Controllerteilen hergestellt werden. Dies stellt sicher, dass jedes kundenspezifische Controllermodell f\u00fcr PS5 die gleiche zuverl\u00e4ssige Leistung und Kompatibilit\u00e4t wie die offiziellen Controller bietet, erg\u00e4nzt durch einen Hauch von pers\u00f6nlichem Flair.<br \/>\nEinzigartige Anpassungsoptionen: Heben Sie sich mit unserem kundenspezifischen Controller f\u00fcr PlayStation 5 ab und bieten Sie eine gro\u00dfe Auswahl an Designs, die zu Ihrem Stil passen. W\u00e4hlen Sie aus einer umfangreichen Sammlung von Farben, Mustern und exklusiven Themen, um Ihr Gaming-Setup mit einem kundenspezifischen Controller f\u00fcr PS5 zu personalisieren, der Ihre Pers\u00f6nlichkeit widerspiegelt.<br \/>\nFOKUS AUF QUALIT\u00c4T: Unsere kundenspezifisch modifizierten Controller f\u00fcr PS5 werden mit Fokus auf Qualit\u00e4t hergestellt und von professionellen Technikern zusammengebaut, die jahrelange Erfahrung in ihre Arbeit einbringen. Wir implementieren f\u00fcr jeden individuell modifizierten ModdedZone-Controller einen strengen dreistufigen Qualit\u00e4tskontrollprozess, um h\u00f6chste Standards zu gew\u00e4hrleisten. Jeder Controller wird mit den neuesten FPS-Spielen getestet, um unseren Kunden optimale Leistung und Zuverl\u00e4ssigkeit zu garantieren.<br \/>\nAUTHENTISCHES PRODUKT: Wir verwenden ausschlie\u00dflich Authnetic-Controller als Grundlage f\u00fcr unsere individuell modifizierten Controller und f\u00fcr jeden Controller gilt eine 90-t\u00e4gige Garantie auf Herstellungsfehler. Unser Engagement f\u00fcr Ihre Zufriedenheit erstreckt sich \u00fcber die gesamte Garantiezeit, da wir uns der L\u00f6sung aller Probleme widmen, die bei Ihrem Kauf auftreten k\u00f6nnen, und so ein reibungsloses und zufriedenstellendes Erlebnis gew\u00e4hrleisten.<\/p>\n","protected":false},"excerpt":{"rendered":"<p>Kundenspezifische Designs in Premiumqualit\u00e4t: Tauchen Sie mit unseren kundenspezifischen Controllern f\u00fcr PS5 in eine Welt des personalisierten Gamings ein und pr\u00e4sentieren Sie eine Vielzahl von Designs, die Ihr Gaming-Erlebnis zum Leben erwecken. Unsere Controller sind mit hochwertigen Geh\u00e4usen gefertigt, die nicht nur eine einzigartige \u00c4sthetik, sondern auch \u00fcberragende Haltbarkeit und Komfort f\u00fcr l\u00e4ngere Gaming-Sessions gew\u00e4hrleisten.<br \/>\nOriginal-OEM-Komponenten f\u00fcr un\u00fcbertroffene Zuverl\u00e4ssigkeit: Erleben Sie die Zuverl\u00e4ssigkeit unserer kundenspezifischen Controller f\u00fcr Playstation 5, die aus OEM-Original-Controllerteilen hergestellt werden. Dies stellt sicher, dass jedes kundenspezifische Controllermodell f\u00fcr PS5 die gleiche zuverl\u00e4ssige Leistung und Kompatibilit\u00e4t wie die offiziellen Controller bietet, erg\u00e4nzt durch einen Hauch von pers\u00f6nlichem Flair.<br \/>\nEinzigartige Anpassungsoptionen: Heben Sie sich mit unserem kundenspezifischen Controller f\u00fcr PlayStation 5 ab und bieten Sie eine gro\u00dfe Auswahl an Designs, die zu Ihrem Stil passen. W\u00e4hlen Sie aus einer umfangreichen Sammlung von Farben, Mustern und exklusiven Themen, um Ihr Gaming-Setup mit einem kundenspezifischen Controller f\u00fcr PS5 zu personalisieren, der Ihre Pers\u00f6nlichkeit widerspiegelt.<br \/>\nFOKUS AUF QUALIT\u00c4T: Unsere kundenspezifisch modifizierten Controller f\u00fcr PS5 werden mit Fokus auf Qualit\u00e4t hergestellt und von professionellen Technikern zusammengebaut, die jahrelange Erfahrung in ihre Arbeit einbringen. Wir implementieren f\u00fcr jeden individuell modifizierten ModdedZone-Controller einen strengen dreistufigen Qualit\u00e4tskontrollprozess, um h\u00f6chste Standards zu gew\u00e4hrleisten. Jeder Controller wird mit den neuesten FPS-Spielen getestet, um unseren Kunden optimale Leistung und Zuverl\u00e4ssigkeit zu garantieren.<br \/>\nAUTHENTISCHES PRODUKT: Wir verwenden ausschlie\u00dflich Authnetic-Controller als Grundlage f\u00fcr unsere individuell modifizierten Controller und f\u00fcr jeden Controller gilt eine 90-t\u00e4gige Garantie auf Herstellungsfehler. Unser Engagement f\u00fcr Ihre Zufriedenheit erstreckt sich \u00fcber die gesamte Garantiezeit, da wir uns der L\u00f6sung aller Probleme widmen, die bei Ihrem Kauf auftreten k\u00f6nnen, und so ein reibungsloses und zufriedenstellendes Erlebnis gew\u00e4hrleisten.<\/p>\n","protected":false},"featured_media":27435,"comment_status":"open","ping_status":"closed","template":"","meta":[],"product_brand":[],"product_cat":[],"product_tag":[],"woo-feed-brand":[],"class_list":{"0":"post-30354","1":"product","2":"type-product","3":"status-publish","4":"has-post-thumbnail","7":"entry","8":"has-media","10":"first","11":"instock","12":"sale","13":"taxable","14":"shipping-taxable","15":"purchasable","16":"product-type-simple","17":"has-product-nav","18":"col","19":"span_1_of_3","20":"owp-content-center","21":"owp-thumbs-layout-horizontal","22":"owp-btn-normal","23":"owp-tabs-layout-horizontal","24":"has-no-thumbnails"},"exclude_global_add_ons":[],"addons":[],"jetpack_sharing_enabled":true,"_links":{"self":[{"href":"https:\/\/www.techcloseoutlet.com\/index.php\/wp-json\/wp\/v2\/product\/30354","targetHints":{"allow":["GET"]}}],"collection":[{"href":"https:\/\/www.techcloseoutlet.com\/index.php\/wp-json\/wp\/v2\/product"}],"about":[{"href":"https:\/\/www.techcloseoutlet.com\/index.php\/wp-json\/wp\/v2\/types\/product"}],"replies":[{"embeddable":true,"href":"https:\/\/www.techcloseoutlet.com\/index.php\/wp-json\/wp\/v2\/comments?post=30354"}],"wp:featuredmedia":[{"embeddable":true,"href":"https:\/\/www.techcloseoutlet.com\/index.php\/wp-json\/wp\/v2\/media\/27435"}],"wp:attachment":[{"href":"https:\/\/www.techcloseoutlet.com\/index.php\/wp-json\/wp\/v2\/media?parent=30354"}],"wp:term":[{"taxonomy":"product_brand","embeddable":true,"href":"https:\/\/www.techcloseoutlet.com\/index.php\/wp-json\/wp\/v2\/product_brand?post=30354"},{"taxonomy":"product_cat","embeddable":true,"href":"https:\/\/www.techcloseoutlet.com\/index.php\/wp-json\/wp\/v2\/product_cat?post=30354"},{"taxonomy":"product_tag","embeddable":true,"href":"https:\/\/www.techcloseoutlet.com\/index.php\/wp-json\/wp\/v2\/product_tag?post=30354"},{"taxonomy":"woo-feed-brand","embeddable":true,"href":"https:\/\/www.techcloseoutlet.com\/index.php\/wp-json\/wp\/v2\/woo-feed-brand?post=30354"}],"curies":[{"name":"wp","href":"https:\/\/api.w.org\/{rel}","templated":true}]}}