{"id":27650,"date":"2024-07-02T15:09:49","date_gmt":"2024-07-02T15:09:49","guid":{"rendered":"https:\/\/www.techcloseoutlet.com\/index.php\/product\/controller-wireless-originale-personalizzato-per-xbox-serie-x-s-the-witcher-3\/"},"modified":"2024-07-02T15:09:49","modified_gmt":"2024-07-02T15:09:49","slug":"controller-wireless-originale-personalizzato-per-xbox-serie-x-s-the-witcher-3","status":"publish","type":"product","link":"https:\/\/www.techcloseoutlet.com\/index.php\/product\/controller-wireless-originale-personalizzato-per-xbox-serie-x-s-the-witcher-3\/?lang=it","title":{"rendered":"Controller wireless originale personalizzato per Xbox serie X\/S The Witcher 3"},"content":{"rendered":"<p>\ud83c\udfae Presentiamo il controller personalizzato modificato, un accessorio di gioco su misura progettato esclusivamente per Xbox One S\/X. Migliora i tuoi incontri di gioco con prestazioni, stile e personalizzazione senza precedenti che miglioreranno senza dubbio il tuo gameplay.<br \/>\n\ud83c\udfae Personalizzazione distintiva: modella il tuo controller per rispecchiare la tua identit\u00e0 di gioco distinta. Scegli tra un&#8217;ampia selezione di design accattivanti, colori vivaci e motivi sorprendenti per creare un controller autenticamente tuo. Le nostre opzioni di personalizzazione avanzate garantiscono un look personalizzato che risalta sullo schermo e anche fuori.<br \/>\n\ud83c\udfaeErgonomia eccezionale: progettato con cura per sessioni di gioco prolungate, il controller personalizzato modificato d\u00e0 priorit\u00e0 al comfort. La sua forma ergonomica si adatta comodamente alle tue mani, diminuendo l&#8217;affaticamento durante le sessioni di gioco prolungate. I pulsanti reattivi e le impugnature testurizzate garantiscono un controllo preciso, mentre le levette analogiche fluide e reattive offrono movimenti fluidi.<br \/>\n\ud83c\udfae Aumenta il tuo coinvolgimento nel gioco e fai una dichiarazione distintiva con il controller personalizzato modificato per Xbox One S\/X. Scatena tutto il tuo potenziale di gioco dimostrando il tuo stile con un controller che si allinea perfettamente alla tua unicit\u00e0. Aggiorna oggi stesso la tua configurazione di gioco e assapora un&#8217;esperienza di gioco senza precedenti.<br \/>\n\ud83c\udfae Qualit\u00e0 affidabile: in Modded la qualit\u00e0 \u00e8 fondamentale. I nostri controller sono sottoposti a test rigorosi per garantirne la durata e la longevit\u00e0. Supportato dalla nostra dedizione all&#8217;eccellenza, questo controller \u00e8 costruito per resistere alle esigenze di intense sessioni di gioco, offrendo un&#8217;affidabilit\u00e0 costante.<br \/>\n\u2705 La confezione contiene: controller originale con skin personalizzata, istruzioni del controller.<\/p>\n","protected":false},"excerpt":{"rendered":"<p>\ud83c\udfae Presentiamo il controller personalizzato modificato, un accessorio di gioco su misura progettato esclusivamente per Xbox One S\/X. Migliora i tuoi incontri di gioco con prestazioni, stile e personalizzazione senza precedenti che miglioreranno senza dubbio il tuo gameplay.<br \/>\n\ud83c\udfae Personalizzazione distintiva: modella il tuo controller per rispecchiare la tua identit\u00e0 di gioco distinta. Scegli tra un&#8217;ampia selezione di design accattivanti, colori vivaci e motivi sorprendenti per creare un controller autenticamente tuo. Le nostre opzioni di personalizzazione avanzate garantiscono un look personalizzato che risalta sullo schermo e anche fuori.<br \/>\n\ud83c\udfaeErgonomia eccezionale: progettato con cura per sessioni di gioco prolungate, il controller personalizzato modificato d\u00e0 priorit\u00e0 al comfort. La sua forma ergonomica si adatta comodamente alle tue mani, diminuendo l&#8217;affaticamento durante le sessioni di gioco prolungate. I pulsanti reattivi e le impugnature testurizzate garantiscono un controllo preciso, mentre le levette analogiche fluide e reattive offrono movimenti fluidi.<br \/>\n\ud83c\udfae Aumenta il tuo coinvolgimento nel gioco e fai una dichiarazione distintiva con il controller personalizzato modificato per Xbox One S\/X. Scatena tutto il tuo potenziale di gioco dimostrando il tuo stile con un controller che si allinea perfettamente alla tua unicit\u00e0. Aggiorna oggi stesso la tua configurazione di gioco e assapora un&#8217;esperienza di gioco senza precedenti.<br \/>\n\ud83c\udfae Qualit\u00e0 affidabile: in Modded la qualit\u00e0 \u00e8 fondamentale. I nostri controller sono sottoposti a test rigorosi per garantirne la durata e la longevit\u00e0. Supportato dalla nostra dedizione all&#8217;eccellenza, questo controller \u00e8 costruito per resistere alle esigenze di intense sessioni di gioco, offrendo un&#8217;affidabilit\u00e0 costante.<br \/>\n\u2705 La confezione contiene: controller originale con skin personalizzata, istruzioni del controller.<\/p>\n","protected":false},"featured_media":27632,"comment_status":"open","ping_status":"closed","template":"","meta":[],"product_brand":[],"product_cat":[44],"product_tag":[],"woo-feed-brand":[],"class_list":{"0":"post-27650","1":"product","2":"type-product","3":"status-publish","4":"has-post-thumbnail","6":"product_cat-xbox-consoles-it","8":"entry","9":"has-media","11":"first","12":"instock","13":"sale","14":"taxable","15":"shipping-taxable","16":"purchasable","17":"product-type-simple","18":"has-product-nav","19":"col","20":"span_1_of_3","21":"owp-content-center","22":"owp-thumbs-layout-horizontal","23":"owp-btn-normal","24":"owp-tabs-layout-horizontal","25":"has-no-thumbnails"},"exclude_global_add_ons":[],"addons":[],"jetpack_sharing_enabled":true,"_links":{"self":[{"href":"https:\/\/www.techcloseoutlet.com\/index.php\/wp-json\/wp\/v2\/product\/27650","targetHints":{"allow":["GET"]}}],"collection":[{"href":"https:\/\/www.techcloseoutlet.com\/index.php\/wp-json\/wp\/v2\/product"}],"about":[{"href":"https:\/\/www.techcloseoutlet.com\/index.php\/wp-json\/wp\/v2\/types\/product"}],"replies":[{"embeddable":true,"href":"https:\/\/www.techcloseoutlet.com\/index.php\/wp-json\/wp\/v2\/comments?post=27650"}],"wp:featuredmedia":[{"embeddable":true,"href":"https:\/\/www.techcloseoutlet.com\/index.php\/wp-json\/wp\/v2\/media\/27632"}],"wp:attachment":[{"href":"https:\/\/www.techcloseoutlet.com\/index.php\/wp-json\/wp\/v2\/media?parent=27650"}],"wp:term":[{"taxonomy":"product_brand","embeddable":true,"href":"https:\/\/www.techcloseoutlet.com\/index.php\/wp-json\/wp\/v2\/product_brand?post=27650"},{"taxonomy":"product_cat","embeddable":true,"href":"https:\/\/www.techcloseoutlet.com\/index.php\/wp-json\/wp\/v2\/product_cat?post=27650"},{"taxonomy":"product_tag","embeddable":true,"href":"https:\/\/www.techcloseoutlet.com\/index.php\/wp-json\/wp\/v2\/product_tag?post=27650"},{"taxonomy":"woo-feed-brand","embeddable":true,"href":"https:\/\/www.techcloseoutlet.com\/index.php\/wp-json\/wp\/v2\/woo-feed-brand?post=27650"}],"curies":[{"name":"wp","href":"https:\/\/api.w.org\/{rel}","templated":true}]}}