{"id":27613,"date":"2024-07-02T15:04:37","date_gmt":"2024-07-02T15:04:37","guid":{"rendered":"https:\/\/www.techcloseoutlet.com\/index.php\/product\/controller-xbox-personalizzato-nero-spider-man-wireless-compatibile-con-xbox-one-x-box-serie-x-s\/"},"modified":"2024-07-02T15:04:37","modified_gmt":"2024-07-02T15:04:37","slug":"controller-xbox-personalizzato-nero-spider-man-wireless-compatibile-con-xbox-one-x-box-serie-x-s","status":"publish","type":"product","link":"https:\/\/www.techcloseoutlet.com\/index.php\/product\/controller-xbox-personalizzato-nero-spider-man-wireless-compatibile-con-xbox-one-x-box-serie-x-s\/?lang=it","title":{"rendered":"Controller XBox personalizzato nero Spider-Man wireless compatibile con XBox One\/X-Box serie X\/S"},"content":{"rendered":"<p>Personalizziamo con orgoglio negli Stati Uniti il \u200b\u200bcontroller originale Micro-Soft X-box One\/Series X\/S utilizzando la verniciatura Hydro-dip: d\u00e0 vita al tuo normale controller noioso. I colori non sbiadiscono mai, anche se lo usi frequentemente per lunghe ore, tutto grazie alla sua tecnologia di stampa idro-dip pi\u00f9 avanzata.<br \/>\nQuesti controller X-box personalizzati della serie X aggiungeranno una ciliegia all&#8217;arredamento della tua sala da gioco. Questi controller vengono forniti con tutti gli accessori originali e il loro normale funzionamento non \u00e8 influenzato dalla stampa personalizzata su di essi. Poich\u00e9 non si tratta di pelli, non \u00e8 necessario preoccuparsi che si stacchino dopo un po&#8217; di tempo o che si formino rughe o bolle sulla superficie.<br \/>\nCrediamo che non ci si debba accontentare di un controller normale e noioso quando si pu\u00f2 avere un controller colorato, con fantastiche illustrazioni, morbido al tatto ed \u00e8 cos\u00ec divertente! Distinguiti tra tutti i tuoi amici giocatori\/streamer con questi controller X-box One dal design unico.<br \/>\nSentiti sicuro di acquistare il tuo nuovo controller wireless personalizzato X-box serie X\/S perch\u00e9 tutti i controller vengono controllati manualmente per la qualit\u00e0 dai nostri tecnici interni negli Stati Uniti e testati prima della spedizione. Tutti i controller sono compatibili con i dispositivi X-box One, X-box One S\/X, X-box Series S\/X e PC Windows 10.<br \/>\nDi alta qualit\u00e0, resistenti all&#8217;usura e con il design del tuo personaggio preferito su entrambi i lati, questi controller includono una nuovissima connessione wireless che ti consente di liberarti dei cavi per goderti una vasta portata wireless!<\/p>\n","protected":false},"excerpt":{"rendered":"<p>Personalizziamo con orgoglio negli Stati Uniti il \u200b\u200bcontroller originale Micro-Soft X-box One\/Series X\/S utilizzando la verniciatura Hydro-dip: d\u00e0 vita al tuo normale controller noioso. I colori non sbiadiscono mai, anche se lo usi frequentemente per lunghe ore, tutto grazie alla sua tecnologia di stampa idro-dip pi\u00f9 avanzata.<br \/>\nQuesti controller X-box personalizzati della serie X aggiungeranno una ciliegia all&#8217;arredamento della tua sala da gioco. Questi controller vengono forniti con tutti gli accessori originali e il loro normale funzionamento non \u00e8 influenzato dalla stampa personalizzata su di essi. Poich\u00e9 non si tratta di pelli, non \u00e8 necessario preoccuparsi che si stacchino dopo un po&#8217; di tempo o che si formino rughe o bolle sulla superficie.<br \/>\nCrediamo che non ci si debba accontentare di un controller normale e noioso quando si pu\u00f2 avere un controller colorato, con fantastiche illustrazioni, morbido al tatto ed \u00e8 cos\u00ec divertente! Distinguiti tra tutti i tuoi amici giocatori\/streamer con questi controller X-box One dal design unico.<br \/>\nSentiti sicuro di acquistare il tuo nuovo controller wireless personalizzato X-box serie X\/S perch\u00e9 tutti i controller vengono controllati manualmente per la qualit\u00e0 dai nostri tecnici interni negli Stati Uniti e testati prima della spedizione. Tutti i controller sono compatibili con i dispositivi X-box One, X-box One S\/X, X-box Series S\/X e PC Windows 10.<br \/>\nDi alta qualit\u00e0, resistenti all&#8217;usura e con il design del tuo personaggio preferito su entrambi i lati, questi controller includono una nuovissima connessione wireless che ti consente di liberarti dei cavi per goderti una vasta portata wireless!<\/p>\n","protected":false},"featured_media":27615,"comment_status":"open","ping_status":"closed","template":"","meta":[],"product_brand":[],"product_cat":[44],"product_tag":[],"woo-feed-brand":[],"class_list":{"0":"post-27613","1":"product","2":"type-product","3":"status-publish","4":"has-post-thumbnail","6":"product_cat-xbox-consoles-it","8":"entry","9":"has-media","11":"first","12":"instock","13":"sale","14":"featured","15":"taxable","16":"shipping-taxable","17":"purchasable","18":"product-type-simple","19":"has-product-nav","20":"col","21":"span_1_of_3","22":"owp-content-center","23":"owp-thumbs-layout-horizontal","24":"owp-btn-normal","25":"owp-tabs-layout-horizontal","26":"has-no-thumbnails"},"exclude_global_add_ons":[],"addons":[],"jetpack_sharing_enabled":true,"_links":{"self":[{"href":"https:\/\/www.techcloseoutlet.com\/index.php\/wp-json\/wp\/v2\/product\/27613","targetHints":{"allow":["GET"]}}],"collection":[{"href":"https:\/\/www.techcloseoutlet.com\/index.php\/wp-json\/wp\/v2\/product"}],"about":[{"href":"https:\/\/www.techcloseoutlet.com\/index.php\/wp-json\/wp\/v2\/types\/product"}],"replies":[{"embeddable":true,"href":"https:\/\/www.techcloseoutlet.com\/index.php\/wp-json\/wp\/v2\/comments?post=27613"}],"wp:featuredmedia":[{"embeddable":true,"href":"https:\/\/www.techcloseoutlet.com\/index.php\/wp-json\/wp\/v2\/media\/27615"}],"wp:attachment":[{"href":"https:\/\/www.techcloseoutlet.com\/index.php\/wp-json\/wp\/v2\/media?parent=27613"}],"wp:term":[{"taxonomy":"product_brand","embeddable":true,"href":"https:\/\/www.techcloseoutlet.com\/index.php\/wp-json\/wp\/v2\/product_brand?post=27613"},{"taxonomy":"product_cat","embeddable":true,"href":"https:\/\/www.techcloseoutlet.com\/index.php\/wp-json\/wp\/v2\/product_cat?post=27613"},{"taxonomy":"product_tag","embeddable":true,"href":"https:\/\/www.techcloseoutlet.com\/index.php\/wp-json\/wp\/v2\/product_tag?post=27613"},{"taxonomy":"woo-feed-brand","embeddable":true,"href":"https:\/\/www.techcloseoutlet.com\/index.php\/wp-json\/wp\/v2\/woo-feed-brand?post=27613"}],"curies":[{"name":"wp","href":"https:\/\/api.w.org\/{rel}","templated":true}]}}