{"id":27574,"date":"2024-07-01T13:46:21","date_gmt":"2024-07-01T13:46:21","guid":{"rendered":"https:\/\/www.techcloseoutlet.com\/index.php\/product\/controller-con-design-personalizzato-per-ps5-playstation-dualsense-wireless-chrome-gold\/"},"modified":"2024-09-14T09:22:58","modified_gmt":"2024-09-14T09:22:58","slug":"controller-con-design-personalizzato-per-ps5-playstation-dualsense-wireless-chrome-gold","status":"publish","type":"product","link":"https:\/\/www.techcloseoutlet.com\/index.php\/product\/controller-con-design-personalizzato-per-ps5-playstation-dualsense-wireless-chrome-gold\/?lang=it","title":{"rendered":"Controller con design personalizzato per PS5 Playstation DualSense Wireless Chrome Gold"},"content":{"rendered":"<p>Design personalizzati di qualit\u00e0 premium: tuffati in un mondo di giochi personalizzati con i nostri controller personalizzati per PS5, che presentano una moltitudine di design che danno vita alla tua esperienza di gioco. I nostri controller sono realizzati con gusci di alta qualit\u00e0, garantendo non solo un aspetto estetico unico ma anche durata e comfort superiori per sessioni di gioco prolungate.<br \/>\nComponenti OEM originali per un&#8217;affidabilit\u00e0 senza pari: prova l&#8217;affidabilit\u00e0 dei nostri controller personalizzati per Playstation 5, realizzati con parti del controller originali OEM. Ci\u00f2 garantisce che ogni modello di controller personalizzato per PS5 offra le stesse prestazioni affidabili e compatibilit\u00e0 dei controller ufficiali, migliorate con un tocco di stile personale<br \/>\nOpzioni di personalizzazione uniche: distinguiti con il nostro controller personalizzato per PlayStation 5, che offre un&#8217;ampia gamma di design adatti al tuo stile. Scegli tra un&#8217;ampia raccolta di colori, motivi e temi esclusivi per personalizzare la tua configurazione di gioco con un controller personalizzato per PS5 che riflette la tua personalit\u00e0.<br \/>\nFOCUS SULLA QUALIT\u00c0: i nostri controller personalizzati per PS5 sono realizzati con particolare attenzione alla qualit\u00e0, assemblati da tecnici professionisti che portano anni di esperienza nel loro lavoro. Implementiamo un rigoroso processo di controllo qualit\u00e0 in tre fasi per ciascun controller modificato personalizzato ModdedZone per garantire gli standard pi\u00f9 elevati. Ogni controller viene sottoposto a test con gli ultimi giochi FPS per garantire prestazioni e affidabilit\u00e0 ottimali per i nostri clienti.<br \/>\nPRODOTTO AUTENTICO: utilizziamo esclusivamente controller Authnetic come base per i nostri controller modificati su misura e ogni controller \u00e8 coperto da una garanzia di 90 giorni che copre i difetti di fabbricazione. Il nostro impegno per la tua soddisfazione si estende per tutto il periodo di garanzia, poich\u00e9 ci dedichiamo a risolvere eventuali problemi che potresti riscontrare con il tuo acquisto, garantendo un&#8217;esperienza fluida e soddisfacente.<\/p>\n","protected":false},"excerpt":{"rendered":"<p>Design personalizzati di qualit\u00e0 premium: tuffati in un mondo di giochi personalizzati con i nostri controller personalizzati per PS5, che presentano una moltitudine di design che danno vita alla tua esperienza di gioco. I nostri controller sono realizzati con gusci di alta qualit\u00e0, garantendo non solo un aspetto estetico unico ma anche durata e comfort superiori per sessioni di gioco prolungate.<br \/>\nComponenti OEM originali per un&#8217;affidabilit\u00e0 senza pari: prova l&#8217;affidabilit\u00e0 dei nostri controller personalizzati per Playstation 5, realizzati con parti del controller originali OEM. Ci\u00f2 garantisce che ogni modello di controller personalizzato per PS5 offra le stesse prestazioni affidabili e compatibilit\u00e0 dei controller ufficiali, migliorate con un tocco di stile personale<br \/>\nOpzioni di personalizzazione uniche: distinguiti con il nostro controller personalizzato per PlayStation 5, che offre un&#8217;ampia gamma di design adatti al tuo stile. Scegli tra un&#8217;ampia raccolta di colori, motivi e temi esclusivi per personalizzare la tua configurazione di gioco con un controller personalizzato per PS5 che riflette la tua personalit\u00e0.<br \/>\nFOCUS SULLA QUALIT\u00c0: i nostri controller personalizzati per PS5 sono realizzati con particolare attenzione alla qualit\u00e0, assemblati da tecnici professionisti che portano anni di esperienza nel loro lavoro. Implementiamo un rigoroso processo di controllo qualit\u00e0 in tre fasi per ciascun controller modificato personalizzato ModdedZone per garantire gli standard pi\u00f9 elevati. Ogni controller viene sottoposto a test con gli ultimi giochi FPS per garantire prestazioni e affidabilit\u00e0 ottimali per i nostri clienti.<br \/>\nPRODOTTO AUTENTICO: utilizziamo esclusivamente controller Authnetic come base per i nostri controller modificati su misura e ogni controller \u00e8 coperto da una garanzia di 90 giorni che copre i difetti di fabbricazione. Il nostro impegno per la tua soddisfazione si estende per tutto il periodo di garanzia, poich\u00e9 ci dedichiamo a risolvere eventuali problemi che potresti riscontrare con il tuo acquisto, garantendo un&#8217;esperienza fluida e soddisfacente.<\/p>\n","protected":false},"featured_media":27437,"comment_status":"open","ping_status":"closed","template":"","meta":[],"product_brand":[],"product_cat":[15],"product_tag":[],"woo-feed-brand":[],"class_list":{"0":"post-27574","1":"product","2":"type-product","3":"status-publish","4":"has-post-thumbnail","6":"product_cat-games","8":"entry","9":"has-media","11":"first","12":"instock","13":"sale","14":"taxable","15":"shipping-taxable","16":"purchasable","17":"product-type-simple","18":"has-product-nav","19":"col","20":"span_1_of_3","21":"owp-content-center","22":"owp-thumbs-layout-horizontal","23":"owp-btn-normal","24":"owp-tabs-layout-horizontal","25":"has-no-thumbnails"},"exclude_global_add_ons":[],"addons":[],"jetpack_sharing_enabled":true,"_links":{"self":[{"href":"https:\/\/www.techcloseoutlet.com\/index.php\/wp-json\/wp\/v2\/product\/27574","targetHints":{"allow":["GET"]}}],"collection":[{"href":"https:\/\/www.techcloseoutlet.com\/index.php\/wp-json\/wp\/v2\/product"}],"about":[{"href":"https:\/\/www.techcloseoutlet.com\/index.php\/wp-json\/wp\/v2\/types\/product"}],"replies":[{"embeddable":true,"href":"https:\/\/www.techcloseoutlet.com\/index.php\/wp-json\/wp\/v2\/comments?post=27574"}],"wp:featuredmedia":[{"embeddable":true,"href":"https:\/\/www.techcloseoutlet.com\/index.php\/wp-json\/wp\/v2\/media\/27437"}],"wp:attachment":[{"href":"https:\/\/www.techcloseoutlet.com\/index.php\/wp-json\/wp\/v2\/media?parent=27574"}],"wp:term":[{"taxonomy":"product_brand","embeddable":true,"href":"https:\/\/www.techcloseoutlet.com\/index.php\/wp-json\/wp\/v2\/product_brand?post=27574"},{"taxonomy":"product_cat","embeddable":true,"href":"https:\/\/www.techcloseoutlet.com\/index.php\/wp-json\/wp\/v2\/product_cat?post=27574"},{"taxonomy":"product_tag","embeddable":true,"href":"https:\/\/www.techcloseoutlet.com\/index.php\/wp-json\/wp\/v2\/product_tag?post=27574"},{"taxonomy":"woo-feed-brand","embeddable":true,"href":"https:\/\/www.techcloseoutlet.com\/index.php\/wp-json\/wp\/v2\/woo-feed-brand?post=27574"}],"curies":[{"name":"wp","href":"https:\/\/api.w.org\/{rel}","templated":true}]}}