{"id":27411,"date":"2024-06-30T03:10:33","date_gmt":"2024-06-30T03:10:33","guid":{"rendered":"https:\/\/www.techcloseoutlet.com\/index.php\/product\/dualshock-4-wireless-controller-fuer-playstation-4-kupfer\/"},"modified":"2024-09-09T05:55:13","modified_gmt":"2024-09-09T05:55:13","slug":"dualshock-4-wireless-controller-fuer-playstation-4-kupfer","status":"publish","type":"product","link":"https:\/\/www.techcloseoutlet.com\/index.php\/product\/dualshock-4-wireless-controller-fuer-playstation-4-kupfer\/?lang=de","title":{"rendered":"DualShock 4 Wireless Controller f\u00fcr PlayStation 4 \u2013 Kupfer"},"content":{"rendered":"<p>Haptik, Form und Empfindlichkeit der beiden Analogsticks und Triggertasten wurden verbessert, um ein besseres Gef\u00fchl der Kontrolle zu bieten, egal was Sie spielen. DualShock 4 Wireless Controller PS4- und PC-kompatibel. Artikel PS5-kompatibel nur beim Spielen von PS4-Spielen.<br \/>\nDas neue Multi-Touch- und klickbare Touchpad auf der Vorderseite des DualShock 4 Wireless Controllers er\u00f6ffnet sowohl Neulingen als auch erfahrenen Gamern Welten neuer Spielm\u00f6glichkeiten.<br \/>\nDer DualShock 4 Wireless Controller verf\u00fcgt \u00fcber einen eingebauten Lautsprecher und eine Stereo-Kopfh\u00f6rerbuchse, wodurch dem Spieler mehrere neue Audiooptionen zur Verf\u00fcgung stehen.<br \/>\nDer DualShock 4 Wireless Controller kann einfach aufgeladen werden, indem Sie ihn an Ihr PlayStation 4-System anschlie\u00dfen, auch im Ruhemodus, oder mit jedem Standardladeger\u00e4t \u00fcber ein USB-Kabel (Typ A auf Micro B separat erh\u00e4ltlich).<br \/>\nDer DualShock 4 Wireless Controller verf\u00fcgt \u00fcber eine Stereo-Kopfh\u00f6rerbuchse. H\u00f6ren Sie Ihre Spiele privat und h\u00f6ren Sie jedes Dr\u00f6hnen, Knallen und Knallen mit einer integrierten 3,5-mm-Audiobuchse f\u00fcr Ihre Kopfh\u00f6rer.<br \/>\nDualShock 4 Wireless Controller PS4- und PC-kompatibel. Artikel PS5-kompatibel nur beim Spielen von PS4-Spielen.<\/p>\n","protected":false},"excerpt":{"rendered":"<p>Haptik, Form und Empfindlichkeit der beiden Analogsticks und Triggertasten wurden verbessert, um ein besseres Gef\u00fchl der Kontrolle zu bieten, egal was Sie spielen. DualShock 4 Wireless Controller PS4- und PC-kompatibel. Artikel PS5-kompatibel nur beim Spielen von PS4-Spielen.<br \/>\nDas neue Multi-Touch- und klickbare Touchpad auf der Vorderseite des DualShock 4 Wireless Controllers er\u00f6ffnet sowohl Neulingen als auch erfahrenen Gamern Welten neuer Spielm\u00f6glichkeiten.<br \/>\nDer DualShock 4 Wireless Controller verf\u00fcgt \u00fcber einen eingebauten Lautsprecher und eine Stereo-Kopfh\u00f6rerbuchse, wodurch dem Spieler mehrere neue Audiooptionen zur Verf\u00fcgung stehen.<br \/>\nDer DualShock 4 Wireless Controller kann einfach aufgeladen werden, indem Sie ihn an Ihr PlayStation 4-System anschlie\u00dfen, auch im Ruhemodus, oder mit jedem Standardladeger\u00e4t \u00fcber ein USB-Kabel (Typ A auf Micro B separat erh\u00e4ltlich).<br \/>\nDer DualShock 4 Wireless Controller verf\u00fcgt \u00fcber eine Stereo-Kopfh\u00f6rerbuchse. H\u00f6ren Sie Ihre Spiele privat und h\u00f6ren Sie jedes Dr\u00f6hnen, Knallen und Knallen mit einer integrierten 3,5-mm-Audiobuchse f\u00fcr Ihre Kopfh\u00f6rer.<br \/>\nDualShock 4 Wireless Controller PS4- und PC-kompatibel. Artikel PS5-kompatibel nur beim Spielen von PS4-Spielen.<\/p>\n","protected":false},"featured_media":27345,"comment_status":"open","ping_status":"closed","template":"","meta":[],"product_brand":[],"product_cat":[27],"product_tag":[],"woo-feed-brand":[],"class_list":{"0":"post-27411","1":"product","2":"type-product","3":"status-publish","4":"has-post-thumbnail","6":"product_cat-playstation-konsolen","8":"entry","9":"has-media","11":"first","12":"instock","13":"sale","14":"taxable","15":"shipping-taxable","16":"purchasable","17":"product-type-simple","18":"has-product-nav","19":"col","20":"span_1_of_3","21":"owp-content-center","22":"owp-thumbs-layout-horizontal","23":"owp-btn-normal","24":"owp-tabs-layout-horizontal","25":"has-no-thumbnails"},"exclude_global_add_ons":[],"addons":[],"jetpack_sharing_enabled":true,"_links":{"self":[{"href":"https:\/\/www.techcloseoutlet.com\/index.php\/wp-json\/wp\/v2\/product\/27411","targetHints":{"allow":["GET"]}}],"collection":[{"href":"https:\/\/www.techcloseoutlet.com\/index.php\/wp-json\/wp\/v2\/product"}],"about":[{"href":"https:\/\/www.techcloseoutlet.com\/index.php\/wp-json\/wp\/v2\/types\/product"}],"replies":[{"embeddable":true,"href":"https:\/\/www.techcloseoutlet.com\/index.php\/wp-json\/wp\/v2\/comments?post=27411"}],"wp:featuredmedia":[{"embeddable":true,"href":"https:\/\/www.techcloseoutlet.com\/index.php\/wp-json\/wp\/v2\/media\/27345"}],"wp:attachment":[{"href":"https:\/\/www.techcloseoutlet.com\/index.php\/wp-json\/wp\/v2\/media?parent=27411"}],"wp:term":[{"taxonomy":"product_brand","embeddable":true,"href":"https:\/\/www.techcloseoutlet.com\/index.php\/wp-json\/wp\/v2\/product_brand?post=27411"},{"taxonomy":"product_cat","embeddable":true,"href":"https:\/\/www.techcloseoutlet.com\/index.php\/wp-json\/wp\/v2\/product_cat?post=27411"},{"taxonomy":"product_tag","embeddable":true,"href":"https:\/\/www.techcloseoutlet.com\/index.php\/wp-json\/wp\/v2\/product_tag?post=27411"},{"taxonomy":"woo-feed-brand","embeddable":true,"href":"https:\/\/www.techcloseoutlet.com\/index.php\/wp-json\/wp\/v2\/woo-feed-brand?post=27411"}],"curies":[{"name":"wp","href":"https:\/\/api.w.org\/{rel}","templated":true}]}}