{"id":27383,"date":"2024-06-30T02:59:59","date_gmt":"2024-06-30T02:59:59","guid":{"rendered":"https:\/\/www.techcloseoutlet.com\/index.php\/product\/playstation-dualsense-wireless-controller-mitternachtsschwarz-gold\/"},"modified":"2026-01-07T10:43:43","modified_gmt":"2026-01-07T10:43:43","slug":"playstation-dualsense-wireless-controller-mitternachtsschwarz-gold","status":"publish","type":"product","link":"https:\/\/www.techcloseoutlet.com\/index.php\/product\/playstation-dualsense-wireless-controller-mitternachtsschwarz-gold\/?lang=de","title":{"rendered":"PlayStation DualSense Wireless Controller \u2013 Mitternachtsschwarz-Gold"},"content":{"rendered":"<p>DOMINIEREN SIE IHR SPIEL: Bringen Sie Ihre Gaming-Sessions auf das n\u00e4chste Level mit dem Custom Controller Midnight Black Golden Limited Edition Custom Wireless Controller, der ultimativen Erg\u00e4nzung f\u00fcr Ihr PS5- oder PC-Setup.<br \/>\nAUTHENTIZIT\u00c4T: Custom Controller verwendet bei der Erstellung unserer charakteristischen benutzerdefinierten Controller mit Stolz nur neue authentische Controller. Dar\u00fcber hinaus bietet Custom Controller branchenf\u00fchrenden Kundenservice f\u00fcr alle Fragen, die Sie haben, sobald Sie Ihren personalisierten benutzerdefinierten Controller erhalten haben.<br \/>\nM\u00dcHELOSE EINRICHTUNG: Unsere benutzerdefinierten Controller sind auf Komfort ausgelegt und sofort einsatzbereit. Synchronisieren Sie den Controller einfach mit Ihrer Konsole und in wenigen Augenblicken sind Sie mit dem am besten gestalteten benutzerdefinierten Controller ausgestattet.<br \/>\nIMMERSIVE CONTROLLER-FUNKTIONEN: Erleben Sie Gaming wie nie zuvor mit unserem benutzerdefinierten Controller, der \u00fcber haptisches Feedback, adaptive Trigger und ein eingebautes Mikrofon und eine Headset-Buchse f\u00fcr eine nahtlose Kommunikation mit Freunden und Mitspielern verf\u00fcgt.<br \/>\nZUVERL\u00c4SSIGE GARANTIE: Mit \u00fcber zehn Jahren Erfahrung in der Controller-Modifikationsbranche sorgt Custom Controller f\u00fcr Kundenzufriedenheit. Jeder Controller wird mit einer Standardgarantie von 90 Tagen geliefert, die alles abdeckt, au\u00dfer versehentliche oder physische Sch\u00e4den am Controller selbst. Vertrauen Sie auf unser Engagement f\u00fcr Qualit\u00e4t und Service.<\/p>\n","protected":false},"excerpt":{"rendered":"<p>DOMINIEREN SIE IHR SPIEL: Bringen Sie Ihre Gaming-Sessions auf das n\u00e4chste Level mit dem Custom Controller Midnight Black Golden Limited Edition Custom Wireless Controller, der ultimativen Erg\u00e4nzung f\u00fcr Ihr PS5- oder PC-Setup.<br \/>\nAUTHENTIZIT\u00c4T: Custom Controller verwendet bei der Erstellung unserer charakteristischen benutzerdefinierten Controller mit Stolz nur neue authentische Controller. Dar\u00fcber hinaus bietet Custom Controller branchenf\u00fchrenden Kundenservice f\u00fcr alle Fragen, die Sie haben, sobald Sie Ihren personalisierten benutzerdefinierten Controller erhalten haben.<br \/>\nM\u00dcHELOSE EINRICHTUNG: Unsere benutzerdefinierten Controller sind auf Komfort ausgelegt und sofort einsatzbereit. Synchronisieren Sie den Controller einfach mit Ihrer Konsole und in wenigen Augenblicken sind Sie mit dem am besten gestalteten benutzerdefinierten Controller ausgestattet.<br \/>\nIMMERSIVE CONTROLLER-FUNKTIONEN: Erleben Sie Gaming wie nie zuvor mit unserem benutzerdefinierten Controller, der \u00fcber haptisches Feedback, adaptive Trigger und ein eingebautes Mikrofon und eine Headset-Buchse f\u00fcr eine nahtlose Kommunikation mit Freunden und Mitspielern verf\u00fcgt.<br \/>\nZUVERL\u00c4SSIGE GARANTIE: Mit \u00fcber zehn Jahren Erfahrung in der Controller-Modifikationsbranche sorgt Custom Controller f\u00fcr Kundenzufriedenheit. Jeder Controller wird mit einer Standardgarantie von 90 Tagen geliefert, die alles abdeckt, au\u00dfer versehentliche oder physische Sch\u00e4den am Controller selbst. Vertrauen Sie auf unser Engagement f\u00fcr Qualit\u00e4t und Service.<\/p>\n","protected":false},"featured_media":27374,"comment_status":"open","ping_status":"closed","template":"","meta":[],"product_brand":[],"product_cat":[27],"product_tag":[],"woo-feed-brand":[],"class_list":{"0":"post-27383","1":"product","2":"type-product","3":"status-publish","4":"has-post-thumbnail","6":"product_cat-playstation-konsolen","8":"entry","9":"has-media","11":"first","12":"instock","13":"sale","14":"taxable","15":"shipping-taxable","16":"purchasable","17":"product-type-simple","18":"has-product-nav","19":"col","20":"span_1_of_3","21":"owp-content-center","22":"owp-thumbs-layout-horizontal","23":"owp-btn-normal","24":"owp-tabs-layout-horizontal","25":"has-no-thumbnails"},"exclude_global_add_ons":[],"addons":[],"jetpack_sharing_enabled":true,"_links":{"self":[{"href":"https:\/\/www.techcloseoutlet.com\/index.php\/wp-json\/wp\/v2\/product\/27383","targetHints":{"allow":["GET"]}}],"collection":[{"href":"https:\/\/www.techcloseoutlet.com\/index.php\/wp-json\/wp\/v2\/product"}],"about":[{"href":"https:\/\/www.techcloseoutlet.com\/index.php\/wp-json\/wp\/v2\/types\/product"}],"replies":[{"embeddable":true,"href":"https:\/\/www.techcloseoutlet.com\/index.php\/wp-json\/wp\/v2\/comments?post=27383"}],"wp:featuredmedia":[{"embeddable":true,"href":"https:\/\/www.techcloseoutlet.com\/index.php\/wp-json\/wp\/v2\/media\/27374"}],"wp:attachment":[{"href":"https:\/\/www.techcloseoutlet.com\/index.php\/wp-json\/wp\/v2\/media?parent=27383"}],"wp:term":[{"taxonomy":"product_brand","embeddable":true,"href":"https:\/\/www.techcloseoutlet.com\/index.php\/wp-json\/wp\/v2\/product_brand?post=27383"},{"taxonomy":"product_cat","embeddable":true,"href":"https:\/\/www.techcloseoutlet.com\/index.php\/wp-json\/wp\/v2\/product_cat?post=27383"},{"taxonomy":"product_tag","embeddable":true,"href":"https:\/\/www.techcloseoutlet.com\/index.php\/wp-json\/wp\/v2\/product_tag?post=27383"},{"taxonomy":"woo-feed-brand","embeddable":true,"href":"https:\/\/www.techcloseoutlet.com\/index.php\/wp-json\/wp\/v2\/woo-feed-brand?post=27383"}],"curies":[{"name":"wp","href":"https:\/\/api.w.org\/{rel}","templated":true}]}}