{"id":26886,"date":"2023-10-13T13:33:24","date_gmt":"2023-10-13T13:33:24","guid":{"rendered":"https:\/\/www.techcloseoutlet.com\/index.php\/product\/sony-noise-cancelling-kopfhoerer-whch710n-kabelloses-bluetooth-over-ear-headset-mit-mikrofon-fuer-telefonanrufe-blau\/"},"modified":"2024-09-09T06:06:02","modified_gmt":"2024-09-09T06:06:02","slug":"sony-noise-cancelling-kopfhoerer-whch710n-kabelloses-bluetooth-over-ear-headset-mit-mikrofon-fuer-telefonanrufe-blau","status":"publish","type":"product","link":"https:\/\/www.techcloseoutlet.com\/index.php\/product\/sony-noise-cancelling-kopfhoerer-whch710n-kabelloses-bluetooth-over-ear-headset-mit-mikrofon-fuer-telefonanrufe-blau\/?lang=de","title":{"rendered":"Sony Noise Cancelling-Kopfh\u00f6rer WHCH710N: Kabelloses Bluetooth-Over-Ear-Headset mit Mikrofon f\u00fcr Telefonanrufe, Blau"},"content":{"rendered":"<p>Blenden Sie die Welt mit intelligenter Ger\u00e4uschunterdr\u00fcckung aus.Spezifische Produktanwendungen: Reisen<br \/>\nDie Ger\u00e4uschunterdr\u00fcckung erkennt Ihre Umgebung automatisch mit der Dual-Ger\u00e4uschsensor-Technologie<br \/>\nLang anhaltendes H\u00f6ren mit bis zu 35 Stunden Akku und Schnellladung<br \/>\nSmartphone-Kompatibilit\u00e4t f\u00fcr freih\u00e4ndige Anrufe und Verwendung mit Ihrem Sprachassistenten.Hinweis: Wenn Sie Probleme mit der Bluetooth-Verbindung haben, schalten Sie die Bluetooth-Funktion bitte f\u00fcr ein paar Minuten aus und dann wieder ein<br \/>\nDrahtloses Bluetooth-Streaming mit NFC One-Touch<br \/>\nH\u00f6ren Sie mehr Details mit den 30-Millimeter-Treibereinheiten<br \/>\nUltra-komfortables Kopfh\u00f6rerdesign mit verstellbaren Metallschiebern<br \/>\nUSB-Typ-C-Laden der n\u00e4chsten Generation. Batterietyp: DC 3,7 V \u2013 Eingebauter Lithium-Ionen-Akku<br \/>\nAnschlusstyp: USB Typ C<br \/>\nArtikelzustand: \u00dcberholte Artikel ohne Einzelhandelsverpackung.<\/p>\n","protected":false},"excerpt":{"rendered":"<p>Blenden Sie die Welt mit intelligenter Ger\u00e4uschunterdr\u00fcckung aus.Spezifische Produktanwendungen: Reisen<br \/>\nDie Ger\u00e4uschunterdr\u00fcckung erkennt Ihre Umgebung automatisch mit der Dual-Ger\u00e4uschsensor-Technologie<br \/>\nLang anhaltendes H\u00f6ren mit bis zu 35 Stunden Akku und Schnellladung<br \/>\nSmartphone-Kompatibilit\u00e4t f\u00fcr freih\u00e4ndige Anrufe und Verwendung mit Ihrem Sprachassistenten.Hinweis: Wenn Sie Probleme mit der Bluetooth-Verbindung haben, schalten Sie die Bluetooth-Funktion bitte f\u00fcr ein paar Minuten aus und dann wieder ein<br \/>\nDrahtloses Bluetooth-Streaming mit NFC One-Touch<br \/>\nH\u00f6ren Sie mehr Details mit den 30-Millimeter-Treibereinheiten<br \/>\nUltra-komfortables Kopfh\u00f6rerdesign mit verstellbaren Metallschiebern<br \/>\nUSB-Typ-C-Laden der n\u00e4chsten Generation. Batterietyp: DC 3,7 V \u2013 Eingebauter Lithium-Ionen-Akku<br \/>\nAnschlusstyp: USB Typ C<br \/>\nArtikelzustand: \u00dcberholte Artikel ohne Einzelhandelsverpackung.<\/p>\n","protected":false},"featured_media":19615,"comment_status":"open","ping_status":"closed","template":"","meta":[],"product_brand":[],"product_cat":[],"product_tag":[],"woo-feed-brand":[],"class_list":{"0":"post-26886","1":"product","2":"type-product","3":"status-publish","4":"has-post-thumbnail","7":"entry","8":"has-media","10":"first","11":"instock","12":"sale","13":"taxable","14":"shipping-taxable","15":"purchasable","16":"product-type-simple","17":"has-product-nav","18":"col","19":"span_1_of_3","20":"owp-content-center","21":"owp-thumbs-layout-horizontal","22":"owp-btn-normal","23":"owp-tabs-layout-horizontal","24":"has-no-thumbnails"},"exclude_global_add_ons":[],"addons":[],"jetpack_sharing_enabled":true,"_links":{"self":[{"href":"https:\/\/www.techcloseoutlet.com\/index.php\/wp-json\/wp\/v2\/product\/26886","targetHints":{"allow":["GET"]}}],"collection":[{"href":"https:\/\/www.techcloseoutlet.com\/index.php\/wp-json\/wp\/v2\/product"}],"about":[{"href":"https:\/\/www.techcloseoutlet.com\/index.php\/wp-json\/wp\/v2\/types\/product"}],"replies":[{"embeddable":true,"href":"https:\/\/www.techcloseoutlet.com\/index.php\/wp-json\/wp\/v2\/comments?post=26886"}],"wp:featuredmedia":[{"embeddable":true,"href":"https:\/\/www.techcloseoutlet.com\/index.php\/wp-json\/wp\/v2\/media\/19615"}],"wp:attachment":[{"href":"https:\/\/www.techcloseoutlet.com\/index.php\/wp-json\/wp\/v2\/media?parent=26886"}],"wp:term":[{"taxonomy":"product_brand","embeddable":true,"href":"https:\/\/www.techcloseoutlet.com\/index.php\/wp-json\/wp\/v2\/product_brand?post=26886"},{"taxonomy":"product_cat","embeddable":true,"href":"https:\/\/www.techcloseoutlet.com\/index.php\/wp-json\/wp\/v2\/product_cat?post=26886"},{"taxonomy":"product_tag","embeddable":true,"href":"https:\/\/www.techcloseoutlet.com\/index.php\/wp-json\/wp\/v2\/product_tag?post=26886"},{"taxonomy":"woo-feed-brand","embeddable":true,"href":"https:\/\/www.techcloseoutlet.com\/index.php\/wp-json\/wp\/v2\/woo-feed-brand?post=26886"}],"curies":[{"name":"wp","href":"https:\/\/api.w.org\/{rel}","templated":true}]}}