{"id":26885,"date":"2024-03-19T15:20:01","date_gmt":"2024-03-19T15:20:01","guid":{"rendered":"https:\/\/www.techcloseoutlet.com\/index.php\/product\/spider-man-schwarzer-benutzerdefinierter-xbox-controller-kabellos-kompatibel-mit-xbox-one-x-box-series-x-s\/"},"modified":"2024-09-09T06:03:27","modified_gmt":"2024-09-09T06:03:27","slug":"spider-man-schwarzer-benutzerdefinierter-xbox-controller-kabellos-kompatibel-mit-xbox-one-x-box-series-x-s","status":"publish","type":"product","link":"https:\/\/www.techcloseoutlet.com\/index.php\/product\/spider-man-schwarzer-benutzerdefinierter-xbox-controller-kabellos-kompatibel-mit-xbox-one-x-box-series-x-s\/?lang=de","title":{"rendered":"Spider-Man Schwarzer benutzerdefinierter XBox-Controller, kabellos, kompatibel mit XBox One\/X-Box Series X\/S"},"content":{"rendered":"<p>Wir sind stolz darauf, in den USA originale Micro-Soft X-Box One\/Series X\/S-Controller mit Hydro-Dip-Lackierung anzupassen \u2013 das erweckt Ihren normalen, langweiligen Controller zum Leben. Die Farben verblassen nie, selbst wenn Sie sie h\u00e4ufig und stundenlang verwenden, und das alles dank der hochmodernen Hydro-Dip-Drucktechnologie.<br \/>\nDiese benutzerdefinierten X-Box Series X-Controller verleihen Ihrer Gaming-Raumdekoration das gewisse Etwas. Diese Controller werden mit s\u00e4mtlichem Originalzubeh\u00f6r geliefert und ihre normale Funktion wird durch den benutzerdefinierten Druck nicht beeintr\u00e4chtigt. Da es sich nicht um Skins handelt, m\u00fcssen Sie sich keine Sorgen machen, dass sie sich nach einiger Zeit abl\u00f6sen oder dass sich Falten oder Blasen auf der Oberfl\u00e4che bilden.<br \/>\nWir glauben, dass man sich nicht mit einem normalen, schlichten, langweiligen Controller zufrieden geben sollte, wenn man einen Controller haben kann, der farbenfroh ist, tolle Grafiken aufweist, sich weich anf\u00fchlt und so viel Spa\u00df macht! Heben Sie sich mit diesen einzigartig gestalteten X-Box One-Controllern von all Ihren Gamer-Freunden\/Streamern ab.<br \/>\nZiehen Sie beim Kauf Ihres neuen kabellosen benutzerdefinierten X-Box Series X\/S-Controllers ein sicheres Gef\u00fchl, da alle Controller von unseren hauseigenen Technikern in den USA manuell auf Qualit\u00e4t gepr\u00fcft und vor dem Versand getestet werden. Alle Controller sind mit X-Box One, X-Box One S\/X, X-Box Series S\/X und PC-Ger\u00e4ten mit Windows 10 kompatibel.<br \/>\nDiese Controller sind hochwertig und verschlei\u00dffest und auf beiden Seiten mit Ihrem Lieblingscharakterdesign versehen. Sie verf\u00fcgen \u00fcber eine brandneue drahtlose Verbindung, mit der Sie sich von Kabeln befreien und eine gro\u00dfe drahtlose Reichweite genie\u00dfen k\u00f6nnen!<\/p>\n","protected":false},"excerpt":{"rendered":"<p>Wir sind stolz darauf, in den USA originale Micro-Soft X-Box One\/Series X\/S-Controller mit Hydro-Dip-Lackierung anzupassen \u2013 das erweckt Ihren normalen, langweiligen Controller zum Leben. Die Farben verblassen nie, selbst wenn Sie sie h\u00e4ufig und stundenlang verwenden, und das alles dank der hochmodernen Hydro-Dip-Drucktechnologie.<br \/>\nDiese benutzerdefinierten X-Box Series X-Controller verleihen Ihrer Gaming-Raumdekoration das gewisse Etwas. Diese Controller werden mit s\u00e4mtlichem Originalzubeh\u00f6r geliefert und ihre normale Funktion wird durch den benutzerdefinierten Druck nicht beeintr\u00e4chtigt. Da es sich nicht um Skins handelt, m\u00fcssen Sie sich keine Sorgen machen, dass sie sich nach einiger Zeit abl\u00f6sen oder dass sich Falten oder Blasen auf der Oberfl\u00e4che bilden.<br \/>\nWir glauben, dass man sich nicht mit einem normalen, schlichten, langweiligen Controller zufrieden geben sollte, wenn man einen Controller haben kann, der farbenfroh ist, tolle Grafiken aufweist, sich weich anf\u00fchlt und so viel Spa\u00df macht! Heben Sie sich mit diesen einzigartig gestalteten X-Box One-Controllern von all Ihren Gamer-Freunden\/Streamern ab.<br \/>\nZiehen Sie beim Kauf Ihres neuen kabellosen benutzerdefinierten X-Box Series X\/S-Controllers ein sicheres Gef\u00fchl, da alle Controller von unseren hauseigenen Technikern in den USA manuell auf Qualit\u00e4t gepr\u00fcft und vor dem Versand getestet werden. Alle Controller sind mit X-Box One, X-Box One S\/X, X-Box Series S\/X und PC-Ger\u00e4ten mit Windows 10 kompatibel.<br \/>\nDiese Controller sind hochwertig und verschlei\u00dffest und auf beiden Seiten mit Ihrem Lieblingscharakterdesign versehen. Sie verf\u00fcgen \u00fcber eine brandneue drahtlose Verbindung, mit der Sie sich von Kabeln befreien und eine gro\u00dfe drahtlose Reichweite genie\u00dfen k\u00f6nnen!<\/p>\n","protected":false},"featured_media":25107,"comment_status":"open","ping_status":"closed","template":"","meta":[],"product_brand":[],"product_cat":[28],"product_tag":[],"woo-feed-brand":[],"class_list":{"0":"post-26885","1":"product","2":"type-product","3":"status-publish","4":"has-post-thumbnail","6":"product_cat-xbox-konsolen","8":"entry","9":"has-media","11":"first","12":"instock","13":"sale","14":"featured","15":"taxable","16":"shipping-taxable","17":"purchasable","18":"product-type-simple","19":"has-product-nav","20":"col","21":"span_1_of_3","22":"owp-content-center","23":"owp-thumbs-layout-horizontal","24":"owp-btn-normal","25":"owp-tabs-layout-horizontal"},"exclude_global_add_ons":[],"addons":[],"jetpack_sharing_enabled":true,"_links":{"self":[{"href":"https:\/\/www.techcloseoutlet.com\/index.php\/wp-json\/wp\/v2\/product\/26885","targetHints":{"allow":["GET"]}}],"collection":[{"href":"https:\/\/www.techcloseoutlet.com\/index.php\/wp-json\/wp\/v2\/product"}],"about":[{"href":"https:\/\/www.techcloseoutlet.com\/index.php\/wp-json\/wp\/v2\/types\/product"}],"replies":[{"embeddable":true,"href":"https:\/\/www.techcloseoutlet.com\/index.php\/wp-json\/wp\/v2\/comments?post=26885"}],"wp:featuredmedia":[{"embeddable":true,"href":"https:\/\/www.techcloseoutlet.com\/index.php\/wp-json\/wp\/v2\/media\/25107"}],"wp:attachment":[{"href":"https:\/\/www.techcloseoutlet.com\/index.php\/wp-json\/wp\/v2\/media?parent=26885"}],"wp:term":[{"taxonomy":"product_brand","embeddable":true,"href":"https:\/\/www.techcloseoutlet.com\/index.php\/wp-json\/wp\/v2\/product_brand?post=26885"},{"taxonomy":"product_cat","embeddable":true,"href":"https:\/\/www.techcloseoutlet.com\/index.php\/wp-json\/wp\/v2\/product_cat?post=26885"},{"taxonomy":"product_tag","embeddable":true,"href":"https:\/\/www.techcloseoutlet.com\/index.php\/wp-json\/wp\/v2\/product_tag?post=26885"},{"taxonomy":"woo-feed-brand","embeddable":true,"href":"https:\/\/www.techcloseoutlet.com\/index.php\/wp-json\/wp\/v2\/woo-feed-brand?post=26885"}],"curies":[{"name":"wp","href":"https:\/\/api.w.org\/{rel}","templated":true}]}}