{"id":26884,"date":"2024-04-24T12:05:59","date_gmt":"2024-04-24T12:05:59","guid":{"rendered":"https:\/\/www.techcloseoutlet.com\/index.php\/product\/xbox-special-edition-wireless-gaming-controller-remix-inklusive-xbox-akkupack-xbox-series-xs-xbox-one-windows-pc-android-und-ios\/"},"modified":"2024-09-09T06:02:39","modified_gmt":"2024-09-09T06:02:39","slug":"xbox-special-edition-wireless-gaming-controller-remix-inklusive-xbox-akkupack-xbox-series-xs-xbox-one-windows-pc-android-und-ios","status":"publish","type":"product","link":"https:\/\/www.techcloseoutlet.com\/index.php\/product\/xbox-special-edition-wireless-gaming-controller-remix-inklusive-xbox-akkupack-xbox-series-xs-xbox-one-windows-pc-android-und-ios\/?lang=de","title":{"rendered":"Xbox Special Edition Wireless Gaming Controller \u2013 Remix \u2013 Inklusive Xbox-Akkupack \u2013 Xbox Series X|S, Xbox One, Windows-PC, Android und iOS"},"content":{"rendered":"<p>Enth\u00e4lt wiedergewonnene Kunststoffe, von denen ein Drittel aus nachgemahlenen und wiederverwerteten Materialien besteht. Enth\u00e4lt au\u00dferdem den Xbox-Akkupack, mit dem Sie ohne Einwegbatterien spielen k\u00f6nnen.<br \/>\nWir stellen vor: regrind1, ein Verfahren zum mechanischen Recycling von \u00fcbrig gebliebenen Controllerteilen der Xbox One-Generation zu einem Rohmaterial, das teilweise zur Herstellung neuer Controller verwendet werden kann \u2013 bei gleichbleibender Haltbarkeit und Leistung.<br \/>\nDurch das Mischen von PCR-Harzen mit nachgemahlenen Teilen aus zuvor geformten farbigen Teilen entstehen individuelle Erdt\u00f6ne mit subtilen Variationen, wirbelnden Markierungen und Texturen, die f\u00fcr Xbox einzigartig sind und jedem Controller sein eigenes Aussehen und Gef\u00fchl verleihen.<br \/>\nMit dem mitgelieferten Xbox-Akkupack und dem USB-C-Kabel bleibt die Action am Laufen. Laden Sie w\u00e4hrend des Spielens oder danach mit einer vollst\u00e4ndigen Aufladung von bis zu 4 Stunden und bis zu 30 Stunden Akkulaufzeit pro Aufladung auf.*<br \/>\nBeinhaltet Xbox Wireless- und Bluetooth-Technologie f\u00fcr kabelloses Spielen auf unterst\u00fctzten Konsolen, Windows-PCs sowie Android- und iOS-Telefonen und -Tablets.*<br \/>\nBleiben Sie mit dem Hybrid-D-Pad und dem strukturierten Griff an den Ausl\u00f6sern, Sto\u00dff\u00e4ngern und der R\u00fcckseite auf dem Ziel. Schlie\u00dfen Sie jedes kompatible Headset mit der 3,5-mm-Audio-Headset-Buchse an.<\/p>\n","protected":false},"excerpt":{"rendered":"<p>Enth\u00e4lt wiedergewonnene Kunststoffe, von denen ein Drittel aus nachgemahlenen und wiederverwerteten Materialien besteht. Enth\u00e4lt au\u00dferdem den Xbox-Akkupack, mit dem Sie ohne Einwegbatterien spielen k\u00f6nnen.<br \/>\nWir stellen vor: regrind1, ein Verfahren zum mechanischen Recycling von \u00fcbrig gebliebenen Controllerteilen der Xbox One-Generation zu einem Rohmaterial, das teilweise zur Herstellung neuer Controller verwendet werden kann \u2013 bei gleichbleibender Haltbarkeit und Leistung.<br \/>\nDurch das Mischen von PCR-Harzen mit nachgemahlenen Teilen aus zuvor geformten farbigen Teilen entstehen individuelle Erdt\u00f6ne mit subtilen Variationen, wirbelnden Markierungen und Texturen, die f\u00fcr Xbox einzigartig sind und jedem Controller sein eigenes Aussehen und Gef\u00fchl verleihen.<br \/>\nMit dem mitgelieferten Xbox-Akkupack und dem USB-C-Kabel bleibt die Action am Laufen. Laden Sie w\u00e4hrend des Spielens oder danach mit einer vollst\u00e4ndigen Aufladung von bis zu 4 Stunden und bis zu 30 Stunden Akkulaufzeit pro Aufladung auf.*<br \/>\nBeinhaltet Xbox Wireless- und Bluetooth-Technologie f\u00fcr kabelloses Spielen auf unterst\u00fctzten Konsolen, Windows-PCs sowie Android- und iOS-Telefonen und -Tablets.*<br \/>\nBleiben Sie mit dem Hybrid-D-Pad und dem strukturierten Griff an den Ausl\u00f6sern, Sto\u00dff\u00e4ngern und der R\u00fcckseite auf dem Ziel. Schlie\u00dfen Sie jedes kompatible Headset mit der 3,5-mm-Audio-Headset-Buchse an.<\/p>\n","protected":false},"featured_media":26026,"comment_status":"open","ping_status":"closed","template":"","meta":[],"product_brand":[],"product_cat":[28],"product_tag":[],"woo-feed-brand":[],"class_list":{"0":"post-26884","1":"product","2":"type-product","3":"status-publish","4":"has-post-thumbnail","6":"product_cat-xbox-konsolen","8":"entry","9":"has-media","11":"first","12":"instock","13":"sale","14":"taxable","15":"shipping-taxable","16":"purchasable","17":"product-type-simple","18":"has-product-nav","19":"col","20":"span_1_of_3","21":"owp-content-center","22":"owp-thumbs-layout-horizontal","23":"owp-btn-normal","24":"owp-tabs-layout-horizontal","25":"has-no-thumbnails"},"exclude_global_add_ons":[],"addons":[],"jetpack_sharing_enabled":true,"_links":{"self":[{"href":"https:\/\/www.techcloseoutlet.com\/index.php\/wp-json\/wp\/v2\/product\/26884","targetHints":{"allow":["GET"]}}],"collection":[{"href":"https:\/\/www.techcloseoutlet.com\/index.php\/wp-json\/wp\/v2\/product"}],"about":[{"href":"https:\/\/www.techcloseoutlet.com\/index.php\/wp-json\/wp\/v2\/types\/product"}],"replies":[{"embeddable":true,"href":"https:\/\/www.techcloseoutlet.com\/index.php\/wp-json\/wp\/v2\/comments?post=26884"}],"wp:featuredmedia":[{"embeddable":true,"href":"https:\/\/www.techcloseoutlet.com\/index.php\/wp-json\/wp\/v2\/media\/26026"}],"wp:attachment":[{"href":"https:\/\/www.techcloseoutlet.com\/index.php\/wp-json\/wp\/v2\/media?parent=26884"}],"wp:term":[{"taxonomy":"product_brand","embeddable":true,"href":"https:\/\/www.techcloseoutlet.com\/index.php\/wp-json\/wp\/v2\/product_brand?post=26884"},{"taxonomy":"product_cat","embeddable":true,"href":"https:\/\/www.techcloseoutlet.com\/index.php\/wp-json\/wp\/v2\/product_cat?post=26884"},{"taxonomy":"product_tag","embeddable":true,"href":"https:\/\/www.techcloseoutlet.com\/index.php\/wp-json\/wp\/v2\/product_tag?post=26884"},{"taxonomy":"woo-feed-brand","embeddable":true,"href":"https:\/\/www.techcloseoutlet.com\/index.php\/wp-json\/wp\/v2\/woo-feed-brand?post=26884"}],"curies":[{"name":"wp","href":"https:\/\/api.w.org\/{rel}","templated":true}]}}