{"id":26883,"date":"2024-04-24T12:34:08","date_gmt":"2024-04-24T12:34:08","guid":{"rendered":"https:\/\/www.techcloseoutlet.com\/index.php\/product\/microsoft-xbox-one-wireless-controller-midnight-forces-ii-special-edition-xbox-one-erneuert\/"},"modified":"2024-09-09T06:02:35","modified_gmt":"2024-09-09T06:02:35","slug":"microsoft-xbox-one-wireless-controller-midnight-forces-ii-special-edition-xbox-one-erneuert","status":"publish","type":"product","link":"https:\/\/www.techcloseoutlet.com\/index.php\/product\/microsoft-xbox-one-wireless-controller-midnight-forces-ii-special-edition-xbox-one-erneuert\/?lang=de","title":{"rendered":"Microsoft Xbox One Wireless Controller, Midnight Forces II Special Edition \u2013 Xbox One (erneuert)"},"content":{"rendered":"<p>Beherrschen Sie das Schlachtfeld mit dem Xbox Wireless Controller &#8211; Midnight Forces II Special Edition mit blauem Camouflage-Muster und strukturiertem Griff f\u00fcr mehr Komfort. Genie\u00dfen Sie die benutzerdefinierte Tastenbelegung und schlie\u00dfen Sie jedes kompatible Headset mit der 3,5-mm-Stereo-Headset-Buchse an. Und spielen Sie Ihre Lieblingsspiele mit Bluetooth-Technologie auf Windows 10-PCs und -Tablets.<\/p>\n","protected":false},"excerpt":{"rendered":"<p>Beherrschen Sie das Schlachtfeld mit dem Xbox Wireless Controller &#8211; Midnight Forces II Special Edition mit blauem Camouflage-Muster und strukturiertem Griff f\u00fcr mehr Komfort. Genie\u00dfen Sie die benutzerdefinierte Tastenbelegung und schlie\u00dfen Sie jedes kompatible Headset mit der 3,5-mm-Stereo-Headset-Buchse an. Und spielen Sie Ihre Lieblingsspiele mit Bluetooth-Technologie auf Windows 10-PCs und -Tablets.<\/p>\n","protected":false},"featured_media":26035,"comment_status":"open","ping_status":"closed","template":"","meta":[],"product_brand":[],"product_cat":[28],"product_tag":[],"woo-feed-brand":[],"class_list":{"0":"post-26883","1":"product","2":"type-product","3":"status-publish","4":"has-post-thumbnail","6":"product_cat-xbox-konsolen","8":"entry","9":"has-media","11":"first","12":"instock","13":"sale","14":"taxable","15":"shipping-taxable","16":"purchasable","17":"product-type-simple","18":"has-product-nav","19":"col","20":"span_1_of_3","21":"owp-content-center","22":"owp-thumbs-layout-horizontal","23":"owp-btn-normal","24":"owp-tabs-layout-horizontal","25":"has-no-thumbnails"},"exclude_global_add_ons":[],"addons":[],"jetpack_sharing_enabled":true,"_links":{"self":[{"href":"https:\/\/www.techcloseoutlet.com\/index.php\/wp-json\/wp\/v2\/product\/26883","targetHints":{"allow":["GET"]}}],"collection":[{"href":"https:\/\/www.techcloseoutlet.com\/index.php\/wp-json\/wp\/v2\/product"}],"about":[{"href":"https:\/\/www.techcloseoutlet.com\/index.php\/wp-json\/wp\/v2\/types\/product"}],"replies":[{"embeddable":true,"href":"https:\/\/www.techcloseoutlet.com\/index.php\/wp-json\/wp\/v2\/comments?post=26883"}],"wp:featuredmedia":[{"embeddable":true,"href":"https:\/\/www.techcloseoutlet.com\/index.php\/wp-json\/wp\/v2\/media\/26035"}],"wp:attachment":[{"href":"https:\/\/www.techcloseoutlet.com\/index.php\/wp-json\/wp\/v2\/media?parent=26883"}],"wp:term":[{"taxonomy":"product_brand","embeddable":true,"href":"https:\/\/www.techcloseoutlet.com\/index.php\/wp-json\/wp\/v2\/product_brand?post=26883"},{"taxonomy":"product_cat","embeddable":true,"href":"https:\/\/www.techcloseoutlet.com\/index.php\/wp-json\/wp\/v2\/product_cat?post=26883"},{"taxonomy":"product_tag","embeddable":true,"href":"https:\/\/www.techcloseoutlet.com\/index.php\/wp-json\/wp\/v2\/product_tag?post=26883"},{"taxonomy":"woo-feed-brand","embeddable":true,"href":"https:\/\/www.techcloseoutlet.com\/index.php\/wp-json\/wp\/v2\/woo-feed-brand?post=26883"}],"curies":[{"name":"wp","href":"https:\/\/api.w.org\/{rel}","templated":true}]}}