{"id":26880,"date":"2024-06-07T14:45:13","date_gmt":"2024-06-07T14:45:13","guid":{"rendered":"https:\/\/www.techcloseoutlet.com\/index.php\/product\/original-custom-xbox-series-x-s-wireless-controller-venom\/"},"modified":"2024-09-09T06:02:25","modified_gmt":"2024-09-09T06:02:25","slug":"original-custom-xbox-series-x-s-wireless-controller-venom","status":"publish","type":"product","link":"https:\/\/www.techcloseoutlet.com\/index.php\/product\/original-custom-xbox-series-x-s-wireless-controller-venom\/?lang=de","title":{"rendered":"Original Custom Xbox Series X\/S Wireless Controller Venom"},"content":{"rendered":"<p>\ud83c\udfae Wir stellen den Modded Custom Controller vor, ein ma\u00dfgeschneidertes Gaming-Zubeh\u00f6r, das exklusiv f\u00fcr Xbox One S\/X entwickelt wurde. Steigern Sie Ihr Gaming-Erlebnis mit beispielloser Leistung, Stil und Personalisierung, die Ihr Gameplay zweifellos verbessern werden.<br \/>\n\ud83c\udfae Markante Anpassung: Gestalten Sie Ihren Controller so, dass er Ihre unverwechselbare Gaming-Identit\u00e4t widerspiegelt. W\u00e4hlen Sie aus einer gro\u00dfen Auswahl an fesselnden Designs, lebendigen Farben und auff\u00e4lligen Mustern, um einen Controller zu gestalten, der authentisch zu Ihnen passt. Unsere erweiterten Anpassungsoptionen garantieren einen individuellen Look, der auf dem Bildschirm und im Alltag auff\u00e4llt.<br \/>\n\ud83c\udfaeAu\u00dfergew\u00f6hnliche Ergonomie: Der Modded Custom Controller wurde durchdacht f\u00fcr ausgedehnte Gaming-Sessions entwickelt und legt den Schwerpunkt auf Komfort. Seine ergonomische Form liegt bequem in Ihren H\u00e4nden und verringert die Erm\u00fcdung w\u00e4hrend l\u00e4ngerer Gaming-Sessions. Reaktionsschnelle Tasten und strukturierte Griffe sorgen f\u00fcr pr\u00e4zise Steuerung, w\u00e4hrend die glatten, reaktionsschnellen Analogsticks fl\u00fcssige Bewegungen erm\u00f6glichen.<br \/>\n\ud83c\udfae Steigern Sie Ihr Gaming-Engagement und setzen Sie mit dem Modded Custom Controller f\u00fcr Xbox One S\/X ein unverwechselbares Statement. Entfesseln Sie Ihr gesamtes Gaming-Potenzial und zeigen Sie Ihren Stil mit einem Controller, der sich nahtlos an Ihre Einzigartigkeit anpasst. R\u00fcsten Sie Ihr Gaming-Setup noch heute auf und genie\u00dfen Sie ein unvergleichliches Gaming-Erlebnis.<br \/>\n\ud83c\udfae Zuverl\u00e4ssige Qualit\u00e4t: Bei Modded steht Qualit\u00e4t an erster Stelle. Unsere Controller werden strengen Tests unterzogen, um ihre Haltbarkeit und Langlebigkeit sicherzustellen. Unterst\u00fctzt durch unser Engagement f\u00fcr Spitzenleistungen ist dieser Controller so konstruiert, dass er den Anforderungen intensiver Gaming-Sessions standh\u00e4lt und unersch\u00fctterliche Zuverl\u00e4ssigkeit bietet.<br \/>\n\u2705 Paket enth\u00e4lt: Original-Controller mit benutzerdefiniertem Skin, Controller-Anleitung.<\/p>\n","protected":false},"excerpt":{"rendered":"<p>\ud83c\udfae Wir stellen den Modded Custom Controller vor, ein ma\u00dfgeschneidertes Gaming-Zubeh\u00f6r, das exklusiv f\u00fcr Xbox One S\/X entwickelt wurde. Steigern Sie Ihr Gaming-Erlebnis mit beispielloser Leistung, Stil und Personalisierung, die Ihr Gameplay zweifellos verbessern werden.<br \/>\n\ud83c\udfae Markante Anpassung: Gestalten Sie Ihren Controller so, dass er Ihre unverwechselbare Gaming-Identit\u00e4t widerspiegelt. W\u00e4hlen Sie aus einer gro\u00dfen Auswahl an fesselnden Designs, lebendigen Farben und auff\u00e4lligen Mustern, um einen Controller zu gestalten, der authentisch zu Ihnen passt. Unsere erweiterten Anpassungsoptionen garantieren einen individuellen Look, der auf dem Bildschirm und im Alltag auff\u00e4llt.<br \/>\n\ud83c\udfaeAu\u00dfergew\u00f6hnliche Ergonomie: Der Modded Custom Controller wurde durchdacht f\u00fcr ausgedehnte Gaming-Sessions entwickelt und legt den Schwerpunkt auf Komfort. Seine ergonomische Form liegt bequem in Ihren H\u00e4nden und verringert die Erm\u00fcdung w\u00e4hrend l\u00e4ngerer Gaming-Sessions. Reaktionsschnelle Tasten und strukturierte Griffe sorgen f\u00fcr pr\u00e4zise Steuerung, w\u00e4hrend die glatten, reaktionsschnellen Analogsticks fl\u00fcssige Bewegungen erm\u00f6glichen.<br \/>\n\ud83c\udfae Steigern Sie Ihr Gaming-Engagement und setzen Sie mit dem Modded Custom Controller f\u00fcr Xbox One S\/X ein unverwechselbares Statement. Entfesseln Sie Ihr gesamtes Gaming-Potenzial und zeigen Sie Ihren Stil mit einem Controller, der sich nahtlos an Ihre Einzigartigkeit anpasst. R\u00fcsten Sie Ihr Gaming-Setup noch heute auf und genie\u00dfen Sie ein unvergleichliches Gaming-Erlebnis.<br \/>\n\ud83c\udfae Zuverl\u00e4ssige Qualit\u00e4t: Bei Modded steht Qualit\u00e4t an erster Stelle. Unsere Controller werden strengen Tests unterzogen, um ihre Haltbarkeit und Langlebigkeit sicherzustellen. Unterst\u00fctzt durch unser Engagement f\u00fcr Spitzenleistungen ist dieser Controller so konstruiert, dass er den Anforderungen intensiver Gaming-Sessions standh\u00e4lt und unersch\u00fctterliche Zuverl\u00e4ssigkeit bietet.<br \/>\n\u2705 Paket enth\u00e4lt: Original-Controller mit benutzerdefiniertem Skin, Controller-Anleitung.<\/p>\n","protected":false},"featured_media":26783,"comment_status":"open","ping_status":"closed","template":"","meta":[],"product_brand":[],"product_cat":[28],"product_tag":[],"woo-feed-brand":[],"class_list":{"0":"post-26880","1":"product","2":"type-product","3":"status-publish","4":"has-post-thumbnail","6":"product_cat-xbox-konsolen","8":"entry","9":"has-media","11":"first","12":"instock","13":"sale","14":"taxable","15":"shipping-taxable","16":"purchasable","17":"product-type-simple","18":"has-product-nav","19":"col","20":"span_1_of_3","21":"owp-content-center","22":"owp-thumbs-layout-horizontal","23":"owp-btn-normal","24":"owp-tabs-layout-horizontal","25":"has-no-thumbnails"},"exclude_global_add_ons":[],"addons":[],"jetpack_sharing_enabled":true,"_links":{"self":[{"href":"https:\/\/www.techcloseoutlet.com\/index.php\/wp-json\/wp\/v2\/product\/26880","targetHints":{"allow":["GET"]}}],"collection":[{"href":"https:\/\/www.techcloseoutlet.com\/index.php\/wp-json\/wp\/v2\/product"}],"about":[{"href":"https:\/\/www.techcloseoutlet.com\/index.php\/wp-json\/wp\/v2\/types\/product"}],"replies":[{"embeddable":true,"href":"https:\/\/www.techcloseoutlet.com\/index.php\/wp-json\/wp\/v2\/comments?post=26880"}],"wp:featuredmedia":[{"embeddable":true,"href":"https:\/\/www.techcloseoutlet.com\/index.php\/wp-json\/wp\/v2\/media\/26783"}],"wp:attachment":[{"href":"https:\/\/www.techcloseoutlet.com\/index.php\/wp-json\/wp\/v2\/media?parent=26880"}],"wp:term":[{"taxonomy":"product_brand","embeddable":true,"href":"https:\/\/www.techcloseoutlet.com\/index.php\/wp-json\/wp\/v2\/product_brand?post=26880"},{"taxonomy":"product_cat","embeddable":true,"href":"https:\/\/www.techcloseoutlet.com\/index.php\/wp-json\/wp\/v2\/product_cat?post=26880"},{"taxonomy":"product_tag","embeddable":true,"href":"https:\/\/www.techcloseoutlet.com\/index.php\/wp-json\/wp\/v2\/product_tag?post=26880"},{"taxonomy":"woo-feed-brand","embeddable":true,"href":"https:\/\/www.techcloseoutlet.com\/index.php\/wp-json\/wp\/v2\/woo-feed-brand?post=26880"}],"curies":[{"name":"wp","href":"https:\/\/api.w.org\/{rel}","templated":true}]}}