{"id":22685,"date":"2024-01-16T15:01:39","date_gmt":"2024-01-16T15:01:39","guid":{"rendered":"https:\/\/www.techcloseoutlet.com\/index.php\/product\/xbox-elite-series-2-wireless-gaming-controller-black-xbox-series-xs-xbox-one-windows-pc-android-and-ios\/"},"modified":"2024-09-09T06:04:55","modified_gmt":"2024-09-09T06:04:55","slug":"xbox-elite-series-2-wireless-gaming-controller-black-xbox-series-xs-xbox-one-windows-pc-android-and-ios","status":"publish","type":"product","link":"https:\/\/www.techcloseoutlet.com\/index.php\/product\/xbox-elite-series-2-wireless-gaming-controller-black-xbox-series-xs-xbox-one-windows-pc-android-and-ios\/?lang=de","title":{"rendered":"Xbox Elite Series 2 Wireless Gaming Controller \u2013 Schwarz \u2013 Xbox Series X|S, Xbox One, Windows PC, Android und iOS"},"content":{"rendered":"<p>Erleben Sie den Xbox Elite Wireless Controller Series 2 mit Daumenstiften mit einstellbarer Spannung, umlaufendem gummiertem Griff und k\u00fcrzeren Haarausl\u00f6sesperren. Erleben Sie grenzenlose Anpassungsm\u00f6glichkeiten mit austauschbaren Komponenten und exklusiven Tastenbelegungsoptionen in der Xbox-Zubeh\u00f6r-App. Speichern Sie bis zu 3 benutzerdefinierte Profile auf dem Controller und wechseln Sie im Handumdrehen zwischen ihnen. Tauschen Sie Thumbstick-Aufs\u00e4tze, D-Pads und Paddles aus, um Ihren Controller an Ihren bevorzugten Spielstil anzupassen. Bleiben Sie im Spiel mit bis zu 40 Stunden Akkulaufzeit und raffinierten Komponenten, die auf Langlebigkeit ausgelegt sind. Verwenden Sie Xbox Wireless, Bluetooth oder das mitgelieferte USB-C-Kabel, um auf Xbox Series X|S, Xbox One und Windows zu spielen. Der Xbox Elite Wireless Controller Series 2 wurde speziell f\u00fcr die Bed\u00fcrfnisse der heutigen Wettkampfspieler entwickelt und bietet au\u00dfergew\u00f6hnliche Leistung, Anpassungsf\u00e4higkeit und Haltbarkeit dort, wo es am wichtigsten ist \u2013 in Ihre H\u00e4nde.*<\/p>\n","protected":false},"excerpt":{"rendered":"<p>Erleben Sie den Xbox Elite Wireless Controller Series 2 mit Daumenstiften mit einstellbarer Spannung, umlaufendem gummiertem Griff und k\u00fcrzeren Haarausl\u00f6sesperren. Erleben Sie grenzenlose Anpassungsm\u00f6glichkeiten mit austauschbaren Komponenten und exklusiven Tastenbelegungsoptionen in der Xbox-Zubeh\u00f6r-App. Speichern Sie bis zu 3 benutzerdefinierte Profile auf dem Controller und wechseln Sie im Handumdrehen zwischen ihnen. Tauschen Sie Thumbstick-Aufs\u00e4tze, D-Pads und Paddles aus, um Ihren Controller an Ihren bevorzugten Spielstil anzupassen. Bleiben Sie im Spiel mit bis zu 40 Stunden Akkulaufzeit und raffinierten Komponenten, die auf Langlebigkeit ausgelegt sind. Verwenden Sie Xbox Wireless, Bluetooth oder das mitgelieferte USB-C-Kabel, um auf Xbox Series X|S, Xbox One und Windows zu spielen. Der Xbox Elite Wireless Controller Series 2 wurde speziell f\u00fcr die Bed\u00fcrfnisse der heutigen Wettkampfspieler entwickelt und bietet au\u00dfergew\u00f6hnliche Leistung, Anpassungsf\u00e4higkeit und Haltbarkeit dort, wo es am wichtigsten ist \u2013 in Ihre H\u00e4nde.*<\/p>\n","protected":false},"featured_media":22621,"comment_status":"open","ping_status":"closed","template":"","meta":[],"product_brand":[],"product_cat":[28],"product_tag":[],"woo-feed-brand":[],"class_list":{"0":"post-22685","1":"product","2":"type-product","3":"status-publish","4":"has-post-thumbnail","6":"product_cat-xbox-konsolen","8":"entry","9":"has-media","11":"first","12":"instock","13":"sale","14":"taxable","15":"shipping-taxable","16":"purchasable","17":"product-type-simple","18":"has-product-nav","19":"col","20":"span_1_of_3","21":"owp-content-center","22":"owp-thumbs-layout-horizontal","23":"owp-btn-normal","24":"owp-tabs-layout-horizontal","25":"has-no-thumbnails"},"exclude_global_add_ons":[],"addons":[],"jetpack_sharing_enabled":true,"_links":{"self":[{"href":"https:\/\/www.techcloseoutlet.com\/index.php\/wp-json\/wp\/v2\/product\/22685","targetHints":{"allow":["GET"]}}],"collection":[{"href":"https:\/\/www.techcloseoutlet.com\/index.php\/wp-json\/wp\/v2\/product"}],"about":[{"href":"https:\/\/www.techcloseoutlet.com\/index.php\/wp-json\/wp\/v2\/types\/product"}],"replies":[{"embeddable":true,"href":"https:\/\/www.techcloseoutlet.com\/index.php\/wp-json\/wp\/v2\/comments?post=22685"}],"wp:featuredmedia":[{"embeddable":true,"href":"https:\/\/www.techcloseoutlet.com\/index.php\/wp-json\/wp\/v2\/media\/22621"}],"wp:attachment":[{"href":"https:\/\/www.techcloseoutlet.com\/index.php\/wp-json\/wp\/v2\/media?parent=22685"}],"wp:term":[{"taxonomy":"product_brand","embeddable":true,"href":"https:\/\/www.techcloseoutlet.com\/index.php\/wp-json\/wp\/v2\/product_brand?post=22685"},{"taxonomy":"product_cat","embeddable":true,"href":"https:\/\/www.techcloseoutlet.com\/index.php\/wp-json\/wp\/v2\/product_cat?post=22685"},{"taxonomy":"product_tag","embeddable":true,"href":"https:\/\/www.techcloseoutlet.com\/index.php\/wp-json\/wp\/v2\/product_tag?post=22685"},{"taxonomy":"woo-feed-brand","embeddable":true,"href":"https:\/\/www.techcloseoutlet.com\/index.php\/wp-json\/wp\/v2\/woo-feed-brand?post=22685"}],"curies":[{"name":"wp","href":"https:\/\/api.w.org\/{rel}","templated":true}]}}