{"id":20867,"date":"2023-11-27T00:22:33","date_gmt":"2023-11-27T00:22:33","guid":{"rendered":"https:\/\/www.techcloseoutlet.com\/index.php\/product\/dualshock-4-wireless-controller-for-playstation-4-green-camouflage\/"},"modified":"2025-04-05T09:45:43","modified_gmt":"2025-04-05T09:45:43","slug":"dualshock-4-wireless-controller-for-playstation-4-green-camouflage","status":"publish","type":"product","link":"https:\/\/www.techcloseoutlet.com\/index.php\/product\/dualshock-4-wireless-controller-for-playstation-4-green-camouflage\/?lang=de","title":{"rendered":"DualShock 4 Kabelloser Controller f\u00fcr PlayStation 4 &#8211; Gr\u00fcn Tarnung"},"content":{"rendered":"<p>Das Gef\u00fchl, die Form und die Empfindlichkeit der Dual-Analog-Sticks und Trigger-Tasten wurden verbessert, um eine gr\u00f6\u00dfere Kontrolle zu bieten, egal was Sie spielen. DualShock 4 Kabelloser Controller ist kompatibel mit PS4 und PC. Das Ger\u00e4t ist nur kompatibel mit PS5, wenn PS4-Spiele gespielt werden. Das neue Multi-Touch- und klickbare Touchpad auf der Vorderseite des DualShock 4 Kabellosen Controllers er\u00f6ffnet Welten neuer Spielm\u00f6glichkeiten sowohl f\u00fcr Neulinge als auch f\u00fcr erfahrene Spieler. Der DualShock 4 Kabellose Controller verf\u00fcgt \u00fcber einen eingebauten Lautsprecher und einen Stereo-Headset-Anschluss, der dem Spieler neue Audiooptionen an die Hand gibt. Der DualShock 4 Kabellose Controller kann einfach aufgeladen werden, indem er an Ihr PlayStation 4-System angeschlossen wird, auch im Ruhemodus, oder mit jedem Standardladeger\u00e4t und einem USB-Kabel (Typ A auf Micro B, separat erh\u00e4ltlich). Der DualShock 4 Kabellose Controller verf\u00fcgt \u00fcber einen Stereo-Headset-Anschluss. H\u00f6ren Sie Ihre Spiele im Privaten und erleben Sie jeden Knall und jede Explosion dank eines integrierten 3,5-mm-Audioanschlusses f\u00fcr Ihre Kopfh\u00f6rer. DualShock 4 Kabelloser Controller ist kompatibel mit PS4 und PC. Das Ger\u00e4t ist nur kompatibel mit PS5, wenn PS4-Spiele gespielt werden.<\/p>\n","protected":false},"excerpt":{"rendered":"<p>Das Gef\u00fchl, die Form und die Empfindlichkeit der Dual-Analog-Sticks und Trigger-Tasten wurden verbessert, um eine gr\u00f6\u00dfere Kontrolle zu bieten, egal was Sie spielen. DualShock 4 Kabelloser Controller ist kompatibel mit PS4 und PC. Das Ger\u00e4t ist nur kompatibel mit PS5, wenn PS4-Spiele gespielt werden. Das neue Multi-Touch- und klickbare Touchpad auf der Vorderseite des DualShock 4 Kabellosen Controllers er\u00f6ffnet Welten neuer Spielm\u00f6glichkeiten sowohl f\u00fcr Neulinge als auch f\u00fcr erfahrene Spieler. Der DualShock 4 Kabellose Controller verf\u00fcgt \u00fcber einen eingebauten Lautsprecher und einen Stereo-Headset-Anschluss, der dem Spieler neue Audiooptionen an die Hand gibt. Der DualShock 4 Kabellose Controller kann einfach aufgeladen werden, indem er an Ihr PlayStation 4-System angeschlossen wird, auch im Ruhemodus, oder mit jedem Standardladeger\u00e4t und einem USB-Kabel (Typ A auf Micro B, separat erh\u00e4ltlich). Der DualShock 4 Kabellose Controller verf\u00fcgt \u00fcber einen Stereo-Headset-Anschluss. H\u00f6ren Sie Ihre Spiele im Privaten und erleben Sie jeden Knall und jede Explosion dank eines integrierten 3,5-mm-Audioanschlusses f\u00fcr Ihre Kopfh\u00f6rer. DualShock 4 Kabelloser Controller ist kompatibel mit PS4 und PC. Das Ger\u00e4t ist nur kompatibel mit PS5, wenn PS4-Spiele gespielt werden.<\/p>\n","protected":false},"featured_media":20860,"comment_status":"open","ping_status":"closed","template":"","meta":[],"product_brand":[],"product_cat":[27],"product_tag":[],"woo-feed-brand":[],"class_list":{"0":"post-20867","1":"product","2":"type-product","3":"status-publish","4":"has-post-thumbnail","6":"product_cat-playstation-konsolen","8":"entry","9":"has-media","11":"first","12":"instock","13":"sale","14":"taxable","15":"shipping-taxable","16":"purchasable","17":"product-type-simple","18":"has-product-nav","19":"col","20":"span_1_of_3","21":"owp-content-center","22":"owp-thumbs-layout-horizontal","23":"owp-btn-normal","24":"owp-tabs-layout-horizontal","25":"has-no-thumbnails"},"exclude_global_add_ons":[],"addons":[],"jetpack_sharing_enabled":true,"_links":{"self":[{"href":"https:\/\/www.techcloseoutlet.com\/index.php\/wp-json\/wp\/v2\/product\/20867","targetHints":{"allow":["GET"]}}],"collection":[{"href":"https:\/\/www.techcloseoutlet.com\/index.php\/wp-json\/wp\/v2\/product"}],"about":[{"href":"https:\/\/www.techcloseoutlet.com\/index.php\/wp-json\/wp\/v2\/types\/product"}],"replies":[{"embeddable":true,"href":"https:\/\/www.techcloseoutlet.com\/index.php\/wp-json\/wp\/v2\/comments?post=20867"}],"wp:featuredmedia":[{"embeddable":true,"href":"https:\/\/www.techcloseoutlet.com\/index.php\/wp-json\/wp\/v2\/media\/20860"}],"wp:attachment":[{"href":"https:\/\/www.techcloseoutlet.com\/index.php\/wp-json\/wp\/v2\/media?parent=20867"}],"wp:term":[{"taxonomy":"product_brand","embeddable":true,"href":"https:\/\/www.techcloseoutlet.com\/index.php\/wp-json\/wp\/v2\/product_brand?post=20867"},{"taxonomy":"product_cat","embeddable":true,"href":"https:\/\/www.techcloseoutlet.com\/index.php\/wp-json\/wp\/v2\/product_cat?post=20867"},{"taxonomy":"product_tag","embeddable":true,"href":"https:\/\/www.techcloseoutlet.com\/index.php\/wp-json\/wp\/v2\/product_tag?post=20867"},{"taxonomy":"woo-feed-brand","embeddable":true,"href":"https:\/\/www.techcloseoutlet.com\/index.php\/wp-json\/wp\/v2\/woo-feed-brand?post=20867"}],"curies":[{"name":"wp","href":"https:\/\/api.w.org\/{rel}","templated":true}]}}