{"id":19020,"date":"2023-09-06T12:45:19","date_gmt":"2023-09-06T12:45:19","guid":{"rendered":"https:\/\/www.techcloseoutlet.com\/index.php\/product\/wireless-n-network-adaptor-xbox-360-renewed\/"},"modified":"2024-09-09T06:12:46","modified_gmt":"2024-09-09T06:12:46","slug":"wireless-n-network-adaptor-xbox-360-renewed","status":"publish","type":"product","link":"https:\/\/www.techcloseoutlet.com\/index.php\/product\/wireless-n-network-adaptor-xbox-360-renewed\/?lang=de","title":{"rendered":"Wireless N Netzwerkadapter (Xbox 360) (erneuert)"},"content":{"rendered":"<p>Das Produkt ist general\u00fcberholt, voll funktionsf\u00e4hig und in ausgezeichnetem Zustand. Unterst\u00fctzt durch die verl\u00e4ngerte 90-Tage-Garantie.<br \/>\n&#8211; Dieses gebrauchte Produkt wurde von qualifizierten H\u00e4ndlern professionell gepr\u00fcft, getestet und gereinigt.<br \/>\n&#8211; Dieses Produkt befindet sich in \u201eAusgezeichnetem Zustand\u201c. Der Bildschirm und das Geh\u00e4use weisen keine Anzeichen kosmetischer Sch\u00e4den auf, die aus einer Entfernung von 12 Zoll sichtbar sind.<br \/>\n&#8211; Sofern vorhanden, haben Batterien eine Kapazit\u00e4t, die 80 % des neuen \u00c4quivalents \u00fcbersteigt.<br \/>\n&#8211; Das Zubeh\u00f6r ist m\u00f6glicherweise nicht original, aber kompatibel und voll funktionsf\u00e4hig. Das Produkt wird m\u00f6glicherweise in einer Standardverpackung geliefert.<br \/>\n&#8211; F\u00fcr dieses Produkt besteht innerhalb von 90 Tagen nach Erhalt Anspruch auf Ersatz oder R\u00fcckerstattung, wenn es nicht wie erwartet funktioniert.<\/p>\n","protected":false},"excerpt":{"rendered":"<p>Das Produkt ist general\u00fcberholt, voll funktionsf\u00e4hig und in ausgezeichnetem Zustand. Unterst\u00fctzt durch die verl\u00e4ngerte 90-Tage-Garantie.<br \/>\n&#8211; Dieses gebrauchte Produkt wurde von qualifizierten H\u00e4ndlern professionell gepr\u00fcft, getestet und gereinigt.<br \/>\n&#8211; Dieses Produkt befindet sich in \u201eAusgezeichnetem Zustand\u201c. Der Bildschirm und das Geh\u00e4use weisen keine Anzeichen kosmetischer Sch\u00e4den auf, die aus einer Entfernung von 12 Zoll sichtbar sind.<br \/>\n&#8211; Sofern vorhanden, haben Batterien eine Kapazit\u00e4t, die 80 % des neuen \u00c4quivalents \u00fcbersteigt.<br \/>\n&#8211; Das Zubeh\u00f6r ist m\u00f6glicherweise nicht original, aber kompatibel und voll funktionsf\u00e4hig. Das Produkt wird m\u00f6glicherweise in einer Standardverpackung geliefert.<br \/>\n&#8211; F\u00fcr dieses Produkt besteht innerhalb von 90 Tagen nach Erhalt Anspruch auf Ersatz oder R\u00fcckerstattung, wenn es nicht wie erwartet funktioniert.<\/p>\n","protected":false},"featured_media":18823,"comment_status":"open","ping_status":"closed","template":"","meta":[],"product_brand":[],"product_cat":[28],"product_tag":[],"woo-feed-brand":[],"class_list":{"0":"post-19020","1":"product","2":"type-product","3":"status-publish","4":"has-post-thumbnail","6":"product_cat-xbox-konsolen","8":"entry","9":"has-media","11":"first","12":"instock","13":"sale","14":"taxable","15":"shipping-taxable","16":"purchasable","17":"product-type-simple","18":"has-product-nav","19":"col","20":"span_1_of_3","21":"owp-content-center","22":"owp-thumbs-layout-horizontal","23":"owp-btn-normal","24":"owp-tabs-layout-horizontal","25":"has-no-thumbnails"},"exclude_global_add_ons":[],"addons":[],"jetpack_sharing_enabled":true,"_links":{"self":[{"href":"https:\/\/www.techcloseoutlet.com\/index.php\/wp-json\/wp\/v2\/product\/19020","targetHints":{"allow":["GET"]}}],"collection":[{"href":"https:\/\/www.techcloseoutlet.com\/index.php\/wp-json\/wp\/v2\/product"}],"about":[{"href":"https:\/\/www.techcloseoutlet.com\/index.php\/wp-json\/wp\/v2\/types\/product"}],"replies":[{"embeddable":true,"href":"https:\/\/www.techcloseoutlet.com\/index.php\/wp-json\/wp\/v2\/comments?post=19020"}],"wp:featuredmedia":[{"embeddable":true,"href":"https:\/\/www.techcloseoutlet.com\/index.php\/wp-json\/wp\/v2\/media\/18823"}],"wp:attachment":[{"href":"https:\/\/www.techcloseoutlet.com\/index.php\/wp-json\/wp\/v2\/media?parent=19020"}],"wp:term":[{"taxonomy":"product_brand","embeddable":true,"href":"https:\/\/www.techcloseoutlet.com\/index.php\/wp-json\/wp\/v2\/product_brand?post=19020"},{"taxonomy":"product_cat","embeddable":true,"href":"https:\/\/www.techcloseoutlet.com\/index.php\/wp-json\/wp\/v2\/product_cat?post=19020"},{"taxonomy":"product_tag","embeddable":true,"href":"https:\/\/www.techcloseoutlet.com\/index.php\/wp-json\/wp\/v2\/product_tag?post=19020"},{"taxonomy":"woo-feed-brand","embeddable":true,"href":"https:\/\/www.techcloseoutlet.com\/index.php\/wp-json\/wp\/v2\/woo-feed-brand?post=19020"}],"curies":[{"name":"wp","href":"https:\/\/api.w.org\/{rel}","templated":true}]}}