{"id":18819,"date":"2023-09-06T10:57:18","date_gmt":"2023-09-06T10:57:18","guid":{"rendered":"https:\/\/www.techcloseoutlet.com\/index.php\/product\/microsoft-xbox-360-wireless-controller-black-for-windows-xbox-360-console\/"},"modified":"2024-09-09T06:13:46","modified_gmt":"2024-09-09T06:13:46","slug":"microsoft-xbox-360-wireless-controller-black-for-windows-xbox-360-console","status":"publish","type":"product","link":"https:\/\/www.techcloseoutlet.com\/index.php\/product\/microsoft-xbox-360-wireless-controller-black-for-windows-xbox-360-console\/?lang=de","title":{"rendered":"Microsoft Xbox 360 Wireless Controller Schwarz f\u00fcr Windows und Xbox 360 Konsole"},"content":{"rendered":"<p>Kabellos: Mit der integrierten 2,4-GHz-Hochleistungs-Funktechnologie k\u00f6nnen Sie das Geschehen aus einer Entfernung von bis zu 9 Metern steuern.<br \/>\nF\u00fcr PC und Xbox 360: Funktioniert auf allen Gaming-Plattformen von Microsoft. Der Xbox 360 Controller f\u00fcr Windows funktioniert mit den meisten Windows 8-PCs und Xbox 360 und bietet ein konsistentes und universelles Spielerlebnis.<br \/>\nVibrations-Feedback: Erhalten Sie ein besseres Gef\u00fchl f\u00fcr das Spiel. Vibrations-Feedback sorgt jedes Mal f\u00fcr ein fesselndes Spielvergn\u00fcgen.<br \/>\nErgonomisch: Spielen Sie mit absolutem Komfort. Die preisgekr\u00f6nte kompakte Ergonomie sorgt f\u00fcr ein komfortableres Spielerlebnis.<br \/>\nXbox Live-Spiel: Integrierte Headset-Buchse f\u00fcr PC-Headsets und Xbox Live-Spiel.<br \/>\nDer Controller wird ohne drahtlosen Empf\u00e4nger geliefert. Der Empf\u00e4nger muss separat erworben werden.<br \/>\nSpielen Sie, wo Sie wollen \u2013 Eine 2,4-GHz-Wireless-Verbindung mit einer Reichweite von bis zu 30 Fu\u00df bedeutet, dass Sie mehr Bewegungsfreiheit haben.<\/p>\n","protected":false},"excerpt":{"rendered":"<p>Kabellos: Mit der integrierten 2,4-GHz-Hochleistungs-Funktechnologie k\u00f6nnen Sie das Geschehen aus einer Entfernung von bis zu 9 Metern steuern.<br \/>\nF\u00fcr PC und Xbox 360: Funktioniert auf allen Gaming-Plattformen von Microsoft. Der Xbox 360 Controller f\u00fcr Windows funktioniert mit den meisten Windows 8-PCs und Xbox 360 und bietet ein konsistentes und universelles Spielerlebnis.<br \/>\nVibrations-Feedback: Erhalten Sie ein besseres Gef\u00fchl f\u00fcr das Spiel. Vibrations-Feedback sorgt jedes Mal f\u00fcr ein fesselndes Spielvergn\u00fcgen.<br \/>\nErgonomisch: Spielen Sie mit absolutem Komfort. Die preisgekr\u00f6nte kompakte Ergonomie sorgt f\u00fcr ein komfortableres Spielerlebnis.<br \/>\nXbox Live-Spiel: Integrierte Headset-Buchse f\u00fcr PC-Headsets und Xbox Live-Spiel.<br \/>\nDer Controller wird ohne drahtlosen Empf\u00e4nger geliefert. Der Empf\u00e4nger muss separat erworben werden.<br \/>\nSpielen Sie, wo Sie wollen \u2013 Eine 2,4-GHz-Wireless-Verbindung mit einer Reichweite von bis zu 30 Fu\u00df bedeutet, dass Sie mehr Bewegungsfreiheit haben.<\/p>\n","protected":false},"featured_media":18781,"comment_status":"open","ping_status":"closed","template":"","meta":[],"product_brand":[],"product_cat":[28],"product_tag":[],"woo-feed-brand":[],"class_list":{"0":"post-18819","1":"product","2":"type-product","3":"status-publish","4":"has-post-thumbnail","6":"product_cat-xbox-konsolen","8":"entry","9":"has-media","11":"first","12":"instock","13":"taxable","14":"shipping-taxable","15":"purchasable","16":"product-type-simple","17":"has-product-nav","18":"col","19":"span_1_of_3","20":"owp-content-center","21":"owp-thumbs-layout-horizontal","22":"owp-btn-normal","23":"owp-tabs-layout-horizontal","24":"has-no-thumbnails"},"exclude_global_add_ons":[],"addons":[],"jetpack_sharing_enabled":true,"_links":{"self":[{"href":"https:\/\/www.techcloseoutlet.com\/index.php\/wp-json\/wp\/v2\/product\/18819","targetHints":{"allow":["GET"]}}],"collection":[{"href":"https:\/\/www.techcloseoutlet.com\/index.php\/wp-json\/wp\/v2\/product"}],"about":[{"href":"https:\/\/www.techcloseoutlet.com\/index.php\/wp-json\/wp\/v2\/types\/product"}],"replies":[{"embeddable":true,"href":"https:\/\/www.techcloseoutlet.com\/index.php\/wp-json\/wp\/v2\/comments?post=18819"}],"wp:featuredmedia":[{"embeddable":true,"href":"https:\/\/www.techcloseoutlet.com\/index.php\/wp-json\/wp\/v2\/media\/18781"}],"wp:attachment":[{"href":"https:\/\/www.techcloseoutlet.com\/index.php\/wp-json\/wp\/v2\/media?parent=18819"}],"wp:term":[{"taxonomy":"product_brand","embeddable":true,"href":"https:\/\/www.techcloseoutlet.com\/index.php\/wp-json\/wp\/v2\/product_brand?post=18819"},{"taxonomy":"product_cat","embeddable":true,"href":"https:\/\/www.techcloseoutlet.com\/index.php\/wp-json\/wp\/v2\/product_cat?post=18819"},{"taxonomy":"product_tag","embeddable":true,"href":"https:\/\/www.techcloseoutlet.com\/index.php\/wp-json\/wp\/v2\/product_tag?post=18819"},{"taxonomy":"woo-feed-brand","embeddable":true,"href":"https:\/\/www.techcloseoutlet.com\/index.php\/wp-json\/wp\/v2\/woo-feed-brand?post=18819"}],"curies":[{"name":"wp","href":"https:\/\/api.w.org\/{rel}","templated":true}]}}