{"id":18817,"date":"2023-09-06T10:48:27","date_gmt":"2023-09-06T10:48:27","guid":{"rendered":"https:\/\/www.techcloseoutlet.com\/index.php\/product\/power-a-enhanced-xbox-series-xs-pc-spirit-red-rematch-advanced-wired-controller\/"},"modified":"2024-09-09T06:14:22","modified_gmt":"2024-09-09T06:14:22","slug":"power-a-enhanced-xbox-series-xs-pc-spirit-red-rematch-advanced-wired-controller","status":"publish","type":"product","link":"https:\/\/www.techcloseoutlet.com\/index.php\/product\/power-a-enhanced-xbox-series-xs-pc-spirit-red-rematch-advanced-wired-controller\/?lang=de","title":{"rendered":"Betreiben Sie einen erweiterten kabelgebundenen REMATCH-Controller f\u00fcr Xbox Series X|S und PC Spirit Red"},"content":{"rendered":"<p>Durchlaufen Sie strenge Qualit\u00e4ts- und Sicherheitstests, die von Xbox durchgef\u00fchrt werden, um ein offiziell lizenziertes Produkt zu werden.<\/p>\n<p>Ordnen Sie Controller-Funktionen den beiden programmierbaren Zur\u00fcck-Tasten zu, um die Operationen schnell und effizient auszuf\u00fchren.<\/p>\n<p>Laserge\u00e4tzte Texturen auf den Griffen, Analogsticks und Triggern sorgen f\u00fcr Komfort und Genauigkeit, w\u00e4hrend das kreisf\u00f6rmige D-Pad schnellere Eingaben erm\u00f6glicht.<\/p>\n<p>Verbessern Sie Ihr Gameplay, indem Sie Ihre Controller-Einstellungen und mehr in der kostenlosen App anpassen.<\/p>\n<p>Teilen Sie Fotos und Videos dieser epischen spielentscheidenden Bewegungen oder fehlgeschlagener Gesichtshandbewegungen \u00fcber die spezielle Schaltfl\u00e4che \u201eTeilen\u201c.<\/p>\n<p>Bringen Sie Ihren Gamer-Stil mit passenden Accessoires auf ein neues Level.<\/p>\n","protected":false},"excerpt":{"rendered":"<p>Durchlaufen Sie strenge Qualit\u00e4ts- und Sicherheitstests, die von Xbox durchgef\u00fchrt werden, um ein offiziell lizenziertes Produkt zu werden.<\/p>\n<p>Ordnen Sie Controller-Funktionen den beiden programmierbaren Zur\u00fcck-Tasten zu, um die Operationen schnell und effizient auszuf\u00fchren.<\/p>\n<p>Laserge\u00e4tzte Texturen auf den Griffen, Analogsticks und Triggern sorgen f\u00fcr Komfort und Genauigkeit, w\u00e4hrend das kreisf\u00f6rmige D-Pad schnellere Eingaben erm\u00f6glicht.<\/p>\n<p>Verbessern Sie Ihr Gameplay, indem Sie Ihre Controller-Einstellungen und mehr in der kostenlosen App anpassen.<\/p>\n<p>Teilen Sie Fotos und Videos dieser epischen spielentscheidenden Bewegungen oder fehlgeschlagener Gesichtshandbewegungen \u00fcber die spezielle Schaltfl\u00e4che \u201eTeilen\u201c.<\/p>\n<p>Bringen Sie Ihren Gamer-Stil mit passenden Accessoires auf ein neues Level.<\/p>\n","protected":false},"featured_media":18776,"comment_status":"open","ping_status":"closed","template":"","meta":[],"product_brand":[],"product_cat":[28],"product_tag":[],"woo-feed-brand":[],"class_list":{"0":"post-18817","1":"product","2":"type-product","3":"status-publish","4":"has-post-thumbnail","6":"product_cat-xbox-konsolen","8":"entry","9":"has-media","11":"first","12":"instock","13":"taxable","14":"shipping-taxable","15":"purchasable","16":"product-type-simple","17":"has-product-nav","18":"col","19":"span_1_of_3","20":"owp-content-center","21":"owp-thumbs-layout-horizontal","22":"owp-btn-normal","23":"owp-tabs-layout-horizontal"},"exclude_global_add_ons":[],"addons":[],"jetpack_sharing_enabled":true,"_links":{"self":[{"href":"https:\/\/www.techcloseoutlet.com\/index.php\/wp-json\/wp\/v2\/product\/18817","targetHints":{"allow":["GET"]}}],"collection":[{"href":"https:\/\/www.techcloseoutlet.com\/index.php\/wp-json\/wp\/v2\/product"}],"about":[{"href":"https:\/\/www.techcloseoutlet.com\/index.php\/wp-json\/wp\/v2\/types\/product"}],"replies":[{"embeddable":true,"href":"https:\/\/www.techcloseoutlet.com\/index.php\/wp-json\/wp\/v2\/comments?post=18817"}],"wp:featuredmedia":[{"embeddable":true,"href":"https:\/\/www.techcloseoutlet.com\/index.php\/wp-json\/wp\/v2\/media\/18776"}],"wp:attachment":[{"href":"https:\/\/www.techcloseoutlet.com\/index.php\/wp-json\/wp\/v2\/media?parent=18817"}],"wp:term":[{"taxonomy":"product_brand","embeddable":true,"href":"https:\/\/www.techcloseoutlet.com\/index.php\/wp-json\/wp\/v2\/product_brand?post=18817"},{"taxonomy":"product_cat","embeddable":true,"href":"https:\/\/www.techcloseoutlet.com\/index.php\/wp-json\/wp\/v2\/product_cat?post=18817"},{"taxonomy":"product_tag","embeddable":true,"href":"https:\/\/www.techcloseoutlet.com\/index.php\/wp-json\/wp\/v2\/product_tag?post=18817"},{"taxonomy":"woo-feed-brand","embeddable":true,"href":"https:\/\/www.techcloseoutlet.com\/index.php\/wp-json\/wp\/v2\/woo-feed-brand?post=18817"}],"curies":[{"name":"wp","href":"https:\/\/api.w.org\/{rel}","templated":true}]}}