{"id":18662,"date":"2023-08-29T13:27:29","date_gmt":"2023-08-29T13:27:29","guid":{"rendered":"https:\/\/www.techcloseoutlet.com\/index.php\/product\/sennheiser-hd-4-30g-black-around-ear-headphones\/"},"modified":"2024-09-09T06:15:02","modified_gmt":"2024-09-09T06:15:02","slug":"sennheiser-hd-4-30g-black-around-ear-headphones","status":"publish","type":"product","link":"https:\/\/www.techcloseoutlet.com\/index.php\/product\/sennheiser-hd-4-30g-black-around-ear-headphones\/?lang=de","title":{"rendered":"Sennheiser HD 4.30G Schwarzer Around-Ear-Kopfh\u00f6rer"},"content":{"rendered":"<p>Das Sennheiser HD 4.30G Black ist ein geschlossenes Ohrb\u00fcgel-Headset, das f\u00fcr die Verwendung mit Android-Ger\u00e4ten optimiert ist. Es bietet au\u00dfergew\u00f6hnliche Leistung und ein hervorragendes Preis-Leistungs-Verh\u00e4ltnis und kombiniert den typischen Sennheiser-Sound mit einer 3-Tasten-Fernbedienung und einem Mikrofon am Kabel, das die Steuerung von Musik und Anrufen erm\u00f6glicht. Ein leichtes und dennoch robustes Design mit bequemen gepolsterten Ohrpolstern und einem klappbaren Kopfb\u00fcgel zur einfachen Aufbewahrung bei Nichtgebrauch. Das HD 4.30G Black eignet sich perfekt zum Musikh\u00f6ren und Telefonieren unterwegs!<\/p>\n<p>Das ultraleichte On-Ear-Design sorgt f\u00fcr au\u00dfergew\u00f6hnlichen Tragekomfort. Konnektivit\u00e4tstechnologie: Kabelgebunden<br \/>\nDas abnehmbare Kabel verf\u00fcgt \u00fcber eine integrierte 3-Tasten-Fernbedienung und ein Mikrofon, die die Anruf- und Musiksteuerung f\u00fcr Android-Ger\u00e4te erm\u00f6glichen<br \/>\nDer propriet\u00e4re 32-mm-18-Ohm-Wandler von Sennheiser bietet au\u00dfergew\u00f6hnliche Leistung bei der Verwendung mit tragbaren Audioger\u00e4ten, Tablets und Mobiltelefonen.<br \/>\nMit dem klappbaren Kopfb\u00fcgel kann der Kopfh\u00f6rer zusammengeklappt werden, um ihn bei Nichtgebrauch aufzubewahren.<\/p>\n","protected":false},"excerpt":{"rendered":"<p>Das Sennheiser HD 4.30G Black ist ein geschlossenes Ohrb\u00fcgel-Headset, das f\u00fcr die Verwendung mit Android-Ger\u00e4ten optimiert ist. Es bietet au\u00dfergew\u00f6hnliche Leistung und ein hervorragendes Preis-Leistungs-Verh\u00e4ltnis und kombiniert den typischen Sennheiser-Sound mit einer 3-Tasten-Fernbedienung und einem Mikrofon am Kabel, das die Steuerung von Musik und Anrufen erm\u00f6glicht. Ein leichtes und dennoch robustes Design mit bequemen gepolsterten Ohrpolstern und einem klappbaren Kopfb\u00fcgel zur einfachen Aufbewahrung bei Nichtgebrauch. Das HD 4.30G Black eignet sich perfekt zum Musikh\u00f6ren und Telefonieren unterwegs!<\/p>\n<p>Das ultraleichte On-Ear-Design sorgt f\u00fcr au\u00dfergew\u00f6hnlichen Tragekomfort. Konnektivit\u00e4tstechnologie: Kabelgebunden<br \/>\nDas abnehmbare Kabel verf\u00fcgt \u00fcber eine integrierte 3-Tasten-Fernbedienung und ein Mikrofon, die die Anruf- und Musiksteuerung f\u00fcr Android-Ger\u00e4te erm\u00f6glichen<br \/>\nDer propriet\u00e4re 32-mm-18-Ohm-Wandler von Sennheiser bietet au\u00dfergew\u00f6hnliche Leistung bei der Verwendung mit tragbaren Audioger\u00e4ten, Tablets und Mobiltelefonen.<br \/>\nMit dem klappbaren Kopfb\u00fcgel kann der Kopfh\u00f6rer zusammengeklappt werden, um ihn bei Nichtgebrauch aufzubewahren.<\/p>\n","protected":false},"featured_media":18645,"comment_status":"open","ping_status":"closed","template":"","meta":[],"product_brand":[],"product_cat":[],"product_tag":[],"woo-feed-brand":[],"class_list":{"0":"post-18662","1":"product","2":"type-product","3":"status-publish","4":"has-post-thumbnail","7":"entry","8":"has-media","10":"first","11":"instock","12":"sale","13":"taxable","14":"shipping-taxable","15":"purchasable","16":"product-type-simple","17":"has-product-nav","18":"col","19":"span_1_of_3","20":"owp-content-center","21":"owp-thumbs-layout-horizontal","22":"owp-btn-normal","23":"owp-tabs-layout-horizontal","24":"has-no-thumbnails"},"exclude_global_add_ons":[],"addons":[],"jetpack_sharing_enabled":true,"_links":{"self":[{"href":"https:\/\/www.techcloseoutlet.com\/index.php\/wp-json\/wp\/v2\/product\/18662","targetHints":{"allow":["GET"]}}],"collection":[{"href":"https:\/\/www.techcloseoutlet.com\/index.php\/wp-json\/wp\/v2\/product"}],"about":[{"href":"https:\/\/www.techcloseoutlet.com\/index.php\/wp-json\/wp\/v2\/types\/product"}],"replies":[{"embeddable":true,"href":"https:\/\/www.techcloseoutlet.com\/index.php\/wp-json\/wp\/v2\/comments?post=18662"}],"wp:featuredmedia":[{"embeddable":true,"href":"https:\/\/www.techcloseoutlet.com\/index.php\/wp-json\/wp\/v2\/media\/18645"}],"wp:attachment":[{"href":"https:\/\/www.techcloseoutlet.com\/index.php\/wp-json\/wp\/v2\/media?parent=18662"}],"wp:term":[{"taxonomy":"product_brand","embeddable":true,"href":"https:\/\/www.techcloseoutlet.com\/index.php\/wp-json\/wp\/v2\/product_brand?post=18662"},{"taxonomy":"product_cat","embeddable":true,"href":"https:\/\/www.techcloseoutlet.com\/index.php\/wp-json\/wp\/v2\/product_cat?post=18662"},{"taxonomy":"product_tag","embeddable":true,"href":"https:\/\/www.techcloseoutlet.com\/index.php\/wp-json\/wp\/v2\/product_tag?post=18662"},{"taxonomy":"woo-feed-brand","embeddable":true,"href":"https:\/\/www.techcloseoutlet.com\/index.php\/wp-json\/wp\/v2\/woo-feed-brand?post=18662"}],"curies":[{"name":"wp","href":"https:\/\/api.w.org\/{rel}","templated":true}]}}