{"id":18656,"date":"2023-06-23T08:50:31","date_gmt":"2023-06-23T08:50:31","guid":{"rendered":"https:\/\/www.techcloseoutlet.com\/index.php\/product\/sennheiser-cx-400-ii-precision-ear-canal-phones-with-bass-driven-stereo-sound-black\/"},"modified":"2024-09-09T06:17:13","modified_gmt":"2024-09-09T06:17:13","slug":"sennheiser-cx-400-ii-precision-ear-canal-phones-with-bass-driven-stereo-sound-black","status":"publish","type":"product","link":"https:\/\/www.techcloseoutlet.com\/index.php\/product\/sennheiser-cx-400-ii-precision-ear-canal-phones-with-bass-driven-stereo-sound-black\/?lang=de","title":{"rendered":"Sennheiser CX 400-II Pr\u00e4zisions-Ohrkanalh\u00f6rer mit bassbetontem Stereoklang (Schwarz)"},"content":{"rendered":"<p>Der Ohrkanalkopfh\u00f6rer Sennheiser CX 400-II Precision bietet eine nat\u00fcrliche dynamische Klangwiedergabe, bassbetonten Klang und eine hervorragende Schallunterdr\u00fcckung. Machen Sie sich bereit, Ihre Klangqualit\u00e4t dank der \u00fcberragenden Musikwiedergabe von Sennheiser zu verbessern. Dieser brillante Klang wird durch neodynamische Magnete erreicht, die pr\u00e4zise abgestimmt sind, um einen lebensechten, nat\u00fcrlichen Klang zu erzeugen. Um den L\u00e4rm der Au\u00dfenwelt auszublenden und ein brillantes Klangerlebnis zu gew\u00e4hrleisten, sind die CX400-II-Ohrh\u00f6rer mit Adaptern ausgestattet, die einen passgenauen Sitz erm\u00f6glichen. Sennheiser bietet drei verschiedene Gr\u00f6\u00dfen dieser Silikongel-Ohradapter an, um die perfekte Passform f\u00fcr Sie zu gew\u00e4hrleisten. F\u00fcr mehr Komfort und Komfort verf\u00fcgt der CX400-II \u00fcber einen am Kabel angebrachten Lautst\u00e4rkeregler. Und wenn das Kabel im Weg ist, k\u00f6nnen Sie mit der Kabelaufwicklung einfach und schnell \u201eaufr\u00e4umen\u201c und die Schmuckst\u00fccke in der mitgelieferten Tragetasche verstauen. Frequenzgang \u2013 17\u201322.000 Hz. Enth\u00e4lt \u2013 zwei Arten von Ohradaptern in drei verschiedenen Gr\u00f6\u00dfen (S\/M\/L) f\u00fcr eine individuelle Passform. Verschiedenes Zubeh\u00f6r im Lieferumfang enthalten \u2013 Kabelclip, Kabelaufwicklung und Tragetasche. Anschluss \u2013 Klinkenstecker 1\/8 (3,5). mm) Goldstecker, abgewinkelt. Kabell\u00e4nge \u2013 1,2 m. 2 Jahre Garantie<\/p>\n","protected":false},"excerpt":{"rendered":"<p>Der Ohrkanalkopfh\u00f6rer Sennheiser CX 400-II Precision bietet eine nat\u00fcrliche dynamische Klangwiedergabe, bassbetonten Klang und eine hervorragende Schallunterdr\u00fcckung. Machen Sie sich bereit, Ihre Klangqualit\u00e4t dank der \u00fcberragenden Musikwiedergabe von Sennheiser zu verbessern. Dieser brillante Klang wird durch neodynamische Magnete erreicht, die pr\u00e4zise abgestimmt sind, um einen lebensechten, nat\u00fcrlichen Klang zu erzeugen. Um den L\u00e4rm der Au\u00dfenwelt auszublenden und ein brillantes Klangerlebnis zu gew\u00e4hrleisten, sind die CX400-II-Ohrh\u00f6rer mit Adaptern ausgestattet, die einen passgenauen Sitz erm\u00f6glichen. Sennheiser bietet drei verschiedene Gr\u00f6\u00dfen dieser Silikongel-Ohradapter an, um die perfekte Passform f\u00fcr Sie zu gew\u00e4hrleisten. F\u00fcr mehr Komfort und Komfort verf\u00fcgt der CX400-II \u00fcber einen am Kabel angebrachten Lautst\u00e4rkeregler. Und wenn das Kabel im Weg ist, k\u00f6nnen Sie mit der Kabelaufwicklung einfach und schnell \u201eaufr\u00e4umen\u201c und die Schmuckst\u00fccke in der mitgelieferten Tragetasche verstauen. Frequenzgang \u2013 17\u201322.000 Hz. Enth\u00e4lt \u2013 zwei Arten von Ohradaptern in drei verschiedenen Gr\u00f6\u00dfen (S\/M\/L) f\u00fcr eine individuelle Passform. Verschiedenes Zubeh\u00f6r im Lieferumfang enthalten \u2013 Kabelclip, Kabelaufwicklung und Tragetasche. Anschluss \u2013 Klinkenstecker 1\/8 (3,5). mm) Goldstecker, abgewinkelt. Kabell\u00e4nge \u2013 1,2 m. 2 Jahre Garantie<\/p>\n","protected":false},"featured_media":17670,"comment_status":"open","ping_status":"closed","template":"","meta":[],"product_brand":[],"product_cat":[],"product_tag":[],"woo-feed-brand":[],"class_list":{"0":"post-18656","1":"product","2":"type-product","3":"status-publish","4":"has-post-thumbnail","7":"entry","8":"has-media","10":"first","11":"instock","12":"taxable","13":"shipping-taxable","14":"purchasable","15":"product-type-simple","16":"has-product-nav","17":"col","18":"span_1_of_3","19":"owp-content-center","20":"owp-thumbs-layout-horizontal","21":"owp-btn-normal","22":"owp-tabs-layout-horizontal","23":"has-no-thumbnails"},"exclude_global_add_ons":[],"addons":[],"jetpack_sharing_enabled":true,"_links":{"self":[{"href":"https:\/\/www.techcloseoutlet.com\/index.php\/wp-json\/wp\/v2\/product\/18656","targetHints":{"allow":["GET"]}}],"collection":[{"href":"https:\/\/www.techcloseoutlet.com\/index.php\/wp-json\/wp\/v2\/product"}],"about":[{"href":"https:\/\/www.techcloseoutlet.com\/index.php\/wp-json\/wp\/v2\/types\/product"}],"replies":[{"embeddable":true,"href":"https:\/\/www.techcloseoutlet.com\/index.php\/wp-json\/wp\/v2\/comments?post=18656"}],"wp:featuredmedia":[{"embeddable":true,"href":"https:\/\/www.techcloseoutlet.com\/index.php\/wp-json\/wp\/v2\/media\/17670"}],"wp:attachment":[{"href":"https:\/\/www.techcloseoutlet.com\/index.php\/wp-json\/wp\/v2\/media?parent=18656"}],"wp:term":[{"taxonomy":"product_brand","embeddable":true,"href":"https:\/\/www.techcloseoutlet.com\/index.php\/wp-json\/wp\/v2\/product_brand?post=18656"},{"taxonomy":"product_cat","embeddable":true,"href":"https:\/\/www.techcloseoutlet.com\/index.php\/wp-json\/wp\/v2\/product_cat?post=18656"},{"taxonomy":"product_tag","embeddable":true,"href":"https:\/\/www.techcloseoutlet.com\/index.php\/wp-json\/wp\/v2\/product_tag?post=18656"},{"taxonomy":"woo-feed-brand","embeddable":true,"href":"https:\/\/www.techcloseoutlet.com\/index.php\/wp-json\/wp\/v2\/woo-feed-brand?post=18656"}],"curies":[{"name":"wp","href":"https:\/\/api.w.org\/{rel}","templated":true}]}}