{"id":18654,"date":"2023-06-23T08:48:02","date_gmt":"2023-06-23T08:48:02","guid":{"rendered":"https:\/\/www.techcloseoutlet.com\/index.php\/product\/sennheiser-mx375-in-ear-headphones-earphones\/"},"modified":"2024-09-09T06:17:40","modified_gmt":"2024-09-09T06:17:40","slug":"sennheiser-mx375-in-ear-headphones-earphones","status":"publish","type":"product","link":"https:\/\/www.techcloseoutlet.com\/index.php\/product\/sennheiser-mx375-in-ear-headphones-earphones\/?lang=de","title":{"rendered":"Sennheiser MX375 In-Ear-Kopfh\u00f6rer"},"content":{"rendered":"<p>Ihre Suche nach stilvollen Kopfh\u00f6rern hat mit den MX 375-Kopfh\u00f6rern ein Ende. Ihre dynamischen Hochleistungstreiber liefern kraftvolle, dr\u00f6hnende B\u00e4sse, w\u00e4hrend ihr schlankes und ultraleichtes Design zu verbesserter Tragbarkeit und Stil beitr\u00e4gt. Diese Ohrh\u00f6rer sind ergonomisch f\u00fcr optimale Passform und Komfort konzipiert und bieten maximale Audioqualit\u00e4t bei minimaler Gr\u00f6\u00dfe. Entspannen Sie sich und genie\u00dfen Sie pures Audio-Eintauchen. Spezifikationen: Frequenzgang \u2013 18 bis 22.000 Hz Impedanz \u2013 32 Schalldruckpegel (SPL) \u2013 122 dB Klinkenstecker \u2013 3,5 mm abgewinkelt Kabell\u00e4nge \u2013 1,2 m symmetrisch Ohrkopplung \u2013 intraaural THD, Gesamtharmonische Verzerrung \u2013 &lt;1 %<\/p>\n","protected":false},"excerpt":{"rendered":"<p>Ihre Suche nach stilvollen Kopfh\u00f6rern hat mit den MX 375-Kopfh\u00f6rern ein Ende. Ihre dynamischen Hochleistungstreiber liefern kraftvolle, dr\u00f6hnende B\u00e4sse, w\u00e4hrend ihr schlankes und ultraleichtes Design zu verbesserter Tragbarkeit und Stil beitr\u00e4gt. Diese Ohrh\u00f6rer sind ergonomisch f\u00fcr optimale Passform und Komfort konzipiert und bieten maximale Audioqualit\u00e4t bei minimaler Gr\u00f6\u00dfe. Entspannen Sie sich und genie\u00dfen Sie pures Audio-Eintauchen. Spezifikationen: Frequenzgang \u2013 18 bis 22.000 Hz Impedanz \u2013 32 Schalldruckpegel (SPL) \u2013 122 dB Klinkenstecker \u2013 3,5 mm abgewinkelt Kabell\u00e4nge \u2013 1,2 m symmetrisch Ohrkopplung \u2013 intraaural THD, Gesamtharmonische Verzerrung \u2013 &lt;1 %<\/p>\n","protected":false},"featured_media":17674,"comment_status":"open","ping_status":"closed","template":"","meta":[],"product_brand":[],"product_cat":[],"product_tag":[],"woo-feed-brand":[],"class_list":{"0":"post-18654","1":"product","2":"type-product","3":"status-publish","4":"has-post-thumbnail","7":"entry","8":"has-media","10":"first","11":"instock","12":"taxable","13":"shipping-taxable","14":"purchasable","15":"product-type-simple","16":"has-product-nav","17":"col","18":"span_1_of_3","19":"owp-content-center","20":"owp-thumbs-layout-horizontal","21":"owp-btn-normal","22":"owp-tabs-layout-horizontal","23":"has-no-thumbnails"},"exclude_global_add_ons":[],"addons":[],"jetpack_sharing_enabled":true,"_links":{"self":[{"href":"https:\/\/www.techcloseoutlet.com\/index.php\/wp-json\/wp\/v2\/product\/18654","targetHints":{"allow":["GET"]}}],"collection":[{"href":"https:\/\/www.techcloseoutlet.com\/index.php\/wp-json\/wp\/v2\/product"}],"about":[{"href":"https:\/\/www.techcloseoutlet.com\/index.php\/wp-json\/wp\/v2\/types\/product"}],"replies":[{"embeddable":true,"href":"https:\/\/www.techcloseoutlet.com\/index.php\/wp-json\/wp\/v2\/comments?post=18654"}],"wp:featuredmedia":[{"embeddable":true,"href":"https:\/\/www.techcloseoutlet.com\/index.php\/wp-json\/wp\/v2\/media\/17674"}],"wp:attachment":[{"href":"https:\/\/www.techcloseoutlet.com\/index.php\/wp-json\/wp\/v2\/media?parent=18654"}],"wp:term":[{"taxonomy":"product_brand","embeddable":true,"href":"https:\/\/www.techcloseoutlet.com\/index.php\/wp-json\/wp\/v2\/product_brand?post=18654"},{"taxonomy":"product_cat","embeddable":true,"href":"https:\/\/www.techcloseoutlet.com\/index.php\/wp-json\/wp\/v2\/product_cat?post=18654"},{"taxonomy":"product_tag","embeddable":true,"href":"https:\/\/www.techcloseoutlet.com\/index.php\/wp-json\/wp\/v2\/product_tag?post=18654"},{"taxonomy":"woo-feed-brand","embeddable":true,"href":"https:\/\/www.techcloseoutlet.com\/index.php\/wp-json\/wp\/v2\/woo-feed-brand?post=18654"}],"curies":[{"name":"wp","href":"https:\/\/api.w.org\/{rel}","templated":true}]}}