{"id":18653,"date":"2023-06-23T08:46:40","date_gmt":"2023-06-23T08:46:40","guid":{"rendered":"https:\/\/www.techcloseoutlet.com\/index.php\/product\/sennheiser-hd-206-stereo-headphone\/"},"modified":"2024-09-09T06:17:51","modified_gmt":"2024-09-09T06:17:51","slug":"sennheiser-hd-206-stereo-headphone","status":"publish","type":"product","link":"https:\/\/www.techcloseoutlet.com\/index.php\/product\/sennheiser-hd-206-stereo-headphone\/?lang=de","title":{"rendered":"Sennheiser HD 206 Stereo-Kopfh\u00f6rer"},"content":{"rendered":"<p>Das geschlossene Design sorgt f\u00fcr passive Ger\u00e4uschisolierung und verhindert, dass der Ton bei Heimaufnahmen in benachbarte Mikrofone gelangt. Verbindungstechnologie: Kabelgebunden.<br \/>\nLeichtes und komfortables Design, ideal f\u00fcr langes H\u00f6ren, Studio- oder DJ-Sessions.<br \/>\nDie Impedanz von 24 Ohm sorgt f\u00fcr Kompatibilit\u00e4t mit Mobiltelefonen, Tablets, Computern, tragbaren Audioplayern und Studiorecordern.<br \/>\n1\/8-Zoll-Stecker (3,5 mm) mit 1\/4-Zoll-Adapter (6,3 mm) im Lieferumfang enthalten.<br \/>\nLiefert kraftvollen, bassbetonten Sound.<\/p>\n","protected":false},"excerpt":{"rendered":"<p>Das geschlossene Design sorgt f\u00fcr passive Ger\u00e4uschisolierung und verhindert, dass der Ton bei Heimaufnahmen in benachbarte Mikrofone gelangt. Verbindungstechnologie: Kabelgebunden.<br \/>\nLeichtes und komfortables Design, ideal f\u00fcr langes H\u00f6ren, Studio- oder DJ-Sessions.<br \/>\nDie Impedanz von 24 Ohm sorgt f\u00fcr Kompatibilit\u00e4t mit Mobiltelefonen, Tablets, Computern, tragbaren Audioplayern und Studiorecordern.<br \/>\n1\/8-Zoll-Stecker (3,5 mm) mit 1\/4-Zoll-Adapter (6,3 mm) im Lieferumfang enthalten.<br \/>\nLiefert kraftvollen, bassbetonten Sound.<\/p>\n","protected":false},"featured_media":17664,"comment_status":"open","ping_status":"closed","template":"","meta":[],"product_brand":[],"product_cat":[],"product_tag":[],"woo-feed-brand":[],"class_list":{"0":"post-18653","1":"product","2":"type-product","3":"status-publish","4":"has-post-thumbnail","7":"entry","8":"has-media","10":"first","11":"instock","12":"taxable","13":"shipping-taxable","14":"purchasable","15":"product-type-simple","16":"has-product-nav","17":"col","18":"span_1_of_3","19":"owp-content-center","20":"owp-thumbs-layout-horizontal","21":"owp-btn-normal","22":"owp-tabs-layout-horizontal","23":"has-no-thumbnails"},"exclude_global_add_ons":[],"addons":[],"jetpack_sharing_enabled":true,"_links":{"self":[{"href":"https:\/\/www.techcloseoutlet.com\/index.php\/wp-json\/wp\/v2\/product\/18653","targetHints":{"allow":["GET"]}}],"collection":[{"href":"https:\/\/www.techcloseoutlet.com\/index.php\/wp-json\/wp\/v2\/product"}],"about":[{"href":"https:\/\/www.techcloseoutlet.com\/index.php\/wp-json\/wp\/v2\/types\/product"}],"replies":[{"embeddable":true,"href":"https:\/\/www.techcloseoutlet.com\/index.php\/wp-json\/wp\/v2\/comments?post=18653"}],"wp:featuredmedia":[{"embeddable":true,"href":"https:\/\/www.techcloseoutlet.com\/index.php\/wp-json\/wp\/v2\/media\/17664"}],"wp:attachment":[{"href":"https:\/\/www.techcloseoutlet.com\/index.php\/wp-json\/wp\/v2\/media?parent=18653"}],"wp:term":[{"taxonomy":"product_brand","embeddable":true,"href":"https:\/\/www.techcloseoutlet.com\/index.php\/wp-json\/wp\/v2\/product_brand?post=18653"},{"taxonomy":"product_cat","embeddable":true,"href":"https:\/\/www.techcloseoutlet.com\/index.php\/wp-json\/wp\/v2\/product_cat?post=18653"},{"taxonomy":"product_tag","embeddable":true,"href":"https:\/\/www.techcloseoutlet.com\/index.php\/wp-json\/wp\/v2\/product_tag?post=18653"},{"taxonomy":"woo-feed-brand","embeddable":true,"href":"https:\/\/www.techcloseoutlet.com\/index.php\/wp-json\/wp\/v2\/woo-feed-brand?post=18653"}],"curies":[{"name":"wp","href":"https:\/\/api.w.org\/{rel}","templated":true}]}}