{"id":12103,"date":"2022-10-24T10:28:16","date_gmt":"2022-10-24T10:28:16","guid":{"rendered":"https:\/\/www.techcloseoutlet.com\/index.php\/product\/xbox-core-wireless-controller-electric-volt\/"},"modified":"2024-09-09T06:18:42","modified_gmt":"2024-09-09T06:18:42","slug":"xbox-core-wireless-controller-electric-volt","status":"publish","type":"product","link":"https:\/\/www.techcloseoutlet.com\/index.php\/product\/xbox-core-wireless-controller-electric-volt\/?lang=de","title":{"rendered":"Xbox Core Wireless Controller \u2013 Elektrisches Volt"},"content":{"rendered":"<p>Erleben Sie das modernisierte Design des Xbox Wireless Controllers in Electric Volt mit geformten Oberfl\u00e4chen und verfeinerter Geometrie f\u00fcr mehr Komfort und m\u00fchelose Steuerung w\u00e4hrend des Spiels bei einer Akkulaufzeit von bis zu 40 Stunden.<br \/>\nBleiben Sie mit dem Hybrid-D-Pad, dem strukturierten Griff an den Ausl\u00f6sern, den Sto\u00dff\u00e4ngern und der Geh\u00e4user\u00fcckseite am Ziel. Schlie\u00dfen Sie jedes kompatible Headset \u00fcber die 3,5-mm-Audio-Headset-Buchse an.<br \/>\nVerbinden Sie es \u00fcber den USB-C-Anschluss f\u00fcr direktes Plug-and-Play mit der Konsole oder dem PC. Auf der R\u00fcckseite ist eine Halterung f\u00fcr AA-Batterien enthalten.<br \/>\nErfassen und teilen Sie Inhalte nahtlos mit der Schaltfl\u00e4che \u201eTeilen\u201c.<br \/>\nVerwenden Sie Xbox Wireless oder Bluetooth, um auf Xbox Series X|S-, Xbox One- und Windows 10\/11-Ger\u00e4ten zu spielen.<br \/>\nKompatibel mit Xbox Series X|S-, Xbox One- und Windows 10\/11-Ger\u00e4ten.<\/p>\n<div id=\"USE_CHAT_GPT_AI_ROOT\" style=\"display: none; z-index: -1; position: absolute; top: -10000px; left: -10000px; width: 1px; height: 1px; overflow: hidden; opacity: 0; pointer-events: none;\">usechatgpt init success<\/div>\n","protected":false},"excerpt":{"rendered":"<p>Erleben Sie das modernisierte Design des Xbox Wireless Controllers in Electric Volt mit geformten Oberfl\u00e4chen und verfeinerter Geometrie f\u00fcr mehr Komfort und m\u00fchelose Steuerung w\u00e4hrend des Spiels bei einer Akkulaufzeit von bis zu 40 Stunden.<br \/>\nBleiben Sie mit dem Hybrid-D-Pad, dem strukturierten Griff an den Ausl\u00f6sern, den Sto\u00dff\u00e4ngern und der Geh\u00e4user\u00fcckseite am Ziel. Schlie\u00dfen Sie jedes kompatible Headset \u00fcber die 3,5-mm-Audio-Headset-Buchse an.<br \/>\nVerbinden Sie es \u00fcber den USB-C-Anschluss f\u00fcr direktes Plug-and-Play mit der Konsole oder dem PC. Auf der R\u00fcckseite ist eine Halterung f\u00fcr AA-Batterien enthalten.<br \/>\nErfassen und teilen Sie Inhalte nahtlos mit der Schaltfl\u00e4che \u201eTeilen\u201c.<br \/>\nVerwenden Sie Xbox Wireless oder Bluetooth, um auf Xbox Series X|S-, Xbox One- und Windows 10\/11-Ger\u00e4ten zu spielen.<br \/>\nKompatibel mit Xbox Series X|S-, Xbox One- und Windows 10\/11-Ger\u00e4ten.<\/p>\n<div id=\"USE_CHAT_GPT_AI_ROOT\" style=\"display: none; z-index: -1; position: absolute; top: -10000px; left: -10000px; width: 1px; height: 1px; overflow: hidden; opacity: 0; pointer-events: none;\">usechatgpt init success<\/div>\n","protected":false},"featured_media":12097,"comment_status":"open","ping_status":"closed","template":"","meta":[],"product_brand":[],"product_cat":[28],"product_tag":[],"woo-feed-brand":[],"class_list":{"0":"post-12103","1":"product","2":"type-product","3":"status-publish","4":"has-post-thumbnail","6":"product_cat-xbox-konsolen","8":"entry","9":"has-media","11":"first","12":"instock","13":"taxable","14":"shipping-taxable","15":"purchasable","16":"product-type-simple","17":"has-product-nav","18":"col","19":"span_1_of_3","20":"owp-content-center","21":"owp-thumbs-layout-horizontal","22":"owp-btn-normal","23":"owp-tabs-layout-horizontal","24":"has-no-thumbnails"},"exclude_global_add_ons":[],"addons":[],"jetpack_sharing_enabled":true,"_links":{"self":[{"href":"https:\/\/www.techcloseoutlet.com\/index.php\/wp-json\/wp\/v2\/product\/12103","targetHints":{"allow":["GET"]}}],"collection":[{"href":"https:\/\/www.techcloseoutlet.com\/index.php\/wp-json\/wp\/v2\/product"}],"about":[{"href":"https:\/\/www.techcloseoutlet.com\/index.php\/wp-json\/wp\/v2\/types\/product"}],"replies":[{"embeddable":true,"href":"https:\/\/www.techcloseoutlet.com\/index.php\/wp-json\/wp\/v2\/comments?post=12103"}],"wp:featuredmedia":[{"embeddable":true,"href":"https:\/\/www.techcloseoutlet.com\/index.php\/wp-json\/wp\/v2\/media\/12097"}],"wp:attachment":[{"href":"https:\/\/www.techcloseoutlet.com\/index.php\/wp-json\/wp\/v2\/media?parent=12103"}],"wp:term":[{"taxonomy":"product_brand","embeddable":true,"href":"https:\/\/www.techcloseoutlet.com\/index.php\/wp-json\/wp\/v2\/product_brand?post=12103"},{"taxonomy":"product_cat","embeddable":true,"href":"https:\/\/www.techcloseoutlet.com\/index.php\/wp-json\/wp\/v2\/product_cat?post=12103"},{"taxonomy":"product_tag","embeddable":true,"href":"https:\/\/www.techcloseoutlet.com\/index.php\/wp-json\/wp\/v2\/product_tag?post=12103"},{"taxonomy":"woo-feed-brand","embeddable":true,"href":"https:\/\/www.techcloseoutlet.com\/index.php\/wp-json\/wp\/v2\/woo-feed-brand?post=12103"}],"curies":[{"name":"wp","href":"https:\/\/api.w.org\/{rel}","templated":true}]}}