{"id":12102,"date":"2022-10-24T10:28:05","date_gmt":"2022-10-24T10:28:05","guid":{"rendered":"https:\/\/www.techcloseoutlet.com\/index.php\/product\/xbox-core-wireless-controller-pulse-red\/"},"modified":"2024-09-09T06:18:45","modified_gmt":"2024-09-09T06:18:45","slug":"xbox-core-wireless-controller-pulse-red","status":"publish","type":"product","link":"https:\/\/www.techcloseoutlet.com\/index.php\/product\/xbox-core-wireless-controller-pulse-red\/?lang=de","title":{"rendered":"Xbox Core Wireless Controller \u2013 Pulsrot"},"content":{"rendered":"<p>Erleben Sie das modernisierte Design des Xbox Wireless Controllers in Pulse Red mit geformten Oberfl\u00e4chen und raffinierter Geometrie f\u00fcr mehr Komfort w\u00e4hrend des Spiels mit einer Akkulaufzeit von bis zu 40 Stunden. Bleiben Sie am Ziel mit einem Hybrid-D-Pad und strukturiertem Griff an den Ausl\u00f6sern, Sto\u00dff\u00e4ngern und Hintergrund-Fall. Erfassen und teilen Sie Inhalte wie Screenshots, Aufzeichnungen und mehr nahtlos mit der dedizierten Share-Taste. Verbinden Sie sich \u00fcber den USB-C-Anschluss f\u00fcr direktes Plug-and-Play mit Konsole und PC. Unterst\u00fctzung f\u00fcr AA-Batterien ist auf der R\u00fcckseite enthalten. Verwenden Sie die Xbox Zubeh\u00f6r-App, um Tasten neu zuzuordnen und benutzerdefinierte Controller-Profile f\u00fcr Ihre Lieblingsspiele zu erstellen. Schlie\u00dfen Sie jedes kompatible Headset mit 3,5 mm an.<\/p>\n","protected":false},"excerpt":{"rendered":"<p>Erleben Sie das modernisierte Design des Xbox Wireless Controllers in Pulse Red mit geformten Oberfl\u00e4chen und raffinierter Geometrie f\u00fcr mehr Komfort w\u00e4hrend des Spiels mit einer Akkulaufzeit von bis zu 40 Stunden. Bleiben Sie am Ziel mit einem Hybrid-D-Pad und strukturiertem Griff an den Ausl\u00f6sern, Sto\u00dff\u00e4ngern und Hintergrund-Fall. Erfassen und teilen Sie Inhalte wie Screenshots, Aufzeichnungen und mehr nahtlos mit der dedizierten Share-Taste. Verbinden Sie sich \u00fcber den USB-C-Anschluss f\u00fcr direktes Plug-and-Play mit Konsole und PC. Unterst\u00fctzung f\u00fcr AA-Batterien ist auf der R\u00fcckseite enthalten. Verwenden Sie die Xbox Zubeh\u00f6r-App, um Tasten neu zuzuordnen und benutzerdefinierte Controller-Profile f\u00fcr Ihre Lieblingsspiele zu erstellen. Schlie\u00dfen Sie jedes kompatible Headset mit 3,5 mm an.<\/p>\n","protected":false},"featured_media":12099,"comment_status":"open","ping_status":"closed","template":"","meta":[],"product_brand":[],"product_cat":[28],"product_tag":[],"woo-feed-brand":[],"class_list":{"0":"post-12102","1":"product","2":"type-product","3":"status-publish","4":"has-post-thumbnail","6":"product_cat-xbox-konsolen","8":"entry","9":"has-media","11":"first","12":"instock","13":"taxable","14":"shipping-taxable","15":"purchasable","16":"product-type-simple","17":"has-product-nav","18":"col","19":"span_1_of_3","20":"owp-content-center","21":"owp-thumbs-layout-horizontal","22":"owp-btn-normal","23":"owp-tabs-layout-horizontal","24":"has-no-thumbnails"},"exclude_global_add_ons":[],"addons":[],"jetpack_sharing_enabled":true,"_links":{"self":[{"href":"https:\/\/www.techcloseoutlet.com\/index.php\/wp-json\/wp\/v2\/product\/12102","targetHints":{"allow":["GET"]}}],"collection":[{"href":"https:\/\/www.techcloseoutlet.com\/index.php\/wp-json\/wp\/v2\/product"}],"about":[{"href":"https:\/\/www.techcloseoutlet.com\/index.php\/wp-json\/wp\/v2\/types\/product"}],"replies":[{"embeddable":true,"href":"https:\/\/www.techcloseoutlet.com\/index.php\/wp-json\/wp\/v2\/comments?post=12102"}],"wp:featuredmedia":[{"embeddable":true,"href":"https:\/\/www.techcloseoutlet.com\/index.php\/wp-json\/wp\/v2\/media\/12099"}],"wp:attachment":[{"href":"https:\/\/www.techcloseoutlet.com\/index.php\/wp-json\/wp\/v2\/media?parent=12102"}],"wp:term":[{"taxonomy":"product_brand","embeddable":true,"href":"https:\/\/www.techcloseoutlet.com\/index.php\/wp-json\/wp\/v2\/product_brand?post=12102"},{"taxonomy":"product_cat","embeddable":true,"href":"https:\/\/www.techcloseoutlet.com\/index.php\/wp-json\/wp\/v2\/product_cat?post=12102"},{"taxonomy":"product_tag","embeddable":true,"href":"https:\/\/www.techcloseoutlet.com\/index.php\/wp-json\/wp\/v2\/product_tag?post=12102"},{"taxonomy":"woo-feed-brand","embeddable":true,"href":"https:\/\/www.techcloseoutlet.com\/index.php\/wp-json\/wp\/v2\/woo-feed-brand?post=12102"}],"curies":[{"name":"wp","href":"https:\/\/api.w.org\/{rel}","templated":true}]}}