{"id":11120,"date":"2021-11-20T15:17:46","date_gmt":"2021-11-20T15:17:46","guid":{"rendered":"https:\/\/www.techcloseoutlet.com\/index.php\/product\/xbox-wireless-controller-winter-forces-special-edition-bulk-packaging\/"},"modified":"2024-09-09T06:18:53","modified_gmt":"2024-09-09T06:18:53","slug":"xbox-wireless-controller-winter-forces-special-edition-bulk-packaging","status":"publish","type":"product","link":"https:\/\/www.techcloseoutlet.com\/index.php\/product\/xbox-wireless-controller-winter-forces-special-edition-bulk-packaging\/?lang=de","title":{"rendered":"Xbox Wireless Controller \u2013 Patrol Tech-Sonderausgabe (Gro\u00dfpackung)"},"content":{"rendered":"<p>\u00dcbernimm die Kontrolle \u00fcber deine Lieblingsabenteuer, l\u00f6se R\u00e4tsel und besiege epische Bosse mit Hilfe dieses Gamepads f\u00fcr PC, Xbox One, Xbox One S oder Xbox One X.<\/p>\n<p>Sp\u00fcren Sie die Action Ihrer Lieblingsspiele direkt in Ihren H\u00e4nden, da dieses Gamepad bei allen Treffern, Explosionen, Abst\u00fcrzen und anderen hochintensiven Momenten Ihrer Spiele ein intensives Vibrations-Feedback erzeugt<\/p>\n<p>Genie\u00dfen Sie die Freiheit des kabellosen Spielens mit Bluetooth-Technologie<\/p>\n<p>Batteriebetriebenes Design f\u00fcr verwicklungsfreien Betrieb mit leichter Konstruktion f\u00fcr Komfort bei lang andauernden Gaming-Sessions (2 AA-Batterien erforderlich)<\/p>\n<p>Offiziell lizenziert von Microsoft<\/p>\n<p>Kompatibel mit PC, Xbox One, Xbox One S und Xbox One X<\/p>\n","protected":false},"excerpt":{"rendered":"<p>\u00dcbernimm die Kontrolle \u00fcber deine Lieblingsabenteuer, l\u00f6se R\u00e4tsel und besiege epische Bosse mit Hilfe dieses Gamepads f\u00fcr PC, Xbox One, Xbox One S oder Xbox One X.<\/p>\n<p>Sp\u00fcren Sie die Action Ihrer Lieblingsspiele direkt in Ihren H\u00e4nden, da dieses Gamepad bei allen Treffern, Explosionen, Abst\u00fcrzen und anderen hochintensiven Momenten Ihrer Spiele ein intensives Vibrations-Feedback erzeugt<\/p>\n<p>Genie\u00dfen Sie die Freiheit des kabellosen Spielens mit Bluetooth-Technologie<\/p>\n<p>Batteriebetriebenes Design f\u00fcr verwicklungsfreien Betrieb mit leichter Konstruktion f\u00fcr Komfort bei lang andauernden Gaming-Sessions (2 AA-Batterien erforderlich)<\/p>\n<p>Offiziell lizenziert von Microsoft<\/p>\n<p>Kompatibel mit PC, Xbox One, Xbox One S und Xbox One X<\/p>\n","protected":false},"featured_media":11877,"comment_status":"open","ping_status":"closed","template":"","meta":[],"product_brand":[],"product_cat":[28],"product_tag":[],"woo-feed-brand":[],"class_list":{"0":"post-11120","1":"product","2":"type-product","3":"status-publish","4":"has-post-thumbnail","6":"product_cat-xbox-konsolen","8":"entry","9":"has-media","11":"first","12":"instock","13":"taxable","14":"shipping-taxable","15":"purchasable","16":"product-type-simple","17":"has-product-nav","18":"col","19":"span_1_of_3","20":"owp-content-center","21":"owp-thumbs-layout-horizontal","22":"owp-btn-normal","23":"owp-tabs-layout-horizontal","24":"has-no-thumbnails"},"exclude_global_add_ons":[],"addons":[],"jetpack_sharing_enabled":true,"_links":{"self":[{"href":"https:\/\/www.techcloseoutlet.com\/index.php\/wp-json\/wp\/v2\/product\/11120","targetHints":{"allow":["GET"]}}],"collection":[{"href":"https:\/\/www.techcloseoutlet.com\/index.php\/wp-json\/wp\/v2\/product"}],"about":[{"href":"https:\/\/www.techcloseoutlet.com\/index.php\/wp-json\/wp\/v2\/types\/product"}],"replies":[{"embeddable":true,"href":"https:\/\/www.techcloseoutlet.com\/index.php\/wp-json\/wp\/v2\/comments?post=11120"}],"wp:featuredmedia":[{"embeddable":true,"href":"https:\/\/www.techcloseoutlet.com\/index.php\/wp-json\/wp\/v2\/media\/11877"}],"wp:attachment":[{"href":"https:\/\/www.techcloseoutlet.com\/index.php\/wp-json\/wp\/v2\/media?parent=11120"}],"wp:term":[{"taxonomy":"product_brand","embeddable":true,"href":"https:\/\/www.techcloseoutlet.com\/index.php\/wp-json\/wp\/v2\/product_brand?post=11120"},{"taxonomy":"product_cat","embeddable":true,"href":"https:\/\/www.techcloseoutlet.com\/index.php\/wp-json\/wp\/v2\/product_cat?post=11120"},{"taxonomy":"product_tag","embeddable":true,"href":"https:\/\/www.techcloseoutlet.com\/index.php\/wp-json\/wp\/v2\/product_tag?post=11120"},{"taxonomy":"woo-feed-brand","embeddable":true,"href":"https:\/\/www.techcloseoutlet.com\/index.php\/wp-json\/wp\/v2\/woo-feed-brand?post=11120"}],"curies":[{"name":"wp","href":"https:\/\/api.w.org\/{rel}","templated":true}]}}