{"id":11119,"date":"2021-11-20T15:10:18","date_gmt":"2021-11-20T15:10:18","guid":{"rendered":"https:\/\/www.techcloseoutlet.com\/index.php\/product\/microsoft-xbox-one-gray-and-blue-wireless-controller-bulk-packaging\/"},"modified":"2024-09-09T06:19:00","modified_gmt":"2024-09-09T06:19:00","slug":"microsoft-xbox-one-gray-and-blue-wireless-controller-bulk-packaging","status":"publish","type":"product","link":"https:\/\/www.techcloseoutlet.com\/index.php\/product\/microsoft-xbox-one-gray-and-blue-wireless-controller-bulk-packaging\/?lang=de","title":{"rendered":"Microsoft Xbox One Grauer und Blauer Wireless Controller (Gro\u00dfverpackung)"},"content":{"rendered":"<p>Verleihen Sie Ihrem Spiel mit diesem einzigartigen drahtlosen Xbox One-Controller ein wenig Stil. Der Controller tauscht die traditionellen wei\u00dfen und schwarzen Motive gegen ein auff\u00e4lliges Grau und Blau. Das Gesicht ist mit Farbakzenten gespickt, wie das blaue Bett f\u00fcr die Thumbsticks und die Farbcodierung, die die soliden grauen X-, Y-, A- und B-Tasten begleitet. Ein helleres Grau wird f\u00fcr die Trigger- und Sto\u00dfstangenkn\u00f6pfe verwendet und die R\u00fcckseite wird mit Cyanblau akzentuiert. Der Controller wird von Microsoft ver\u00f6ffentlicht und verbindet sich nahtlos mit der Xbox One und den moisten PCs.<\/p>\n","protected":false},"excerpt":{"rendered":"<p>Verleihen Sie Ihrem Spiel mit diesem einzigartigen drahtlosen Xbox One-Controller ein wenig Stil. Der Controller tauscht die traditionellen wei\u00dfen und schwarzen Motive gegen ein auff\u00e4lliges Grau und Blau. Das Gesicht ist mit Farbakzenten gespickt, wie das blaue Bett f\u00fcr die Thumbsticks und die Farbcodierung, die die soliden grauen X-, Y-, A- und B-Tasten begleitet. Ein helleres Grau wird f\u00fcr die Trigger- und Sto\u00dfstangenkn\u00f6pfe verwendet und die R\u00fcckseite wird mit Cyanblau akzentuiert. Der Controller wird von Microsoft ver\u00f6ffentlicht und verbindet sich nahtlos mit der Xbox One und den meisten PCs.<\/p>\n","protected":false},"featured_media":2870,"comment_status":"open","ping_status":"closed","template":"","meta":[],"product_brand":[],"product_cat":[28],"product_tag":[],"woo-feed-brand":[],"class_list":{"0":"post-11119","1":"product","2":"type-product","3":"status-publish","4":"has-post-thumbnail","6":"product_cat-xbox-konsolen","8":"entry","9":"has-media","11":"first","12":"instock","13":"taxable","14":"shipping-taxable","15":"purchasable","16":"product-type-simple","17":"has-product-nav","18":"col","19":"span_1_of_3","20":"owp-content-center","21":"owp-thumbs-layout-horizontal","22":"owp-btn-normal","23":"owp-tabs-layout-horizontal","24":"has-no-thumbnails"},"exclude_global_add_ons":[],"addons":[],"jetpack_sharing_enabled":true,"_links":{"self":[{"href":"https:\/\/www.techcloseoutlet.com\/index.php\/wp-json\/wp\/v2\/product\/11119","targetHints":{"allow":["GET"]}}],"collection":[{"href":"https:\/\/www.techcloseoutlet.com\/index.php\/wp-json\/wp\/v2\/product"}],"about":[{"href":"https:\/\/www.techcloseoutlet.com\/index.php\/wp-json\/wp\/v2\/types\/product"}],"replies":[{"embeddable":true,"href":"https:\/\/www.techcloseoutlet.com\/index.php\/wp-json\/wp\/v2\/comments?post=11119"}],"wp:featuredmedia":[{"embeddable":true,"href":"https:\/\/www.techcloseoutlet.com\/index.php\/wp-json\/wp\/v2\/media\/2870"}],"wp:attachment":[{"href":"https:\/\/www.techcloseoutlet.com\/index.php\/wp-json\/wp\/v2\/media?parent=11119"}],"wp:term":[{"taxonomy":"product_brand","embeddable":true,"href":"https:\/\/www.techcloseoutlet.com\/index.php\/wp-json\/wp\/v2\/product_brand?post=11119"},{"taxonomy":"product_cat","embeddable":true,"href":"https:\/\/www.techcloseoutlet.com\/index.php\/wp-json\/wp\/v2\/product_cat?post=11119"},{"taxonomy":"product_tag","embeddable":true,"href":"https:\/\/www.techcloseoutlet.com\/index.php\/wp-json\/wp\/v2\/product_tag?post=11119"},{"taxonomy":"woo-feed-brand","embeddable":true,"href":"https:\/\/www.techcloseoutlet.com\/index.php\/wp-json\/wp\/v2\/woo-feed-brand?post=11119"}],"curies":[{"name":"wp","href":"https:\/\/api.w.org\/{rel}","templated":true}]}}