{"id":1104,"date":"2021-04-06T01:24:02","date_gmt":"2021-04-06T01:24:02","guid":{"rendered":"https:\/\/www.techcloseoutlet.com\/index.php\/product\/xbox-wireless-controller-grey-green-bulk-packaging\/"},"modified":"2024-09-09T06:19:31","modified_gmt":"2024-09-09T06:19:31","slug":"xbox-wireless-controller-grey-green-bulk-packaging","status":"publish","type":"product","link":"https:\/\/www.techcloseoutlet.com\/index.php\/product\/xbox-wireless-controller-grey-green-bulk-packaging\/?lang=de","title":{"rendered":"Xbox Wireless Controller &#8211; Grau \/ Gr\u00fcn (Massenverpackung)"},"content":{"rendered":"<p>Erleben Sie den verbesserten Komfort und das Gef\u00fchl des Xbox Wireless-Controllers mit hellgrauem Design mit gr\u00fcnen Akzenten und strukturiertem Griff. Genie\u00dfen Sie die benutzerdefinierte Tastenbelegung und die doppelte Reichweite. Schlie\u00dfen Sie jedes kompatible Headset an die 3,5-mm-Stereo-Headset-Buchse an. Und mit der Bluetooth-Technologie k\u00f6nnen Sie Ihre Lieblingsspiele auf Windows 10-PCs und -Tablets spielen.<\/p>\n","protected":false},"excerpt":{"rendered":"<p>Erleben Sie den verbesserten Komfort und das Gef\u00fchl des Xbox Wireless-Controllers mit hellgrauem Design mit gr\u00fcnen Akzenten und strukturiertem Griff. Genie\u00dfen Sie die benutzerdefinierte Tastenbelegung und die doppelte Reichweite. Schlie\u00dfen Sie jedes kompatible Headset an die 3,5-mm-Stereo-Headset-Buchse an. Und mit der Bluetooth-Technologie k\u00f6nnen Sie Ihre Lieblingsspiele auf Windows 10-PCs und -Tablets spielen.<\/p>\n","protected":false},"featured_media":4583,"comment_status":"open","ping_status":"closed","template":"","meta":[],"product_brand":[],"product_cat":[28],"product_tag":[],"woo-feed-brand":[],"class_list":{"0":"post-1104","1":"product","2":"type-product","3":"status-publish","4":"has-post-thumbnail","6":"product_cat-xbox-konsolen","8":"entry","9":"has-media","11":"first","12":"instock","13":"taxable","14":"shipping-taxable","15":"purchasable","16":"product-type-simple","17":"has-product-nav","18":"col","19":"span_1_of_3","20":"owp-content-center","21":"owp-thumbs-layout-horizontal","22":"owp-btn-normal","23":"owp-tabs-layout-horizontal","24":"has-no-thumbnails"},"exclude_global_add_ons":[],"addons":[],"jetpack_sharing_enabled":true,"_links":{"self":[{"href":"https:\/\/www.techcloseoutlet.com\/index.php\/wp-json\/wp\/v2\/product\/1104","targetHints":{"allow":["GET"]}}],"collection":[{"href":"https:\/\/www.techcloseoutlet.com\/index.php\/wp-json\/wp\/v2\/product"}],"about":[{"href":"https:\/\/www.techcloseoutlet.com\/index.php\/wp-json\/wp\/v2\/types\/product"}],"replies":[{"embeddable":true,"href":"https:\/\/www.techcloseoutlet.com\/index.php\/wp-json\/wp\/v2\/comments?post=1104"}],"wp:featuredmedia":[{"embeddable":true,"href":"https:\/\/www.techcloseoutlet.com\/index.php\/wp-json\/wp\/v2\/media\/4583"}],"wp:attachment":[{"href":"https:\/\/www.techcloseoutlet.com\/index.php\/wp-json\/wp\/v2\/media?parent=1104"}],"wp:term":[{"taxonomy":"product_brand","embeddable":true,"href":"https:\/\/www.techcloseoutlet.com\/index.php\/wp-json\/wp\/v2\/product_brand?post=1104"},{"taxonomy":"product_cat","embeddable":true,"href":"https:\/\/www.techcloseoutlet.com\/index.php\/wp-json\/wp\/v2\/product_cat?post=1104"},{"taxonomy":"product_tag","embeddable":true,"href":"https:\/\/www.techcloseoutlet.com\/index.php\/wp-json\/wp\/v2\/product_tag?post=1104"},{"taxonomy":"woo-feed-brand","embeddable":true,"href":"https:\/\/www.techcloseoutlet.com\/index.php\/wp-json\/wp\/v2\/woo-feed-brand?post=1104"}],"curies":[{"name":"wp","href":"https:\/\/api.w.org\/{rel}","templated":true}]}}