{"id":793,"date":"2021-03-04T06:45:01","date_gmt":"2021-03-04T06:45:01","guid":{"rendered":"https:\/\/www.techcloseoutlet.com\/?page_id=793"},"modified":"2021-03-04T06:45:10","modified_gmt":"2021-03-04T06:45:10","slug":"geschaeftsbedingungen","status":"publish","type":"page","link":"https:\/\/www.techcloseoutlet.com\/index.php\/geschaeftsbedingungen\/?lang=de","title":{"rendered":"Gesch\u00e4ftsbedingungen"},"content":{"rendered":"<p>Haftungsausschluss f\u00fcr Copyright-Informationen<br>Alle auf der Tech Close Outs-Website enthaltenen Inhalte, einschlie\u00dflich Logos, Grafiken, Fotos und Text, sind Eigentum von Tech Close Outs und \/ oder seinen Lieferanten und sind durch US-amerikanische Urheberrechtsgesetze gesch\u00fctzt. Die gesamte auf dieser Website verwendete Software ist Eigentum von Tech Close Outs und seinen Lieferanten. Jegliche Vervielf\u00e4ltigung, \u00c4nderung, Verbreitung, Wiederver\u00f6ffentlichung oder Anzeige von Inhalten ist strengstens untersagt. Au\u00dfer im Zusammenhang mit dem Einkaufen oder der Bestellung d\u00fcrfen die Inhalte ohne vorherige schriftliche Genehmigung nicht kopiert, reproduziert, verteilt, erneut ver\u00f6ffentlicht, heruntergeladen, angezeigt, elektronisch oder mechanisch ver\u00f6ffentlicht, \u00fcbertragen, aufgezeichnet, gespiegelt, fotokopiert, reproduziert oder gerahmt werden Erlaubnis von Tech Close Outs. Jede erteilte Erlaubnis wird automatisch beendet, wenn gegen die Bestimmungen oder Bedingungen dieser Website versto\u00dfen wird.<\/p><p>Website-Fehler<br>Tech Close Outs unternimmt alle Anstrengungen, um sicherzustellen, dass die Informationen auf techcloseoutlet.com korrekt, vollst\u00e4ndig und aktuell sind. Trotz unserer Bem\u00fchungen kann es F\u00e4lle geben, in denen Informationen zu einem Produkt ungenaue oder unvollst\u00e4ndige Daten enthalten, einschlie\u00dflich Daten zum Preis oder zur Verf\u00fcgbarkeit des Produkts. Tech Close Outs \u00fcbernimmt keine Garantie oder Gew\u00e4hrleistung daf\u00fcr, dass die Informationen auf techcloseoutlet.com fehlerfrei, vollst\u00e4ndig oder aktuell sind. Wir behalten uns das Recht vor, Fehler zu korrigieren und \/ oder den Inhalt auf techcloseoutlet.com jederzeit ohne vorherige Ank\u00fcndigung zu aktualisieren. Tech Close Outs beh\u00e4lt sich au\u00dferdem das Recht vor, Bestellungen mit Fehlern oder Ungenauigkeiten abzulehnen oder zu stornieren, auch nachdem die Bestellung abgeschickt wurde, unabh\u00e4ngig davon, ob die Bestellung best\u00e4tigt und Ihre Kreditkarte belastet wurde oder nicht. Wenn Ihre Bestellung storniert wird, nachdem Ihre Kreditkarte belastet wurde, wird Ihrer Kreditkarte eine Gutschrift in H\u00f6he der Belastung ausgestellt. Wenn das Produkt als &#8220;auf Lager&#8221; gekennzeichnet und nicht verf\u00fcgbar ist, werden Sie innerhalb von 48 Stunden benachrichtigt.<\/p><p>Preisfehler bei verbundenen Websites<br>Tech Close Outs unterh\u00e4lt Beziehungen zu Tausenden anderer Websites im Internet, die f\u00fcr das Unternehmen und seine Produkte werben. Tech Close Outs bem\u00fcht sich, sicherzustellen, dass die Preis- und Verf\u00fcgbarkeitsinformationen auf diesen Websites korrekt, vollst\u00e4ndig und aktuell sind. Trotz unserer Bem\u00fchungen kann es F\u00e4lle geben, in denen Informationen zu einem Produkt ungenaue oder unvollst\u00e4ndige Daten enthalten, einschlie\u00dflich Daten zum Preis oder zur Verf\u00fcgbarkeit des Produkts. Tech Close Outs \u00fcbernimmt keine Garantie oder Gew\u00e4hrleistung daf\u00fcr, dass die Informationen auf diesen Websites fehlerfrei, vollst\u00e4ndig und \/ oder aktuell sind.<\/p><p>Kreditkartengeb\u00fchren<br>Tech Close Outs verwendet derzeit VeriSign, das als eines der weltweit f\u00fchrenden Unternehmen f\u00fcr sichere E-Commerce-Zahlungstechnologien und -dienste anerkannt ist. Ihre Kreditkarte wird belastet, wenn Ihre Bestellung abgeschlossen ist. Wenn Ihr Artikel nachbestellt ist, k\u00f6nnen Sie die Stornierung der Geb\u00fchren bis zum Versand des Pakets beantragen, indem Sie sich an unsere Kundendienstabteilung unter der Nummer 804-500-1120 wenden.<\/p><p>Rabatt-Haftungsausschluss<br>Die meisten Rabatte auf der Website werden von unseren Herstellern angeboten. Diese Rabatt- und Couponangebote unterliegen den vom Hersteller angegebenen Bedingungen. Diese Bedingungen umfassen den Zeitrahmen des Angebots, Mengenbeschr\u00e4nkungen und die Kombination mit anderen Angeboten. F\u00fcr die Einl\u00f6sung von Rabatten durch den Hersteller oder den Vertreter des Herstellers sind normalerweise ein Kaufnachweis und UPC-Codes aus der Originalverpackung erforderlich.<\/p><p>Einschr\u00e4nkungen und Ausschl\u00fcsse<br>Online-Verk\u00e4ufe sind nur f\u00fcr den pers\u00f6nlichen Gebrauch und f\u00fcr Inlandsverk\u00e4ufe bestimmt und darauf beschr\u00e4nkt. Wir behalten uns das Recht vor, die Anzahl der verkauften Produkte zu begrenzen, einschlie\u00dflich des Rechts, den Verkauf an Wiederverk\u00e4ufer zu verbieten. Wir lehnen jede Verantwortung f\u00fcr die Richtigkeit der auf unserer Website dargestellten Karten oder Richtungen ab. Wir versenden nicht an ausl\u00e4ndische Standorte. Garantien f\u00fcr Produkte, die exportiert werden, sind nichtig.<\/p><p>Copyright 1997-2021, Tech Close Outs, Inc.<br>Alle Rechte vorbehalten.<\/p>","protected":false},"excerpt":{"rendered":"<p>Haftungsausschluss f\u00fcr Copyright-InformationenAlle auf der Tech Close Outs-Website enthaltenen Inhalte, einschlie\u00dflich Logos, Grafiken, Fotos und Text, sind Eigentum von Tech Close Outs und \/ oder seinen Lieferanten und sind durch US-amerikanische Urheberrechtsgesetze gesch\u00fctzt. Die gesamte auf dieser Website verwendete Software ist Eigentum von Tech Close Outs und seinen Lieferanten. Jegliche Vervielf\u00e4ltigung, \u00c4nderung, Verbreitung, Wiederver\u00f6ffentlichung oder [&hellip;]<\/p>\n","protected":false},"author":1,"featured_media":0,"parent":0,"menu_order":0,"comment_status":"closed","ping_status":"open","template":"","meta":{"footnotes":""},"class_list":["post-793","page","type-page","status-publish","hentry","entry","owp-thumbs-layout-horizontal","owp-btn-normal","owp-tabs-layout-horizontal","has-no-thumbnails","has-product-nav"],"jetpack_sharing_enabled":true,"_links":{"self":[{"href":"https:\/\/www.techcloseoutlet.com\/index.php\/wp-json\/wp\/v2\/pages\/793","targetHints":{"allow":["GET"]}}],"collection":[{"href":"https:\/\/www.techcloseoutlet.com\/index.php\/wp-json\/wp\/v2\/pages"}],"about":[{"href":"https:\/\/www.techcloseoutlet.com\/index.php\/wp-json\/wp\/v2\/types\/page"}],"author":[{"embeddable":true,"href":"https:\/\/www.techcloseoutlet.com\/index.php\/wp-json\/wp\/v2\/users\/1"}],"replies":[{"embeddable":true,"href":"https:\/\/www.techcloseoutlet.com\/index.php\/wp-json\/wp\/v2\/comments?post=793"}],"version-history":[{"count":1,"href":"https:\/\/www.techcloseoutlet.com\/index.php\/wp-json\/wp\/v2\/pages\/793\/revisions"}],"predecessor-version":[{"id":795,"href":"https:\/\/www.techcloseoutlet.com\/index.php\/wp-json\/wp\/v2\/pages\/793\/revisions\/795"}],"wp:attachment":[{"href":"https:\/\/www.techcloseoutlet.com\/index.php\/wp-json\/wp\/v2\/media?parent=793"}],"curies":[{"name":"wp","href":"https:\/\/api.w.org\/{rel}","templated":true}]}}